{"id":438,"date":"2024-01-22T22:59:36","date_gmt":"2024-01-22T22:59:36","guid":{"rendered":"https:\/\/anveran-com.local\/new-build\/"},"modified":"2024-05-07T07:49:51","modified_gmt":"2024-05-07T07:49:51","slug":"new-build","status":"publish","type":"page","link":"https:\/\/anveran.com\/de\/new-build\/","title":{"rendered":"Neue Geb\u00e4ude &#8211; Archiv &#8211; DE"},"content":{"rendered":"<h2>Neubau-Immobilien zum Verkauf in Spanien<\/h2>\n<p>ANVERAN hat mit gro\u00dfer Sorgfalt eine au\u00dfergew\u00f6hnliche Sammlung von Neubauempfehlungen zusammengestellt, die auf diejenigen zugeschnitten sind, die auf der Suche nach den besten Lebensr\u00e4umen sind. Unser Ziel ist es, Ihnen die Suche nach dem perfekten Haus zu erleichtern, das nicht nur Ihren h\u00f6chsten Anspr\u00fcchen gen\u00fcgt, sondern diese sogar noch \u00fcbertrifft.<\/p>\n<p>In einem so vielf\u00e4ltigen und dynamischen Markt wie dem des Neubaus kann die Auswahl der Optionen \u00fcberw\u00e4ltigend sein. An dieser Stelle kommt ANVERAN ins Spiel. Dank unseres Fachwissens und unseres tiefen Verst\u00e4ndnisses f\u00fcr die Feinheiten des Marktes k\u00f6nnen wir eine Auswahl von Immobilien zusammenstellen, die sich durch ihre Qualit\u00e4t, Lage und einzigartigen Merkmale auszeichnen. Wir glauben, dass die Suche nach Ihrem idealen Zuhause mehr als nur eine Transaktion sein sollte; es geht darum, eine Zukunft zu schaffen, die mit Ihren W\u00fcnschen und Ihrem Lebensstil \u00fcbereinstimmt.<\/p>\n<p>Nutzen Sie unsere Unterst\u00fctzung, um die Komplexit\u00e4t und den L\u00e4rm des Immobilienmarktes zu durchbrechen. Ganz gleich, ob Sie eine moderne Stadtwohnung mit allen Annehmlichkeiten des Stadtlebens oder einen ruhigen R\u00fcckzugsort inmitten der Natur suchen, die Empfehlungen von ANVERAN helfen Ihnen, die beste Wahl zu treffen. Unser engagiertes Team steht Ihnen mit Rat und Tat zur Seite, um Ihre Vorlieben zu verstehen und Ihnen Einblicke in die neuesten Entwicklungen und Trends zu geben.<\/p>\n<p>Die Entscheidung f\u00fcr ein neues Zuhause ist ein bedeutender Schritt, und mit ANVERAN treffen Sie nicht nur eine Wahl, sondern begeben sich auf eine Reise in eine vielversprechende Zukunft mit gro\u00dfem Potenzial. Lassen Sie uns Ihnen helfen, die besten Neubauten zu entdecken, die mehr sind als nur ein Ort zum Leben &#8211; sie sind ein Ort zum Gedeihen.<\/p>\n","protected":false},"excerpt":{"rendered":"<p>Neubau-Immobilien zum Verkauf in Spanien ANVERAN hat mit gro\u00dfer Sorgfalt eine au\u00dfergew\u00f6hnliche Sammlung von Neubauempfehlungen zusammengestellt, die auf diejenigen zugeschnitten sind, die auf der Suche nach den besten Lebensr\u00e4umen sind. Unser Ziel ist es, Ihnen die Suche nach dem perfekten Haus zu erleichtern, das nicht nur Ihren h\u00f6chsten Anspr\u00fcchen gen\u00fcgt, sondern diese sogar noch \u00fcbertrifft. [&hellip;]<\/p>\n","protected":false},"author":1,"featured_media":0,"parent":0,"menu_order":0,"comment_status":"closed","ping_status":"closed","template":"page-catalog.php","meta":{"_acf_changed":false,"inline_featured_image":false,"footnotes":"","_wp_rev_ctl_limit":""},"acf":[],"yoast_head":"<!-- This site is optimized with the Yoast SEO plugin v22.7 - https:\/\/yoast.com\/wordpress\/plugins\/seo\/ -->\n<title>Neue Immobilien in Spanien, kaufen Sie Immobilien mit ANVERAN<\/title>\n<meta name=\"description\" content=\"Finden Sie Ihr neues Zuhause mit ANVERAN. Entdecken Sie unsere Empfehlungen, um mehr \u00fcber Ihre n\u00e4chste Traumimmobilie zu erfahren.\" \/>\n<meta name=\"robots\" content=\"index, follow, max-snippet:-1, max-image-preview:large, max-video-preview:-1\" \/>\n<link rel=\"canonical\" href=\"https:\/\/anveran.com\/de\/new-build\/\" \/>\n<meta property=\"og:locale\" content=\"de_DE\" \/>\n<meta property=\"og:type\" content=\"article\" \/>\n<meta property=\"og:title\" content=\"Neue Immobilien in Spanien, kaufen Sie Immobilien mit ANVERAN\" \/>\n<meta property=\"og:description\" content=\"Finden Sie Ihr neues Zuhause mit ANVERAN. Entdecken Sie unsere Empfehlungen, um mehr \u00fcber Ihre n\u00e4chste Traumimmobilie zu erfahren.\" \/>\n<meta property=\"og:url\" content=\"https:\/\/anveran.com\/de\/new-build\/\" \/>\n<meta property=\"og:site_name\" content=\"ANVERAN Real Estate\" \/>\n<meta property=\"article:modified_time\" content=\"2024-05-07T07:49:51+00:00\" \/>\n<meta name=\"twitter:card\" content=\"summary_large_image\" \/>\n<meta name=\"twitter:label1\" content=\"Gesch\u00e4tzte Lesezeit\" \/>\n\t<meta name=\"twitter:data1\" content=\"2\u00a0Minuten\" \/>\n<script type=\"application\/ld+json\" class=\"yoast-schema-graph\">{\"@context\":\"https:\/\/schema.org\",\"@graph\":[{\"@type\":\"WebPage\",\"@id\":\"https:\/\/anveran.com\/de\/new-build\/\",\"url\":\"https:\/\/anveran.com\/de\/new-build\/\",\"name\":\"Neue Immobilien in Spanien, kaufen Sie Immobilien mit ANVERAN\",\"isPartOf\":{\"@id\":\"https:\/\/anveran.com\/#website\"},\"datePublished\":\"2024-01-22T22:59:36+00:00\",\"dateModified\":\"2024-05-07T07:49:51+00:00\",\"description\":\"Finden Sie Ihr neues Zuhause mit ANVERAN. Entdecken Sie unsere Empfehlungen, um mehr \u00fcber Ihre n\u00e4chste Traumimmobilie zu erfahren.\",\"breadcrumb\":{\"@id\":\"https:\/\/anveran.com\/de\/new-build\/#breadcrumb\"},\"inLanguage\":\"de\",\"potentialAction\":[{\"@type\":\"ReadAction\",\"target\":[\"https:\/\/anveran.com\/de\/new-build\/\"]}]},{\"@type\":\"BreadcrumbList\",\"@id\":\"https:\/\/anveran.com\/de\/new-build\/#breadcrumb\",\"itemListElement\":[{\"@type\":\"ListItem\",\"position\":1,\"name\":\"Home\",\"item\":\"https:\/\/anveran.com\/de\/\"},{\"@type\":\"ListItem\",\"position\":2,\"name\":\"Neue Geb\u00e4ude &#8211; Archiv &#8211; DE\"}]},{\"@type\":\"WebSite\",\"@id\":\"https:\/\/anveran.com\/#website\",\"url\":\"https:\/\/anveran.com\/\",\"name\":\"ANVERAN Real Estate\",\"description\":\"\",\"potentialAction\":[{\"@type\":\"SearchAction\",\"target\":{\"@type\":\"EntryPoint\",\"urlTemplate\":\"https:\/\/anveran.com\/?s={search_term_string}\"},\"query-input\":\"required name=search_term_string\"}],\"inLanguage\":\"de\"}]}<\/script>\n<!-- \/ Yoast SEO plugin. -->","yoast_head_json":{"title":"Neue Immobilien in Spanien, kaufen Sie Immobilien mit ANVERAN","description":"Finden Sie Ihr neues Zuhause mit ANVERAN. Entdecken Sie unsere Empfehlungen, um mehr \u00fcber Ihre n\u00e4chste Traumimmobilie zu erfahren.","robots":{"index":"index","follow":"follow","max-snippet":"max-snippet:-1","max-image-preview":"max-image-preview:large","max-video-preview":"max-video-preview:-1"},"canonical":"https:\/\/anveran.com\/de\/new-build\/","og_locale":"de_DE","og_type":"article","og_title":"Neue Immobilien in Spanien, kaufen Sie Immobilien mit ANVERAN","og_description":"Finden Sie Ihr neues Zuhause mit ANVERAN. Entdecken Sie unsere Empfehlungen, um mehr \u00fcber Ihre n\u00e4chste Traumimmobilie zu erfahren.","og_url":"https:\/\/anveran.com\/de\/new-build\/","og_site_name":"ANVERAN Real Estate","article_modified_time":"2024-05-07T07:49:51+00:00","twitter_card":"summary_large_image","twitter_misc":{"Gesch\u00e4tzte Lesezeit":"2\u00a0Minuten"},"schema":{"@context":"https:\/\/schema.org","@graph":[{"@type":"WebPage","@id":"https:\/\/anveran.com\/de\/new-build\/","url":"https:\/\/anveran.com\/de\/new-build\/","name":"Neue Immobilien in Spanien, kaufen Sie Immobilien mit ANVERAN","isPartOf":{"@id":"https:\/\/anveran.com\/#website"},"datePublished":"2024-01-22T22:59:36+00:00","dateModified":"2024-05-07T07:49:51+00:00","description":"Finden Sie Ihr neues Zuhause mit ANVERAN. Entdecken Sie unsere Empfehlungen, um mehr \u00fcber Ihre n\u00e4chste Traumimmobilie zu erfahren.","breadcrumb":{"@id":"https:\/\/anveran.com\/de\/new-build\/#breadcrumb"},"inLanguage":"de","potentialAction":[{"@type":"ReadAction","target":["https:\/\/anveran.com\/de\/new-build\/"]}]},{"@type":"BreadcrumbList","@id":"https:\/\/anveran.com\/de\/new-build\/#breadcrumb","itemListElement":[{"@type":"ListItem","position":1,"name":"Home","item":"https:\/\/anveran.com\/de\/"},{"@type":"ListItem","position":2,"name":"Neue Geb\u00e4ude &#8211; Archiv &#8211; DE"}]},{"@type":"WebSite","@id":"https:\/\/anveran.com\/#website","url":"https:\/\/anveran.com\/","name":"ANVERAN Real Estate","description":"","potentialAction":[{"@type":"SearchAction","target":{"@type":"EntryPoint","urlTemplate":"https:\/\/anveran.com\/?s={search_term_string}"},"query-input":"required name=search_term_string"}],"inLanguage":"de"}]}},"_links":{"self":[{"href":"https:\/\/anveran.com\/de\/wp-json\/wp\/v2\/pages\/438"}],"collection":[{"href":"https:\/\/anveran.com\/de\/wp-json\/wp\/v2\/pages"}],"about":[{"href":"https:\/\/anveran.com\/de\/wp-json\/wp\/v2\/types\/page"}],"author":[{"embeddable":true,"href":"https:\/\/anveran.com\/de\/wp-json\/wp\/v2\/users\/1"}],"replies":[{"embeddable":true,"href":"https:\/\/anveran.com\/de\/wp-json\/wp\/v2\/comments?post=438"}],"version-history":[{"count":1,"href":"https:\/\/anveran.com\/de\/wp-json\/wp\/v2\/pages\/438\/revisions"}],"predecessor-version":[{"id":439,"href":"https:\/\/anveran.com\/de\/wp-json\/wp\/v2\/pages\/438\/revisions\/439"}],"wp:attachment":[{"href":"https:\/\/anveran.com\/de\/wp-json\/wp\/v2\/media?parent=438"}],"curies":[{"name":"wp","href":"https:\/\/api.w.org\/{rel}","templated":true}]}}