{"id":447,"date":"2023-12-08T17:53:42","date_gmt":"2023-12-08T17:53:42","guid":{"rendered":"https:\/\/anveran-com.local\/about-us\/"},"modified":"2024-05-08T18:15:21","modified_gmt":"2024-05-08T18:15:21","slug":"about-us","status":"publish","type":"page","link":"https:\/\/anveran.com\/de\/about-us\/","title":{"rendered":"\u00dcber uns &#8211; DE"},"content":{"rendered":"<p class=\"p1\">Die Mission des ANVERAN-Teams ist es, ein Wegweiser f\u00fcr unsere Kunden zu sein, der ihnen ein Gef\u00fchl von Komfort und Vertrauen bei ihrer Immobiliensuche vermittelt.<\/p>\n<p class=\"p1\">Unser Ziel ist es, ein zuverl\u00e4ssiger und exklusiver Partner zu werden, indem wir einen au\u00dfergew\u00f6hnlichen, auf die individuellen Bed\u00fcrfnisse zugeschnittenen Service bieten.<\/p>\n<p class=\"p1\">Die T\u00e4tigkeit unseres Unternehmens besteht darin, eine aufmerksame und freundschaftliche Beziehung zu pflegen und sowohl f\u00fcr Privatpersonen als auch f\u00fcr Unternehmen ein zuverl\u00e4ssiger Helfer und Partner zu sein.<\/p>\n<p class=\"p1\">Wir sind bestrebt, die f\u00fcr unsere Kunden am besten geeigneten L\u00f6sungen zu finden, die \u00fcber die Immobilie hinausgehen und Bereiche wie Finanzierung, Logistik, Management und vieles mehr umfassen.<\/p>\n<p class=\"p1\">Unser Ziel ist es, eine umfassende Ressource zu sein, die unsere Kunden in allen Aspekten ihrer gesch\u00e4ftlichen und pers\u00f6nlichen Unternehmungen umfassend unterst\u00fctzt und ber\u00e4t.<\/p>\n","protected":false},"excerpt":{"rendered":"<p>Die Mission des ANVERAN-Teams ist es, ein Wegweiser f\u00fcr unsere Kunden zu sein, der ihnen ein Gef\u00fchl von Komfort und Vertrauen bei ihrer Immobiliensuche vermittelt. Unser Ziel ist es, ein zuverl\u00e4ssiger und exklusiver Partner zu werden, indem wir einen au\u00dfergew\u00f6hnlichen, auf die individuellen Bed\u00fcrfnisse zugeschnittenen Service bieten. Die T\u00e4tigkeit unseres Unternehmens besteht darin, eine aufmerksame [&hellip;]<\/p>\n","protected":false},"author":1,"featured_media":448,"parent":0,"menu_order":0,"comment_status":"closed","ping_status":"closed","template":"page-about.php","meta":{"_acf_changed":false,"inline_featured_image":false,"footnotes":"","_wp_rev_ctl_limit":""},"acf":[],"yoast_head":"<!-- This site is optimized with the Yoast SEO plugin v22.7 - https:\/\/yoast.com\/wordpress\/plugins\/seo\/ -->\n<title>Offizielle Informationen \u00fcber ANVERAN Real Estate<\/title>\n<meta name=\"description\" content=\"Wir helfen Ihnen dabei, Ihre ideale Immobilie in Spanien zu finden. \ud83d\udcf1+(34) 672 634 604 \ud83d\udce5info@anveran.com\" \/>\n<meta name=\"robots\" content=\"index, follow, max-snippet:-1, max-image-preview:large, max-video-preview:-1\" \/>\n<link rel=\"canonical\" href=\"https:\/\/anveran.com\/de\/about-us\/\" \/>\n<meta property=\"og:locale\" content=\"de_DE\" \/>\n<meta property=\"og:type\" content=\"article\" \/>\n<meta property=\"og:title\" content=\"Offizielle Informationen \u00fcber ANVERAN Real Estate\" \/>\n<meta property=\"og:description\" content=\"Wir helfen Ihnen dabei, Ihre ideale Immobilie in Spanien zu finden. \ud83d\udcf1+(34) 672 634 604 \ud83d\udce5info@anveran.com\" \/>\n<meta property=\"og:url\" content=\"https:\/\/anveran.com\/de\/about-us\/\" \/>\n<meta property=\"og:site_name\" content=\"ANVERAN Real Estate\" \/>\n<meta property=\"article:modified_time\" content=\"2024-05-08T18:15:21+00:00\" \/>\n<meta property=\"og:image\" content=\"https:\/\/anveran.com\/wp-content\/uploads\/2024\/03\/141-min.jpg\" \/>\n\t<meta property=\"og:image:width\" content=\"1024\" \/>\n\t<meta property=\"og:image:height\" content=\"1429\" \/>\n\t<meta property=\"og:image:type\" content=\"image\/jpeg\" \/>\n<meta name=\"twitter:card\" content=\"summary_large_image\" \/>\n<meta name=\"twitter:label1\" content=\"Gesch\u00e4tzte Lesezeit\" \/>\n\t<meta name=\"twitter:data1\" content=\"1\u00a0Minute\" \/>\n<script type=\"application\/ld+json\" class=\"yoast-schema-graph\">{\"@context\":\"https:\/\/schema.org\",\"@graph\":[{\"@type\":\"WebPage\",\"@id\":\"https:\/\/anveran.com\/de\/about-us\/\",\"url\":\"https:\/\/anveran.com\/de\/about-us\/\",\"name\":\"Offizielle Informationen \u00fcber ANVERAN Real Estate\",\"isPartOf\":{\"@id\":\"https:\/\/anveran.com\/#website\"},\"primaryImageOfPage\":{\"@id\":\"https:\/\/anveran.com\/de\/about-us\/#primaryimage\"},\"image\":{\"@id\":\"https:\/\/anveran.com\/de\/about-us\/#primaryimage\"},\"thumbnailUrl\":\"https:\/\/anveran.com\/wp-content\/uploads\/2024\/03\/141-min.jpg\",\"datePublished\":\"2023-12-08T17:53:42+00:00\",\"dateModified\":\"2024-05-08T18:15:21+00:00\",\"description\":\"Wir helfen Ihnen dabei, Ihre ideale Immobilie in Spanien zu finden. \ud83d\udcf1+(34) 672 634 604 \ud83d\udce5info@anveran.com\",\"breadcrumb\":{\"@id\":\"https:\/\/anveran.com\/de\/about-us\/#breadcrumb\"},\"inLanguage\":\"de\",\"potentialAction\":[{\"@type\":\"ReadAction\",\"target\":[\"https:\/\/anveran.com\/de\/about-us\/\"]}]},{\"@type\":\"ImageObject\",\"inLanguage\":\"de\",\"@id\":\"https:\/\/anveran.com\/de\/about-us\/#primaryimage\",\"url\":\"https:\/\/anveran.com\/wp-content\/uploads\/2024\/03\/141-min.jpg\",\"contentUrl\":\"https:\/\/anveran.com\/wp-content\/uploads\/2024\/03\/141-min.jpg\",\"width\":1024,\"height\":1429},{\"@type\":\"BreadcrumbList\",\"@id\":\"https:\/\/anveran.com\/de\/about-us\/#breadcrumb\",\"itemListElement\":[{\"@type\":\"ListItem\",\"position\":1,\"name\":\"Home\",\"item\":\"https:\/\/anveran.com\/de\/\"},{\"@type\":\"ListItem\",\"position\":2,\"name\":\"\u00dcber uns &#8211; DE\"}]},{\"@type\":\"WebSite\",\"@id\":\"https:\/\/anveran.com\/#website\",\"url\":\"https:\/\/anveran.com\/\",\"name\":\"ANVERAN Real Estate\",\"description\":\"\",\"potentialAction\":[{\"@type\":\"SearchAction\",\"target\":{\"@type\":\"EntryPoint\",\"urlTemplate\":\"https:\/\/anveran.com\/?s={search_term_string}\"},\"query-input\":\"required name=search_term_string\"}],\"inLanguage\":\"de\"}]}<\/script>\n<!-- \/ Yoast SEO plugin. -->","yoast_head_json":{"title":"Offizielle Informationen \u00fcber ANVERAN Real Estate","description":"Wir helfen Ihnen dabei, Ihre ideale Immobilie in Spanien zu finden. \ud83d\udcf1+(34) 672 634 604 \ud83d\udce5info@anveran.com","robots":{"index":"index","follow":"follow","max-snippet":"max-snippet:-1","max-image-preview":"max-image-preview:large","max-video-preview":"max-video-preview:-1"},"canonical":"https:\/\/anveran.com\/de\/about-us\/","og_locale":"de_DE","og_type":"article","og_title":"Offizielle Informationen \u00fcber ANVERAN Real Estate","og_description":"Wir helfen Ihnen dabei, Ihre ideale Immobilie in Spanien zu finden. \ud83d\udcf1+(34) 672 634 604 \ud83d\udce5info@anveran.com","og_url":"https:\/\/anveran.com\/de\/about-us\/","og_site_name":"ANVERAN Real Estate","article_modified_time":"2024-05-08T18:15:21+00:00","og_image":[{"width":1024,"height":1429,"url":"https:\/\/anveran.com\/wp-content\/uploads\/2024\/03\/141-min.jpg","type":"image\/jpeg"}],"twitter_card":"summary_large_image","twitter_misc":{"Gesch\u00e4tzte Lesezeit":"1\u00a0Minute"},"schema":{"@context":"https:\/\/schema.org","@graph":[{"@type":"WebPage","@id":"https:\/\/anveran.com\/de\/about-us\/","url":"https:\/\/anveran.com\/de\/about-us\/","name":"Offizielle Informationen \u00fcber ANVERAN Real Estate","isPartOf":{"@id":"https:\/\/anveran.com\/#website"},"primaryImageOfPage":{"@id":"https:\/\/anveran.com\/de\/about-us\/#primaryimage"},"image":{"@id":"https:\/\/anveran.com\/de\/about-us\/#primaryimage"},"thumbnailUrl":"https:\/\/anveran.com\/wp-content\/uploads\/2024\/03\/141-min.jpg","datePublished":"2023-12-08T17:53:42+00:00","dateModified":"2024-05-08T18:15:21+00:00","description":"Wir helfen Ihnen dabei, Ihre ideale Immobilie in Spanien zu finden. \ud83d\udcf1+(34) 672 634 604 \ud83d\udce5info@anveran.com","breadcrumb":{"@id":"https:\/\/anveran.com\/de\/about-us\/#breadcrumb"},"inLanguage":"de","potentialAction":[{"@type":"ReadAction","target":["https:\/\/anveran.com\/de\/about-us\/"]}]},{"@type":"ImageObject","inLanguage":"de","@id":"https:\/\/anveran.com\/de\/about-us\/#primaryimage","url":"https:\/\/anveran.com\/wp-content\/uploads\/2024\/03\/141-min.jpg","contentUrl":"https:\/\/anveran.com\/wp-content\/uploads\/2024\/03\/141-min.jpg","width":1024,"height":1429},{"@type":"BreadcrumbList","@id":"https:\/\/anveran.com\/de\/about-us\/#breadcrumb","itemListElement":[{"@type":"ListItem","position":1,"name":"Home","item":"https:\/\/anveran.com\/de\/"},{"@type":"ListItem","position":2,"name":"\u00dcber uns &#8211; DE"}]},{"@type":"WebSite","@id":"https:\/\/anveran.com\/#website","url":"https:\/\/anveran.com\/","name":"ANVERAN Real Estate","description":"","potentialAction":[{"@type":"SearchAction","target":{"@type":"EntryPoint","urlTemplate":"https:\/\/anveran.com\/?s={search_term_string}"},"query-input":"required name=search_term_string"}],"inLanguage":"de"}]}},"_links":{"self":[{"href":"https:\/\/anveran.com\/de\/wp-json\/wp\/v2\/pages\/447"}],"collection":[{"href":"https:\/\/anveran.com\/de\/wp-json\/wp\/v2\/pages"}],"about":[{"href":"https:\/\/anveran.com\/de\/wp-json\/wp\/v2\/types\/page"}],"author":[{"embeddable":true,"href":"https:\/\/anveran.com\/de\/wp-json\/wp\/v2\/users\/1"}],"replies":[{"embeddable":true,"href":"https:\/\/anveran.com\/de\/wp-json\/wp\/v2\/comments?post=447"}],"version-history":[{"count":2,"href":"https:\/\/anveran.com\/de\/wp-json\/wp\/v2\/pages\/447\/revisions"}],"predecessor-version":[{"id":514,"href":"https:\/\/anveran.com\/de\/wp-json\/wp\/v2\/pages\/447\/revisions\/514"}],"wp:featuredmedia":[{"embeddable":true,"href":"https:\/\/anveran.com\/de\/wp-json\/wp\/v2\/media\/448"}],"wp:attachment":[{"href":"https:\/\/anveran.com\/de\/wp-json\/wp\/v2\/media?parent=447"}],"curies":[{"name":"wp","href":"https:\/\/api.w.org\/{rel}","templated":true}]}}