{"id":461,"date":"2024-04-02T17:09:41","date_gmt":"2024-04-02T17:09:41","guid":{"rendered":"https:\/\/anveran-com.local\/real-estate-near-the-golf-club\/"},"modified":"2024-06-07T09:37:33","modified_gmt":"2024-06-07T09:37:33","slug":"grundstueck-in-der-naehe-des-golfclubs","status":"publish","type":"page","link":"https:\/\/anveran.com\/de\/grundstueck-in-der-naehe-des-golfclubs\/","title":{"rendered":"Grundst\u00fcck in der N\u00e4he des Golfclubs"},"content":{"rendered":"","protected":false},"excerpt":{"rendered":"","protected":false},"author":1,"featured_media":720,"parent":0,"menu_order":0,"comment_status":"closed","ping_status":"closed","template":"page-catalog.php","meta":{"_acf_changed":false,"inline_featured_image":false,"footnotes":"","_wp_rev_ctl_limit":""},"acf":[],"yoast_head":"<!-- This site is optimized with the Yoast SEO plugin v22.7 - https:\/\/yoast.com\/wordpress\/plugins\/seo\/ -->\n<title>Grundst\u00fcck in der N\u00e4he des Golfclubs in Spanien - ANVERAN Real Estate<\/title>\n<meta name=\"description\" content=\"Entdecken Sie die idealen Immobilien in der N\u00e4he von Golfpl\u00e4tzen in Spanien: ideal f\u00fcr Liebhaber von Luxusimmobilien mit Panoramablick.\" \/>\n<meta name=\"robots\" content=\"index, follow, max-snippet:-1, max-image-preview:large, max-video-preview:-1\" \/>\n<link rel=\"canonical\" href=\"https:\/\/anveran.com\/property-near-the-golf-club\/\" \/>\n<meta property=\"og:locale\" content=\"de_DE\" \/>\n<meta property=\"og:type\" content=\"article\" \/>\n<meta property=\"og:title\" content=\"Grundst\u00fcck in der N\u00e4he des Golfclubs in Spanien - ANVERAN Real Estate\" \/>\n<meta property=\"og:description\" content=\"Entdecken Sie die idealen Immobilien in der N\u00e4he von Golfpl\u00e4tzen in Spanien: ideal f\u00fcr Liebhaber von Luxusimmobilien mit Panoramablick.\" \/>\n<meta property=\"og:url\" content=\"https:\/\/anveran.com\/property-near-the-golf-club\/\" \/>\n<meta property=\"og:site_name\" content=\"ANVERAN Real Estate\" \/>\n<meta property=\"article:modified_time\" content=\"2024-06-07T09:37:33+00:00\" \/>\n<meta property=\"og:image\" content=\"https:\/\/anveran.com\/wp-content\/uploads\/2024\/06\/2.jpg\" \/>\n\t<meta property=\"og:image:width\" content=\"337\" \/>\n\t<meta property=\"og:image:height\" content=\"479\" \/>\n\t<meta property=\"og:image:type\" content=\"image\/jpeg\" \/>\n<meta name=\"twitter:card\" content=\"summary_large_image\" \/>\n<meta name=\"twitter:label1\" content=\"Gesch\u00e4tzte Lesezeit\" \/>\n\t<meta name=\"twitter:data1\" content=\"1\u00a0Minute\" \/>\n<script type=\"application\/ld+json\" class=\"yoast-schema-graph\">{\"@context\":\"https:\/\/schema.org\",\"@graph\":[{\"@type\":\"WebPage\",\"@id\":\"https:\/\/anveran.com\/property-near-the-golf-club\/\",\"url\":\"https:\/\/anveran.com\/property-near-the-golf-club\/\",\"name\":\"Grundst\u00fcck in der N\u00e4he des Golfclubs in Spanien - ANVERAN Real Estate\",\"isPartOf\":{\"@id\":\"https:\/\/anveran.com\/#website\"},\"primaryImageOfPage\":{\"@id\":\"https:\/\/anveran.com\/property-near-the-golf-club\/#primaryimage\"},\"image\":{\"@id\":\"https:\/\/anveran.com\/property-near-the-golf-club\/#primaryimage\"},\"thumbnailUrl\":\"https:\/\/anveran.com\/wp-content\/uploads\/2024\/06\/2.jpg\",\"datePublished\":\"2024-04-02T17:09:41+00:00\",\"dateModified\":\"2024-06-07T09:37:33+00:00\",\"description\":\"Entdecken Sie die idealen Immobilien in der N\u00e4he von Golfpl\u00e4tzen in Spanien: ideal f\u00fcr Liebhaber von Luxusimmobilien mit Panoramablick.\",\"breadcrumb\":{\"@id\":\"https:\/\/anveran.com\/property-near-the-golf-club\/#breadcrumb\"},\"inLanguage\":\"de\",\"potentialAction\":[{\"@type\":\"ReadAction\",\"target\":[\"https:\/\/anveran.com\/property-near-the-golf-club\/\"]}]},{\"@type\":\"ImageObject\",\"inLanguage\":\"de\",\"@id\":\"https:\/\/anveran.com\/property-near-the-golf-club\/#primaryimage\",\"url\":\"https:\/\/anveran.com\/wp-content\/uploads\/2024\/06\/2.jpg\",\"contentUrl\":\"https:\/\/anveran.com\/wp-content\/uploads\/2024\/06\/2.jpg\",\"width\":337,\"height\":479},{\"@type\":\"BreadcrumbList\",\"@id\":\"https:\/\/anveran.com\/property-near-the-golf-club\/#breadcrumb\",\"itemListElement\":[{\"@type\":\"ListItem\",\"position\":1,\"name\":\"Home\",\"item\":\"https:\/\/anveran.com\/de\/\"},{\"@type\":\"ListItem\",\"position\":2,\"name\":\"Grundst\u00fcck in der N\u00e4he des Golfclubs\"}]},{\"@type\":\"WebSite\",\"@id\":\"https:\/\/anveran.com\/#website\",\"url\":\"https:\/\/anveran.com\/\",\"name\":\"ANVERAN Real Estate\",\"description\":\"\",\"potentialAction\":[{\"@type\":\"SearchAction\",\"target\":{\"@type\":\"EntryPoint\",\"urlTemplate\":\"https:\/\/anveran.com\/?s={search_term_string}\"},\"query-input\":\"required name=search_term_string\"}],\"inLanguage\":\"de\"}]}<\/script>\n<!-- \/ Yoast SEO plugin. -->","yoast_head_json":{"title":"Grundst\u00fcck in der N\u00e4he des Golfclubs in Spanien - ANVERAN Real Estate","description":"Entdecken Sie die idealen Immobilien in der N\u00e4he von Golfpl\u00e4tzen in Spanien: ideal f\u00fcr Liebhaber von Luxusimmobilien mit Panoramablick.","robots":{"index":"index","follow":"follow","max-snippet":"max-snippet:-1","max-image-preview":"max-image-preview:large","max-video-preview":"max-video-preview:-1"},"canonical":"https:\/\/anveran.com\/property-near-the-golf-club\/","og_locale":"de_DE","og_type":"article","og_title":"Grundst\u00fcck in der N\u00e4he des Golfclubs in Spanien - ANVERAN Real Estate","og_description":"Entdecken Sie die idealen Immobilien in der N\u00e4he von Golfpl\u00e4tzen in Spanien: ideal f\u00fcr Liebhaber von Luxusimmobilien mit Panoramablick.","og_url":"https:\/\/anveran.com\/property-near-the-golf-club\/","og_site_name":"ANVERAN Real Estate","article_modified_time":"2024-06-07T09:37:33+00:00","og_image":[{"width":337,"height":479,"url":"https:\/\/anveran.com\/wp-content\/uploads\/2024\/06\/2.jpg","type":"image\/jpeg"}],"twitter_card":"summary_large_image","twitter_misc":{"Gesch\u00e4tzte Lesezeit":"1\u00a0Minute"},"schema":{"@context":"https:\/\/schema.org","@graph":[{"@type":"WebPage","@id":"https:\/\/anveran.com\/property-near-the-golf-club\/","url":"https:\/\/anveran.com\/property-near-the-golf-club\/","name":"Grundst\u00fcck in der N\u00e4he des Golfclubs in Spanien - ANVERAN Real Estate","isPartOf":{"@id":"https:\/\/anveran.com\/#website"},"primaryImageOfPage":{"@id":"https:\/\/anveran.com\/property-near-the-golf-club\/#primaryimage"},"image":{"@id":"https:\/\/anveran.com\/property-near-the-golf-club\/#primaryimage"},"thumbnailUrl":"https:\/\/anveran.com\/wp-content\/uploads\/2024\/06\/2.jpg","datePublished":"2024-04-02T17:09:41+00:00","dateModified":"2024-06-07T09:37:33+00:00","description":"Entdecken Sie die idealen Immobilien in der N\u00e4he von Golfpl\u00e4tzen in Spanien: ideal f\u00fcr Liebhaber von Luxusimmobilien mit Panoramablick.","breadcrumb":{"@id":"https:\/\/anveran.com\/property-near-the-golf-club\/#breadcrumb"},"inLanguage":"de","potentialAction":[{"@type":"ReadAction","target":["https:\/\/anveran.com\/property-near-the-golf-club\/"]}]},{"@type":"ImageObject","inLanguage":"de","@id":"https:\/\/anveran.com\/property-near-the-golf-club\/#primaryimage","url":"https:\/\/anveran.com\/wp-content\/uploads\/2024\/06\/2.jpg","contentUrl":"https:\/\/anveran.com\/wp-content\/uploads\/2024\/06\/2.jpg","width":337,"height":479},{"@type":"BreadcrumbList","@id":"https:\/\/anveran.com\/property-near-the-golf-club\/#breadcrumb","itemListElement":[{"@type":"ListItem","position":1,"name":"Home","item":"https:\/\/anveran.com\/de\/"},{"@type":"ListItem","position":2,"name":"Grundst\u00fcck in der N\u00e4he des Golfclubs"}]},{"@type":"WebSite","@id":"https:\/\/anveran.com\/#website","url":"https:\/\/anveran.com\/","name":"ANVERAN Real Estate","description":"","potentialAction":[{"@type":"SearchAction","target":{"@type":"EntryPoint","urlTemplate":"https:\/\/anveran.com\/?s={search_term_string}"},"query-input":"required name=search_term_string"}],"inLanguage":"de"}]}},"_links":{"self":[{"href":"https:\/\/anveran.com\/de\/wp-json\/wp\/v2\/pages\/461"}],"collection":[{"href":"https:\/\/anveran.com\/de\/wp-json\/wp\/v2\/pages"}],"about":[{"href":"https:\/\/anveran.com\/de\/wp-json\/wp\/v2\/types\/page"}],"author":[{"embeddable":true,"href":"https:\/\/anveran.com\/de\/wp-json\/wp\/v2\/users\/1"}],"replies":[{"embeddable":true,"href":"https:\/\/anveran.com\/de\/wp-json\/wp\/v2\/comments?post=461"}],"version-history":[{"count":3,"href":"https:\/\/anveran.com\/de\/wp-json\/wp\/v2\/pages\/461\/revisions"}],"predecessor-version":[{"id":740,"href":"https:\/\/anveran.com\/de\/wp-json\/wp\/v2\/pages\/461\/revisions\/740"}],"wp:featuredmedia":[{"embeddable":true,"href":"https:\/\/anveran.com\/de\/wp-json\/wp\/v2\/media\/720"}],"wp:attachment":[{"href":"https:\/\/anveran.com\/de\/wp-json\/wp\/v2\/media?parent=461"}],"curies":[{"name":"wp","href":"https:\/\/api.w.org\/{rel}","templated":true}]}}