{"id":584,"date":"2023-12-08T17:53:42","date_gmt":"2023-12-08T17:53:42","guid":{"rendered":"https:\/\/anveran-com.local\/sobre-nosotros-es\/"},"modified":"2024-05-12T10:48:41","modified_gmt":"2024-05-12T10:48:41","slug":"sobre","status":"publish","type":"page","link":"https:\/\/anveran.com\/es\/sobre\/","title":{"rendered":"Sobre nosotros &#8211; ES"},"content":{"rendered":"<p class=\"p1\">La misi\u00f3n permanente del equipo de ANVERAN es guiar a nuestros clientes, proporcion\u00e1ndoles una sensaci\u00f3n de confort y confianza en su b\u00fasqueda de inmuebles.<\/p>\n<p class=\"p1\">Nos esforzamos por convertirnos en un socio fiable y exclusivo proporcionando un servicio excepcional adaptado a las necesidades individuales.<\/p>\n<p class=\"p1\">La acci\u00f3n de nuestra empresa es mantener una relaci\u00f3n atenta y amistosa, actuando como asistentes y socios de confianza tanto para particulares como para personas jur\u00eddicas.<\/p>\n<p class=\"p1\">Nuestro objetivo es ofrecer las soluciones m\u00e1s adecuadas, yendo m\u00e1s all\u00e1 del sector inmobiliario y abarcando \u00e1reas como la financiaci\u00f3n, la log\u00edstica, los seguros, la gesti\u00f3n inmobiliaria y mucho m\u00e1s.<\/p>\n<p class=\"p1\">Nuestro objetivo es proporcionar a nuestros clientes un apoyo integral y una orientaci\u00f3n profesional en todos los aspectos de su actividad empresarial y personal.<\/p>\n","protected":false},"excerpt":{"rendered":"<p>La misi\u00f3n permanente del equipo de ANVERAN es guiar a nuestros clientes, proporcion\u00e1ndoles una sensaci\u00f3n de confort y confianza en su b\u00fasqueda de inmuebles. Nos esforzamos por convertirnos en un socio fiable y exclusivo proporcionando un servicio excepcional adaptado a las necesidades individuales. La acci\u00f3n de nuestra empresa es mantener una relaci\u00f3n atenta y amistosa, [&hellip;]<\/p>\n","protected":false},"author":1,"featured_media":585,"parent":0,"menu_order":0,"comment_status":"closed","ping_status":"closed","template":"page-about.php","meta":{"_acf_changed":false,"inline_featured_image":false,"footnotes":"","_wp_rev_ctl_limit":""},"acf":[],"yoast_head":"<!-- This site is optimized with the Yoast SEO plugin v22.7 - https:\/\/yoast.com\/wordpress\/plugins\/seo\/ -->\n<title>Informaci\u00f3n oficial sobre ANVERAN Real Estate<\/title>\n<meta name=\"description\" content=\"Le ayudaremos a descubrir su propiedad ideal en Espa\u00f1a. \ud83d\udcf1+(34) 672 634 604 \ud83d\udce5info@anveran.com\" \/>\n<meta name=\"robots\" content=\"index, follow, max-snippet:-1, max-image-preview:large, max-video-preview:-1\" \/>\n<link rel=\"canonical\" href=\"https:\/\/anveran.com\/es\/sobre\/\" \/>\n<meta property=\"og:locale\" content=\"es_ES\" \/>\n<meta property=\"og:type\" content=\"article\" \/>\n<meta property=\"og:title\" content=\"Informaci\u00f3n oficial sobre ANVERAN Real Estate\" \/>\n<meta property=\"og:description\" content=\"Le ayudaremos a descubrir su propiedad ideal en Espa\u00f1a. \ud83d\udcf1+(34) 672 634 604 \ud83d\udce5info@anveran.com\" \/>\n<meta property=\"og:url\" content=\"https:\/\/anveran.com\/es\/sobre\/\" \/>\n<meta property=\"og:site_name\" content=\"ANVERAN Real Estate\" \/>\n<meta property=\"article:modified_time\" content=\"2024-05-12T10:48:41+00:00\" \/>\n<meta property=\"og:image\" content=\"https:\/\/anveran.com\/wp-content\/uploads\/2024\/03\/141-min.jpg\" \/>\n\t<meta property=\"og:image:width\" content=\"1024\" \/>\n\t<meta property=\"og:image:height\" content=\"1429\" \/>\n\t<meta property=\"og:image:type\" content=\"image\/jpeg\" \/>\n<meta name=\"twitter:card\" content=\"summary_large_image\" \/>\n<meta name=\"twitter:label1\" content=\"Tiempo de lectura\" \/>\n\t<meta name=\"twitter:data1\" content=\"1 minuto\" \/>\n<script type=\"application\/ld+json\" class=\"yoast-schema-graph\">{\"@context\":\"https:\/\/schema.org\",\"@graph\":[{\"@type\":\"WebPage\",\"@id\":\"https:\/\/anveran.com\/es\/sobre\/\",\"url\":\"https:\/\/anveran.com\/es\/sobre\/\",\"name\":\"Informaci\u00f3n oficial sobre ANVERAN Real Estate\",\"isPartOf\":{\"@id\":\"https:\/\/anveran.com\/#website\"},\"primaryImageOfPage\":{\"@id\":\"https:\/\/anveran.com\/es\/sobre\/#primaryimage\"},\"image\":{\"@id\":\"https:\/\/anveran.com\/es\/sobre\/#primaryimage\"},\"thumbnailUrl\":\"https:\/\/anveran.com\/wp-content\/uploads\/2024\/03\/141-min.jpg\",\"datePublished\":\"2023-12-08T17:53:42+00:00\",\"dateModified\":\"2024-05-12T10:48:41+00:00\",\"description\":\"Le ayudaremos a descubrir su propiedad ideal en Espa\u00f1a. \ud83d\udcf1+(34) 672 634 604 \ud83d\udce5info@anveran.com\",\"breadcrumb\":{\"@id\":\"https:\/\/anveran.com\/es\/sobre\/#breadcrumb\"},\"inLanguage\":\"es\",\"potentialAction\":[{\"@type\":\"ReadAction\",\"target\":[\"https:\/\/anveran.com\/es\/sobre\/\"]}]},{\"@type\":\"ImageObject\",\"inLanguage\":\"es\",\"@id\":\"https:\/\/anveran.com\/es\/sobre\/#primaryimage\",\"url\":\"https:\/\/anveran.com\/wp-content\/uploads\/2024\/03\/141-min.jpg\",\"contentUrl\":\"https:\/\/anveran.com\/wp-content\/uploads\/2024\/03\/141-min.jpg\",\"width\":1024,\"height\":1429},{\"@type\":\"BreadcrumbList\",\"@id\":\"https:\/\/anveran.com\/es\/sobre\/#breadcrumb\",\"itemListElement\":[{\"@type\":\"ListItem\",\"position\":1,\"name\":\"Home\",\"item\":\"https:\/\/anveran.com\/es\/\"},{\"@type\":\"ListItem\",\"position\":2,\"name\":\"Sobre nosotros &#8211; ES\"}]},{\"@type\":\"WebSite\",\"@id\":\"https:\/\/anveran.com\/#website\",\"url\":\"https:\/\/anveran.com\/\",\"name\":\"ANVERAN Real Estate\",\"description\":\"\",\"potentialAction\":[{\"@type\":\"SearchAction\",\"target\":{\"@type\":\"EntryPoint\",\"urlTemplate\":\"https:\/\/anveran.com\/?s={search_term_string}\"},\"query-input\":\"required name=search_term_string\"}],\"inLanguage\":\"es\"}]}<\/script>\n<!-- \/ Yoast SEO plugin. -->","yoast_head_json":{"title":"Informaci\u00f3n oficial sobre ANVERAN Real Estate","description":"Le ayudaremos a descubrir su propiedad ideal en Espa\u00f1a. \ud83d\udcf1+(34) 672 634 604 \ud83d\udce5info@anveran.com","robots":{"index":"index","follow":"follow","max-snippet":"max-snippet:-1","max-image-preview":"max-image-preview:large","max-video-preview":"max-video-preview:-1"},"canonical":"https:\/\/anveran.com\/es\/sobre\/","og_locale":"es_ES","og_type":"article","og_title":"Informaci\u00f3n oficial sobre ANVERAN Real Estate","og_description":"Le ayudaremos a descubrir su propiedad ideal en Espa\u00f1a. \ud83d\udcf1+(34) 672 634 604 \ud83d\udce5info@anveran.com","og_url":"https:\/\/anveran.com\/es\/sobre\/","og_site_name":"ANVERAN Real Estate","article_modified_time":"2024-05-12T10:48:41+00:00","og_image":[{"width":1024,"height":1429,"url":"https:\/\/anveran.com\/wp-content\/uploads\/2024\/03\/141-min.jpg","type":"image\/jpeg"}],"twitter_card":"summary_large_image","twitter_misc":{"Tiempo de lectura":"1 minuto"},"schema":{"@context":"https:\/\/schema.org","@graph":[{"@type":"WebPage","@id":"https:\/\/anveran.com\/es\/sobre\/","url":"https:\/\/anveran.com\/es\/sobre\/","name":"Informaci\u00f3n oficial sobre ANVERAN Real Estate","isPartOf":{"@id":"https:\/\/anveran.com\/#website"},"primaryImageOfPage":{"@id":"https:\/\/anveran.com\/es\/sobre\/#primaryimage"},"image":{"@id":"https:\/\/anveran.com\/es\/sobre\/#primaryimage"},"thumbnailUrl":"https:\/\/anveran.com\/wp-content\/uploads\/2024\/03\/141-min.jpg","datePublished":"2023-12-08T17:53:42+00:00","dateModified":"2024-05-12T10:48:41+00:00","description":"Le ayudaremos a descubrir su propiedad ideal en Espa\u00f1a. \ud83d\udcf1+(34) 672 634 604 \ud83d\udce5info@anveran.com","breadcrumb":{"@id":"https:\/\/anveran.com\/es\/sobre\/#breadcrumb"},"inLanguage":"es","potentialAction":[{"@type":"ReadAction","target":["https:\/\/anveran.com\/es\/sobre\/"]}]},{"@type":"ImageObject","inLanguage":"es","@id":"https:\/\/anveran.com\/es\/sobre\/#primaryimage","url":"https:\/\/anveran.com\/wp-content\/uploads\/2024\/03\/141-min.jpg","contentUrl":"https:\/\/anveran.com\/wp-content\/uploads\/2024\/03\/141-min.jpg","width":1024,"height":1429},{"@type":"BreadcrumbList","@id":"https:\/\/anveran.com\/es\/sobre\/#breadcrumb","itemListElement":[{"@type":"ListItem","position":1,"name":"Home","item":"https:\/\/anveran.com\/es\/"},{"@type":"ListItem","position":2,"name":"Sobre nosotros &#8211; ES"}]},{"@type":"WebSite","@id":"https:\/\/anveran.com\/#website","url":"https:\/\/anveran.com\/","name":"ANVERAN Real Estate","description":"","potentialAction":[{"@type":"SearchAction","target":{"@type":"EntryPoint","urlTemplate":"https:\/\/anveran.com\/?s={search_term_string}"},"query-input":"required name=search_term_string"}],"inLanguage":"es"}]}},"_links":{"self":[{"href":"https:\/\/anveran.com\/es\/wp-json\/wp\/v2\/pages\/584"}],"collection":[{"href":"https:\/\/anveran.com\/es\/wp-json\/wp\/v2\/pages"}],"about":[{"href":"https:\/\/anveran.com\/es\/wp-json\/wp\/v2\/types\/page"}],"author":[{"embeddable":true,"href":"https:\/\/anveran.com\/es\/wp-json\/wp\/v2\/users\/1"}],"replies":[{"embeddable":true,"href":"https:\/\/anveran.com\/es\/wp-json\/wp\/v2\/comments?post=584"}],"version-history":[{"count":2,"href":"https:\/\/anveran.com\/es\/wp-json\/wp\/v2\/pages\/584\/revisions"}],"predecessor-version":[{"id":677,"href":"https:\/\/anveran.com\/es\/wp-json\/wp\/v2\/pages\/584\/revisions\/677"}],"wp:featuredmedia":[{"embeddable":true,"href":"https:\/\/anveran.com\/es\/wp-json\/wp\/v2\/media\/585"}],"wp:attachment":[{"href":"https:\/\/anveran.com\/es\/wp-json\/wp\/v2\/media?parent=584"}],"curies":[{"name":"wp","href":"https:\/\/api.w.org\/{rel}","templated":true}]}}