{"id":587,"date":"2023-12-11T15:24:00","date_gmt":"2023-12-11T15:24:00","guid":{"rendered":"https:\/\/anveran-com.local\/exclusive\/"},"modified":"2024-05-15T19:17:53","modified_gmt":"2024-05-15T19:17:53","slug":"exclusive","status":"publish","type":"page","link":"https:\/\/anveran.com\/es\/exclusive\/","title":{"rendered":"Exclusivo \u2022 ES"},"content":{"rendered":"\r\n<h2 class=\"wp-block-heading\">Propiedades exclusivas en Espa\u00f1a<\/h2>\r\n\r\n<p>ANVERAN le invita a sumergirse en el vibrante y soleado mundo de Espa\u00f1a con nuestra cuidada selecci\u00f3n de propiedades exclusivas. Como su gu\u00eda de confianza, nos dedicamos a proporcionar no s\u00f3lo un hogar, sino una puerta de entrada para experimentar la rica cultura, impresionantes paisajes y estilo de vida de lujo que Espa\u00f1a tiene para ofrecer.<\/p>\r\n<p>Con ANVERAN, descubrir el refugio perfecto entre las diversas regiones de Espa\u00f1a se convierte en un viaje sin esfuerzo. Tanto si le atraen las tranquilas playas de la Costa del Sol, la belleza agreste de las Islas Baleares o el encanto hist\u00f3rico de la campi\u00f1a andaluza, nuestra cartera est\u00e1 meticulosamente seleccionada para garantizar que encuentre una propiedad que se ajuste a sus deseos.<\/p>\r\n<p>Nuestro compromiso va m\u00e1s all\u00e1 de la selecci\u00f3n de propiedades. Entendemos que abrazar el estilo de vida espa\u00f1ol significa experimentar la armon\u00eda de su cocina de renombre mundial, la calidez de su gente y el esp\u00edritu festivo que impregna sus calles. Por eso le ofrecemos asesoramiento y apoyo para ayudarle en todos los aspectos de su transici\u00f3n, desde los aspectos legales hasta las costumbres locales, garantizando una integraci\u00f3n perfecta en su nueva comunidad.<\/p>\r\n<p>Elegir ANVERAN significa elegir una vida enriquecida por el sabor del sol y el oc\u00e9ano, donde cada d\u00eda es una invitaci\u00f3n a explorar, relajarse y celebrar. Perm\u00edtanos ayudarle a encontrar su trozo de para\u00edso en Espa\u00f1a, donde el lujo se une a la tradici\u00f3n y los sue\u00f1os se hacen realidad. Bienvenido a un mundo donde el sol siempre brilla m\u00e1s. Bienvenido al mundo de ANVERAN.<\/p>\r\n\r\n<p style=\"display: none;\">\u00a0<\/p>\r\n<p>&nbsp;<\/p>\r\n","protected":false},"excerpt":{"rendered":"<p>Propiedades exclusivas en Espa\u00f1a ANVERAN le invita a sumergirse en el vibrante y soleado mundo de Espa\u00f1a con nuestra cuidada selecci\u00f3n de propiedades exclusivas. Como su gu\u00eda de confianza, nos dedicamos a proporcionar no s\u00f3lo un hogar, sino una puerta de entrada para experimentar la rica cultura, impresionantes paisajes y estilo de vida de lujo [&hellip;]<\/p>\n","protected":false},"author":1,"featured_media":0,"parent":0,"menu_order":0,"comment_status":"closed","ping_status":"closed","template":"page-catalog.php","meta":{"_acf_changed":false,"inline_featured_image":false,"footnotes":"","_wp_rev_ctl_limit":""},"acf":[],"yoast_head":"<!-- This site is optimized with the Yoast SEO plugin v22.7 - https:\/\/yoast.com\/wordpress\/plugins\/seo\/ -->\n<title>Listados exclusivos en Espa\u00f1a, compre inmuebles exclusivos con ANVERAN<\/title>\n<meta name=\"description\" content=\"Descubra Espa\u00f1a eligiendo propiedades exclusivas de ANVERAN. Sum\u00e9rjase en el estilo de vida espa\u00f1ol.\" \/>\n<meta name=\"robots\" content=\"index, follow, max-snippet:-1, max-image-preview:large, max-video-preview:-1\" \/>\n<link rel=\"canonical\" href=\"https:\/\/anveran.com\/es\/exclusive\/\" \/>\n<meta property=\"og:locale\" content=\"es_ES\" \/>\n<meta property=\"og:type\" content=\"article\" \/>\n<meta property=\"og:title\" content=\"Listados exclusivos en Espa\u00f1a, compre inmuebles exclusivos con ANVERAN\" \/>\n<meta property=\"og:description\" content=\"Descubra Espa\u00f1a eligiendo propiedades exclusivas de ANVERAN. Sum\u00e9rjase en el estilo de vida espa\u00f1ol.\" \/>\n<meta property=\"og:url\" content=\"https:\/\/anveran.com\/es\/exclusive\/\" \/>\n<meta property=\"og:site_name\" content=\"ANVERAN Real Estate\" \/>\n<meta property=\"article:modified_time\" content=\"2024-05-15T19:17:53+00:00\" \/>\n<meta name=\"twitter:card\" content=\"summary_large_image\" \/>\n<meta name=\"twitter:label1\" content=\"Tiempo de lectura\" \/>\n\t<meta name=\"twitter:data1\" content=\"2 minutos\" \/>\n<script type=\"application\/ld+json\" class=\"yoast-schema-graph\">{\"@context\":\"https:\/\/schema.org\",\"@graph\":[{\"@type\":\"WebPage\",\"@id\":\"https:\/\/anveran.com\/es\/exclusive\/\",\"url\":\"https:\/\/anveran.com\/es\/exclusive\/\",\"name\":\"Listados exclusivos en Espa\u00f1a, compre inmuebles exclusivos con ANVERAN\",\"isPartOf\":{\"@id\":\"https:\/\/anveran.com\/#website\"},\"datePublished\":\"2023-12-11T15:24:00+00:00\",\"dateModified\":\"2024-05-15T19:17:53+00:00\",\"description\":\"Descubra Espa\u00f1a eligiendo propiedades exclusivas de ANVERAN. Sum\u00e9rjase en el estilo de vida espa\u00f1ol.\",\"breadcrumb\":{\"@id\":\"https:\/\/anveran.com\/es\/exclusive\/#breadcrumb\"},\"inLanguage\":\"es\",\"potentialAction\":[{\"@type\":\"ReadAction\",\"target\":[\"https:\/\/anveran.com\/es\/exclusive\/\"]}]},{\"@type\":\"BreadcrumbList\",\"@id\":\"https:\/\/anveran.com\/es\/exclusive\/#breadcrumb\",\"itemListElement\":[{\"@type\":\"ListItem\",\"position\":1,\"name\":\"Home\",\"item\":\"https:\/\/anveran.com\/es\/\"},{\"@type\":\"ListItem\",\"position\":2,\"name\":\"Exclusivo \u2022 ES\"}]},{\"@type\":\"WebSite\",\"@id\":\"https:\/\/anveran.com\/#website\",\"url\":\"https:\/\/anveran.com\/\",\"name\":\"ANVERAN Real Estate\",\"description\":\"\",\"potentialAction\":[{\"@type\":\"SearchAction\",\"target\":{\"@type\":\"EntryPoint\",\"urlTemplate\":\"https:\/\/anveran.com\/?s={search_term_string}\"},\"query-input\":\"required name=search_term_string\"}],\"inLanguage\":\"es\"}]}<\/script>\n<!-- \/ Yoast SEO plugin. -->","yoast_head_json":{"title":"Listados exclusivos en Espa\u00f1a, compre inmuebles exclusivos con ANVERAN","description":"Descubra Espa\u00f1a eligiendo propiedades exclusivas de ANVERAN. Sum\u00e9rjase en el estilo de vida espa\u00f1ol.","robots":{"index":"index","follow":"follow","max-snippet":"max-snippet:-1","max-image-preview":"max-image-preview:large","max-video-preview":"max-video-preview:-1"},"canonical":"https:\/\/anveran.com\/es\/exclusive\/","og_locale":"es_ES","og_type":"article","og_title":"Listados exclusivos en Espa\u00f1a, compre inmuebles exclusivos con ANVERAN","og_description":"Descubra Espa\u00f1a eligiendo propiedades exclusivas de ANVERAN. Sum\u00e9rjase en el estilo de vida espa\u00f1ol.","og_url":"https:\/\/anveran.com\/es\/exclusive\/","og_site_name":"ANVERAN Real Estate","article_modified_time":"2024-05-15T19:17:53+00:00","twitter_card":"summary_large_image","twitter_misc":{"Tiempo de lectura":"2 minutos"},"schema":{"@context":"https:\/\/schema.org","@graph":[{"@type":"WebPage","@id":"https:\/\/anveran.com\/es\/exclusive\/","url":"https:\/\/anveran.com\/es\/exclusive\/","name":"Listados exclusivos en Espa\u00f1a, compre inmuebles exclusivos con ANVERAN","isPartOf":{"@id":"https:\/\/anveran.com\/#website"},"datePublished":"2023-12-11T15:24:00+00:00","dateModified":"2024-05-15T19:17:53+00:00","description":"Descubra Espa\u00f1a eligiendo propiedades exclusivas de ANVERAN. Sum\u00e9rjase en el estilo de vida espa\u00f1ol.","breadcrumb":{"@id":"https:\/\/anveran.com\/es\/exclusive\/#breadcrumb"},"inLanguage":"es","potentialAction":[{"@type":"ReadAction","target":["https:\/\/anveran.com\/es\/exclusive\/"]}]},{"@type":"BreadcrumbList","@id":"https:\/\/anveran.com\/es\/exclusive\/#breadcrumb","itemListElement":[{"@type":"ListItem","position":1,"name":"Home","item":"https:\/\/anveran.com\/es\/"},{"@type":"ListItem","position":2,"name":"Exclusivo \u2022 ES"}]},{"@type":"WebSite","@id":"https:\/\/anveran.com\/#website","url":"https:\/\/anveran.com\/","name":"ANVERAN Real Estate","description":"","potentialAction":[{"@type":"SearchAction","target":{"@type":"EntryPoint","urlTemplate":"https:\/\/anveran.com\/?s={search_term_string}"},"query-input":"required name=search_term_string"}],"inLanguage":"es"}]}},"_links":{"self":[{"href":"https:\/\/anveran.com\/es\/wp-json\/wp\/v2\/pages\/587"}],"collection":[{"href":"https:\/\/anveran.com\/es\/wp-json\/wp\/v2\/pages"}],"about":[{"href":"https:\/\/anveran.com\/es\/wp-json\/wp\/v2\/types\/page"}],"author":[{"embeddable":true,"href":"https:\/\/anveran.com\/es\/wp-json\/wp\/v2\/users\/1"}],"replies":[{"embeddable":true,"href":"https:\/\/anveran.com\/es\/wp-json\/wp\/v2\/comments?post=587"}],"version-history":[{"count":5,"href":"https:\/\/anveran.com\/es\/wp-json\/wp\/v2\/pages\/587\/revisions"}],"predecessor-version":[{"id":691,"href":"https:\/\/anveran.com\/es\/wp-json\/wp\/v2\/pages\/587\/revisions\/691"}],"wp:attachment":[{"href":"https:\/\/anveran.com\/es\/wp-json\/wp\/v2\/media?parent=587"}],"curies":[{"name":"wp","href":"https:\/\/api.w.org\/{rel}","templated":true}]}}