{"id":772,"date":"2024-06-07T15:55:06","date_gmt":"2024-06-07T15:55:06","guid":{"rendered":"https:\/\/anveran-com.local\/?page_id=772"},"modified":"2024-06-07T16:17:34","modified_gmt":"2024-06-07T16:17:34","slug":"vistas-a-la-montana","status":"publish","type":"page","link":"https:\/\/anveran.com\/es\/vistas-a-la-montana\/","title":{"rendered":"Vistas a la monta\u00f1a"},"content":{"rendered":"","protected":false},"excerpt":{"rendered":"","protected":false},"author":1,"featured_media":727,"parent":0,"menu_order":0,"comment_status":"closed","ping_status":"closed","template":"page-catalog.php","meta":{"_acf_changed":false,"inline_featured_image":false,"footnotes":"","_wp_rev_ctl_limit":""},"acf":[],"yoast_head":"<!-- This site is optimized with the Yoast SEO plugin v22.7 - https:\/\/yoast.com\/wordpress\/plugins\/seo\/ -->\n<title>Comprar una propiedad con vistas a la monta\u00f1a en Espa\u00f1a - ANVERAN Real Estate<\/title>\n<meta name=\"description\" content=\"Encuentre su propiedad perfecta en Espa\u00f1a con Anveran: Experimente una vida de lujo con impresionantes vistas a la monta\u00f1a y servicios exclusivos. Ideal para quienes buscan elegancia y belleza natural.\" \/>\n<meta name=\"robots\" content=\"index, follow, max-snippet:-1, max-image-preview:large, max-video-preview:-1\" \/>\n<link rel=\"canonical\" href=\"https:\/\/anveran.com\/es\/vistas-a-la-montana\/\" \/>\n<meta property=\"og:locale\" content=\"es_ES\" \/>\n<meta property=\"og:type\" content=\"article\" \/>\n<meta property=\"og:title\" content=\"Comprar una propiedad con vistas a la monta\u00f1a en Espa\u00f1a - ANVERAN Real Estate\" \/>\n<meta property=\"og:description\" content=\"Encuentre su propiedad perfecta en Espa\u00f1a con Anveran: Experimente una vida de lujo con impresionantes vistas a la monta\u00f1a y servicios exclusivos. Ideal para quienes buscan elegancia y belleza natural.\" \/>\n<meta property=\"og:url\" content=\"https:\/\/anveran.com\/es\/vistas-a-la-montana\/\" \/>\n<meta property=\"og:site_name\" content=\"ANVERAN Real Estate\" \/>\n<meta property=\"article:modified_time\" content=\"2024-06-07T16:17:34+00:00\" \/>\n<meta property=\"og:image\" content=\"https:\/\/anveran.com\/wp-content\/uploads\/2024\/06\/3.jpg\" \/>\n\t<meta property=\"og:image:width\" content=\"337\" \/>\n\t<meta property=\"og:image:height\" content=\"479\" \/>\n\t<meta property=\"og:image:type\" content=\"image\/jpeg\" \/>\n<meta name=\"twitter:card\" content=\"summary_large_image\" \/>\n<meta name=\"twitter:label1\" content=\"Tiempo de lectura\" \/>\n\t<meta name=\"twitter:data1\" content=\"1 minuto\" \/>\n<script type=\"application\/ld+json\" class=\"yoast-schema-graph\">{\"@context\":\"https:\/\/schema.org\",\"@graph\":[{\"@type\":\"WebPage\",\"@id\":\"https:\/\/anveran.com\/es\/vistas-a-la-montana\/\",\"url\":\"https:\/\/anveran.com\/es\/vistas-a-la-montana\/\",\"name\":\"Comprar una propiedad con vistas a la monta\u00f1a en Espa\u00f1a - ANVERAN Real Estate\",\"isPartOf\":{\"@id\":\"https:\/\/anveran.com\/#website\"},\"primaryImageOfPage\":{\"@id\":\"https:\/\/anveran.com\/es\/vistas-a-la-montana\/#primaryimage\"},\"image\":{\"@id\":\"https:\/\/anveran.com\/es\/vistas-a-la-montana\/#primaryimage\"},\"thumbnailUrl\":\"https:\/\/anveran.com\/wp-content\/uploads\/2024\/06\/3.jpg\",\"datePublished\":\"2024-06-07T15:55:06+00:00\",\"dateModified\":\"2024-06-07T16:17:34+00:00\",\"description\":\"Encuentre su propiedad perfecta en Espa\u00f1a con Anveran: Experimente una vida de lujo con impresionantes vistas a la monta\u00f1a y servicios exclusivos. Ideal para quienes buscan elegancia y belleza natural.\",\"breadcrumb\":{\"@id\":\"https:\/\/anveran.com\/es\/vistas-a-la-montana\/#breadcrumb\"},\"inLanguage\":\"es\",\"potentialAction\":[{\"@type\":\"ReadAction\",\"target\":[\"https:\/\/anveran.com\/es\/vistas-a-la-montana\/\"]}]},{\"@type\":\"ImageObject\",\"inLanguage\":\"es\",\"@id\":\"https:\/\/anveran.com\/es\/vistas-a-la-montana\/#primaryimage\",\"url\":\"https:\/\/anveran.com\/wp-content\/uploads\/2024\/06\/3.jpg\",\"contentUrl\":\"https:\/\/anveran.com\/wp-content\/uploads\/2024\/06\/3.jpg\",\"width\":337,\"height\":479},{\"@type\":\"BreadcrumbList\",\"@id\":\"https:\/\/anveran.com\/es\/vistas-a-la-montana\/#breadcrumb\",\"itemListElement\":[{\"@type\":\"ListItem\",\"position\":1,\"name\":\"Home\",\"item\":\"https:\/\/anveran.com\/es\/\"},{\"@type\":\"ListItem\",\"position\":2,\"name\":\"Vistas a la monta\u00f1a\"}]},{\"@type\":\"WebSite\",\"@id\":\"https:\/\/anveran.com\/#website\",\"url\":\"https:\/\/anveran.com\/\",\"name\":\"ANVERAN Real Estate\",\"description\":\"\",\"potentialAction\":[{\"@type\":\"SearchAction\",\"target\":{\"@type\":\"EntryPoint\",\"urlTemplate\":\"https:\/\/anveran.com\/?s={search_term_string}\"},\"query-input\":\"required name=search_term_string\"}],\"inLanguage\":\"es\"}]}<\/script>\n<!-- \/ Yoast SEO plugin. -->","yoast_head_json":{"title":"Comprar una propiedad con vistas a la monta\u00f1a en Espa\u00f1a - ANVERAN Real Estate","description":"Encuentre su propiedad perfecta en Espa\u00f1a con Anveran: Experimente una vida de lujo con impresionantes vistas a la monta\u00f1a y servicios exclusivos. Ideal para quienes buscan elegancia y belleza natural.","robots":{"index":"index","follow":"follow","max-snippet":"max-snippet:-1","max-image-preview":"max-image-preview:large","max-video-preview":"max-video-preview:-1"},"canonical":"https:\/\/anveran.com\/es\/vistas-a-la-montana\/","og_locale":"es_ES","og_type":"article","og_title":"Comprar una propiedad con vistas a la monta\u00f1a en Espa\u00f1a - ANVERAN Real Estate","og_description":"Encuentre su propiedad perfecta en Espa\u00f1a con Anveran: Experimente una vida de lujo con impresionantes vistas a la monta\u00f1a y servicios exclusivos. Ideal para quienes buscan elegancia y belleza natural.","og_url":"https:\/\/anveran.com\/es\/vistas-a-la-montana\/","og_site_name":"ANVERAN Real Estate","article_modified_time":"2024-06-07T16:17:34+00:00","og_image":[{"width":337,"height":479,"url":"https:\/\/anveran.com\/wp-content\/uploads\/2024\/06\/3.jpg","type":"image\/jpeg"}],"twitter_card":"summary_large_image","twitter_misc":{"Tiempo de lectura":"1 minuto"},"schema":{"@context":"https:\/\/schema.org","@graph":[{"@type":"WebPage","@id":"https:\/\/anveran.com\/es\/vistas-a-la-montana\/","url":"https:\/\/anveran.com\/es\/vistas-a-la-montana\/","name":"Comprar una propiedad con vistas a la monta\u00f1a en Espa\u00f1a - ANVERAN Real Estate","isPartOf":{"@id":"https:\/\/anveran.com\/#website"},"primaryImageOfPage":{"@id":"https:\/\/anveran.com\/es\/vistas-a-la-montana\/#primaryimage"},"image":{"@id":"https:\/\/anveran.com\/es\/vistas-a-la-montana\/#primaryimage"},"thumbnailUrl":"https:\/\/anveran.com\/wp-content\/uploads\/2024\/06\/3.jpg","datePublished":"2024-06-07T15:55:06+00:00","dateModified":"2024-06-07T16:17:34+00:00","description":"Encuentre su propiedad perfecta en Espa\u00f1a con Anveran: Experimente una vida de lujo con impresionantes vistas a la monta\u00f1a y servicios exclusivos. Ideal para quienes buscan elegancia y belleza natural.","breadcrumb":{"@id":"https:\/\/anveran.com\/es\/vistas-a-la-montana\/#breadcrumb"},"inLanguage":"es","potentialAction":[{"@type":"ReadAction","target":["https:\/\/anveran.com\/es\/vistas-a-la-montana\/"]}]},{"@type":"ImageObject","inLanguage":"es","@id":"https:\/\/anveran.com\/es\/vistas-a-la-montana\/#primaryimage","url":"https:\/\/anveran.com\/wp-content\/uploads\/2024\/06\/3.jpg","contentUrl":"https:\/\/anveran.com\/wp-content\/uploads\/2024\/06\/3.jpg","width":337,"height":479},{"@type":"BreadcrumbList","@id":"https:\/\/anveran.com\/es\/vistas-a-la-montana\/#breadcrumb","itemListElement":[{"@type":"ListItem","position":1,"name":"Home","item":"https:\/\/anveran.com\/es\/"},{"@type":"ListItem","position":2,"name":"Vistas a la monta\u00f1a"}]},{"@type":"WebSite","@id":"https:\/\/anveran.com\/#website","url":"https:\/\/anveran.com\/","name":"ANVERAN Real Estate","description":"","potentialAction":[{"@type":"SearchAction","target":{"@type":"EntryPoint","urlTemplate":"https:\/\/anveran.com\/?s={search_term_string}"},"query-input":"required name=search_term_string"}],"inLanguage":"es"}]}},"_links":{"self":[{"href":"https:\/\/anveran.com\/es\/wp-json\/wp\/v2\/pages\/772"}],"collection":[{"href":"https:\/\/anveran.com\/es\/wp-json\/wp\/v2\/pages"}],"about":[{"href":"https:\/\/anveran.com\/es\/wp-json\/wp\/v2\/types\/page"}],"author":[{"embeddable":true,"href":"https:\/\/anveran.com\/es\/wp-json\/wp\/v2\/users\/1"}],"replies":[{"embeddable":true,"href":"https:\/\/anveran.com\/es\/wp-json\/wp\/v2\/comments?post=772"}],"version-history":[{"count":3,"href":"https:\/\/anveran.com\/es\/wp-json\/wp\/v2\/pages\/772\/revisions"}],"predecessor-version":[{"id":788,"href":"https:\/\/anveran.com\/es\/wp-json\/wp\/v2\/pages\/772\/revisions\/788"}],"wp:featuredmedia":[{"embeddable":true,"href":"https:\/\/anveran.com\/es\/wp-json\/wp\/v2\/media\/727"}],"wp:attachment":[{"href":"https:\/\/anveran.com\/es\/wp-json\/wp\/v2\/media?parent=772"}],"curies":[{"name":"wp","href":"https:\/\/api.w.org\/{rel}","templated":true}]}}