{"id":515,"date":"2023-12-08T17:53:42","date_gmt":"2023-12-08T17:53:42","guid":{"rendered":"https:\/\/anveran-com.local\/a-propos-de-nous\/"},"modified":"2024-05-11T14:54:00","modified_gmt":"2024-05-11T14:54:00","slug":"a-propos-de-nous","status":"publish","type":"page","link":"https:\/\/anveran.com\/fr\/a-propos-de-nous\/","title":{"rendered":"\u00c0 propos de nous &#8211; FR"},"content":{"rendered":"<\/p>\n<p class=\"p1\">La mission permanente de l&rsquo;\u00e9quipe ANVERAN est de guider nos clients en leur procurant un sentiment de confort et de confiance dans leur recherche de biens immobiliers.<\/p>\n<p class=\"p1\">Nous nous effor\u00e7ons de devenir un partenaire fiable et exclusif en fournissant un service exceptionnel adapt\u00e9 aux besoins individuels.\n<\/p>\n<p class=\"p1\">Nous nous effor\u00e7ons de devenir un partenaire fiable et exclusif en offrant un service exceptionnel adapt\u00e9 aux besoins individuels.<\/p>\n<p class=\"p1\">L&rsquo;action de notre soci\u00e9t\u00e9 est d&rsquo;entretenir une relation attentive et amicale, en agissant comme des assistants et des partenaires fiables pour les personnes physiques et morales.\n<\/p>\n<p class=\"p1\">Nous visons \u00e0 fournir les solutions les plus adapt\u00e9es, allant au-del\u00e0 de l&rsquo;immobilier et couvrant des domaines tels que le financement, la logistique, l&rsquo;assurance, la gestion immobili\u00e8re et bien plus encore.<\/p>\n<\/p>\n<p class=\"p1\">Notre objectif est de fournir \u00e0 nos clients un soutien complet et des conseils professionnels dans tous les aspects de leurs activit\u00e9s commerciales et personnelles.<\/p>\n","protected":false},"excerpt":{"rendered":"<p>La mission permanente de l&rsquo;\u00e9quipe ANVERAN est de guider nos clients en leur procurant un sentiment de confort et de confiance dans leur recherche de biens immobiliers. Nous nous effor\u00e7ons de devenir un partenaire fiable et exclusif en fournissant un service exceptionnel adapt\u00e9 aux besoins individuels. Nous nous effor\u00e7ons de devenir un partenaire fiable et [&hellip;]<\/p>\n","protected":false},"author":1,"featured_media":516,"parent":0,"menu_order":0,"comment_status":"closed","ping_status":"closed","template":"page-about.php","meta":{"_acf_changed":false,"inline_featured_image":false,"footnotes":"","_wp_rev_ctl_limit":""},"acf":[],"yoast_head":"<!-- This site is optimized with the Yoast SEO plugin v22.7 - https:\/\/yoast.com\/wordpress\/plugins\/seo\/ -->\n<title>Informations officielles sur ANVERAN Real Estate<\/title>\n<meta name=\"description\" content=\"Nous vous aiderons \u00e0 d\u00e9couvrir votre propri\u00e9t\u00e9 id\u00e9ale en Espagne. \ud83d\udcf1+(34) 672 634 604 \ud83d\udce5info@anveran.com\" \/>\n<meta name=\"robots\" content=\"index, follow, max-snippet:-1, max-image-preview:large, max-video-preview:-1\" \/>\n<link rel=\"canonical\" href=\"https:\/\/anveran.com\/fr\/a-propos-de-nous\/\" \/>\n<meta property=\"og:locale\" content=\"fr_FR\" \/>\n<meta property=\"og:type\" content=\"article\" \/>\n<meta property=\"og:title\" content=\"Informations officielles sur ANVERAN Real Estate\" \/>\n<meta property=\"og:description\" content=\"Nous vous aiderons \u00e0 d\u00e9couvrir votre propri\u00e9t\u00e9 id\u00e9ale en Espagne. \ud83d\udcf1+(34) 672 634 604 \ud83d\udce5info@anveran.com\" \/>\n<meta property=\"og:url\" content=\"https:\/\/anveran.com\/fr\/a-propos-de-nous\/\" \/>\n<meta property=\"og:site_name\" content=\"ANVERAN Real Estate\" \/>\n<meta property=\"article:modified_time\" content=\"2024-05-11T14:54:00+00:00\" \/>\n<meta property=\"og:image\" content=\"https:\/\/anveran.com\/wp-content\/uploads\/2024\/03\/141-min.jpg\" \/>\n\t<meta property=\"og:image:width\" content=\"1024\" \/>\n\t<meta property=\"og:image:height\" content=\"1429\" \/>\n\t<meta property=\"og:image:type\" content=\"image\/jpeg\" \/>\n<meta name=\"twitter:card\" content=\"summary_large_image\" \/>\n<meta name=\"twitter:label1\" content=\"Dur\u00e9e de lecture estim\u00e9e\" \/>\n\t<meta name=\"twitter:data1\" content=\"1 minute\" \/>\n<script type=\"application\/ld+json\" class=\"yoast-schema-graph\">{\"@context\":\"https:\/\/schema.org\",\"@graph\":[{\"@type\":\"WebPage\",\"@id\":\"https:\/\/anveran.com\/fr\/a-propos-de-nous\/\",\"url\":\"https:\/\/anveran.com\/fr\/a-propos-de-nous\/\",\"name\":\"Informations officielles sur ANVERAN Real Estate\",\"isPartOf\":{\"@id\":\"https:\/\/anveran.com\/#website\"},\"primaryImageOfPage\":{\"@id\":\"https:\/\/anveran.com\/fr\/a-propos-de-nous\/#primaryimage\"},\"image\":{\"@id\":\"https:\/\/anveran.com\/fr\/a-propos-de-nous\/#primaryimage\"},\"thumbnailUrl\":\"https:\/\/anveran.com\/wp-content\/uploads\/2024\/03\/141-min.jpg\",\"datePublished\":\"2023-12-08T17:53:42+00:00\",\"dateModified\":\"2024-05-11T14:54:00+00:00\",\"description\":\"Nous vous aiderons \u00e0 d\u00e9couvrir votre propri\u00e9t\u00e9 id\u00e9ale en Espagne. \ud83d\udcf1+(34) 672 634 604 \ud83d\udce5info@anveran.com\",\"breadcrumb\":{\"@id\":\"https:\/\/anveran.com\/fr\/a-propos-de-nous\/#breadcrumb\"},\"inLanguage\":\"fr-FR\",\"potentialAction\":[{\"@type\":\"ReadAction\",\"target\":[\"https:\/\/anveran.com\/fr\/a-propos-de-nous\/\"]}]},{\"@type\":\"ImageObject\",\"inLanguage\":\"fr-FR\",\"@id\":\"https:\/\/anveran.com\/fr\/a-propos-de-nous\/#primaryimage\",\"url\":\"https:\/\/anveran.com\/wp-content\/uploads\/2024\/03\/141-min.jpg\",\"contentUrl\":\"https:\/\/anveran.com\/wp-content\/uploads\/2024\/03\/141-min.jpg\",\"width\":1024,\"height\":1429},{\"@type\":\"BreadcrumbList\",\"@id\":\"https:\/\/anveran.com\/fr\/a-propos-de-nous\/#breadcrumb\",\"itemListElement\":[{\"@type\":\"ListItem\",\"position\":1,\"name\":\"Home\",\"item\":\"https:\/\/anveran.com\/fr\/\"},{\"@type\":\"ListItem\",\"position\":2,\"name\":\"\u00c0 propos de nous &#8211; FR\"}]},{\"@type\":\"WebSite\",\"@id\":\"https:\/\/anveran.com\/#website\",\"url\":\"https:\/\/anveran.com\/\",\"name\":\"ANVERAN Real Estate\",\"description\":\"\",\"potentialAction\":[{\"@type\":\"SearchAction\",\"target\":{\"@type\":\"EntryPoint\",\"urlTemplate\":\"https:\/\/anveran.com\/?s={search_term_string}\"},\"query-input\":\"required name=search_term_string\"}],\"inLanguage\":\"fr-FR\"}]}<\/script>\n<!-- \/ Yoast SEO plugin. -->","yoast_head_json":{"title":"Informations officielles sur ANVERAN Real Estate","description":"Nous vous aiderons \u00e0 d\u00e9couvrir votre propri\u00e9t\u00e9 id\u00e9ale en Espagne. \ud83d\udcf1+(34) 672 634 604 \ud83d\udce5info@anveran.com","robots":{"index":"index","follow":"follow","max-snippet":"max-snippet:-1","max-image-preview":"max-image-preview:large","max-video-preview":"max-video-preview:-1"},"canonical":"https:\/\/anveran.com\/fr\/a-propos-de-nous\/","og_locale":"fr_FR","og_type":"article","og_title":"Informations officielles sur ANVERAN Real Estate","og_description":"Nous vous aiderons \u00e0 d\u00e9couvrir votre propri\u00e9t\u00e9 id\u00e9ale en Espagne. \ud83d\udcf1+(34) 672 634 604 \ud83d\udce5info@anveran.com","og_url":"https:\/\/anveran.com\/fr\/a-propos-de-nous\/","og_site_name":"ANVERAN Real Estate","article_modified_time":"2024-05-11T14:54:00+00:00","og_image":[{"width":1024,"height":1429,"url":"https:\/\/anveran.com\/wp-content\/uploads\/2024\/03\/141-min.jpg","type":"image\/jpeg"}],"twitter_card":"summary_large_image","twitter_misc":{"Dur\u00e9e de lecture estim\u00e9e":"1 minute"},"schema":{"@context":"https:\/\/schema.org","@graph":[{"@type":"WebPage","@id":"https:\/\/anveran.com\/fr\/a-propos-de-nous\/","url":"https:\/\/anveran.com\/fr\/a-propos-de-nous\/","name":"Informations officielles sur ANVERAN Real Estate","isPartOf":{"@id":"https:\/\/anveran.com\/#website"},"primaryImageOfPage":{"@id":"https:\/\/anveran.com\/fr\/a-propos-de-nous\/#primaryimage"},"image":{"@id":"https:\/\/anveran.com\/fr\/a-propos-de-nous\/#primaryimage"},"thumbnailUrl":"https:\/\/anveran.com\/wp-content\/uploads\/2024\/03\/141-min.jpg","datePublished":"2023-12-08T17:53:42+00:00","dateModified":"2024-05-11T14:54:00+00:00","description":"Nous vous aiderons \u00e0 d\u00e9couvrir votre propri\u00e9t\u00e9 id\u00e9ale en Espagne. \ud83d\udcf1+(34) 672 634 604 \ud83d\udce5info@anveran.com","breadcrumb":{"@id":"https:\/\/anveran.com\/fr\/a-propos-de-nous\/#breadcrumb"},"inLanguage":"fr-FR","potentialAction":[{"@type":"ReadAction","target":["https:\/\/anveran.com\/fr\/a-propos-de-nous\/"]}]},{"@type":"ImageObject","inLanguage":"fr-FR","@id":"https:\/\/anveran.com\/fr\/a-propos-de-nous\/#primaryimage","url":"https:\/\/anveran.com\/wp-content\/uploads\/2024\/03\/141-min.jpg","contentUrl":"https:\/\/anveran.com\/wp-content\/uploads\/2024\/03\/141-min.jpg","width":1024,"height":1429},{"@type":"BreadcrumbList","@id":"https:\/\/anveran.com\/fr\/a-propos-de-nous\/#breadcrumb","itemListElement":[{"@type":"ListItem","position":1,"name":"Home","item":"https:\/\/anveran.com\/fr\/"},{"@type":"ListItem","position":2,"name":"\u00c0 propos de nous &#8211; FR"}]},{"@type":"WebSite","@id":"https:\/\/anveran.com\/#website","url":"https:\/\/anveran.com\/","name":"ANVERAN Real Estate","description":"","potentialAction":[{"@type":"SearchAction","target":{"@type":"EntryPoint","urlTemplate":"https:\/\/anveran.com\/?s={search_term_string}"},"query-input":"required name=search_term_string"}],"inLanguage":"fr-FR"}]}},"_links":{"self":[{"href":"https:\/\/anveran.com\/fr\/wp-json\/wp\/v2\/pages\/515"}],"collection":[{"href":"https:\/\/anveran.com\/fr\/wp-json\/wp\/v2\/pages"}],"about":[{"href":"https:\/\/anveran.com\/fr\/wp-json\/wp\/v2\/types\/page"}],"author":[{"embeddable":true,"href":"https:\/\/anveran.com\/fr\/wp-json\/wp\/v2\/users\/1"}],"replies":[{"embeddable":true,"href":"https:\/\/anveran.com\/fr\/wp-json\/wp\/v2\/comments?post=515"}],"version-history":[{"count":2,"href":"https:\/\/anveran.com\/fr\/wp-json\/wp\/v2\/pages\/515\/revisions"}],"predecessor-version":[{"id":530,"href":"https:\/\/anveran.com\/fr\/wp-json\/wp\/v2\/pages\/515\/revisions\/530"}],"wp:featuredmedia":[{"embeddable":true,"href":"https:\/\/anveran.com\/fr\/wp-json\/wp\/v2\/media\/516"}],"wp:attachment":[{"href":"https:\/\/anveran.com\/fr\/wp-json\/wp\/v2\/media?parent=515"}],"curies":[{"name":"wp","href":"https:\/\/api.w.org\/{rel}","templated":true}]}}