{"id":531,"date":"2023-12-11T15:24:00","date_gmt":"2023-12-11T15:24:00","guid":{"rendered":"https:\/\/anveran-com.local\/exclusive\/"},"modified":"2024-07-09T21:30:14","modified_gmt":"2024-07-09T21:30:14","slug":"exclusive","status":"publish","type":"page","link":"https:\/\/anveran.com\/fr\/exclusive\/","title":{"rendered":"Archives exclusives &#8211; FR"},"content":{"rendered":"&#13;\n<h2 class=\"wp-block-heading\">Propri\u00e9t\u00e9s exclusives en Espagne<\/h2>&#13;\n<p>ANVERAN vous invite \u00e0 vous immerger dans le monde vibrant et ensoleill\u00e9 de l&rsquo;Espagne gr\u00e2ce \u00e0 notre s\u00e9lection de propri\u00e9t\u00e9s exclusives. En tant que guide de confiance, nous nous engageons \u00e0 vous fournir non seulement une maison, mais aussi une passerelle pour d\u00e9couvrir la riche culture, les paysages \u00e0 couper le souffle et le style de vie luxueux que l&rsquo;Espagne a \u00e0 offrir.<\/p>\n<p>Avec ANVERAN, d\u00e9couvrir la retraite parfaite dans les diverses r\u00e9gions d&rsquo;Espagne devient un voyage sans effort. Que vous soyez attir\u00e9 par les plages sereines de la Costa del Sol, la beaut\u00e9 sauvage des \u00eeles Bal\u00e9ares ou le charme historique de la campagne andalouse, notre portefeuille est m\u00e9ticuleusement s\u00e9lectionn\u00e9 pour que vous trouviez une propri\u00e9t\u00e9 qui r\u00e9ponde \u00e0 vos d\u00e9sirs.<\/p>\n<p>Notre engagement va au-del\u00e0 de la s\u00e9lection des propri\u00e9t\u00e9s. Nous comprenons qu&rsquo;adopter le style de vie espagnol, c&rsquo;est faire l&rsquo;exp\u00e9rience de l&rsquo;harmonie de sa cuisine de renomm\u00e9e mondiale, de la chaleur de ses habitants et de l&rsquo;esprit festif qui impr\u00e8gne ses rues. C&rsquo;est pourquoi nous vous offrons des conseils et un soutien complets pour vous aider \u00e0 g\u00e9rer tous les aspects de votre transition, des aspects l\u00e9gaux aux coutumes locales, afin d&rsquo;assurer une int\u00e9gration harmonieuse dans votre nouvelle communaut\u00e9.<\/p>\n<p>Choisir ANVERAN, c&rsquo;est choisir une vie enrichie par le go\u00fbt du soleil et de l&rsquo;oc\u00e9an, o\u00f9 chaque jour est une invitation \u00e0 l&rsquo;exploration, \u00e0 la d\u00e9tente et \u00e0 la f\u00eate. Laissez-nous vous aider \u00e0 trouver votre coin de paradis en Espagne, o\u00f9 le luxe rencontre la tradition et o\u00f9 les r\u00eaves deviennent r\u00e9alit\u00e9. Bienvenue dans un monde o\u00f9 le soleil brille toujours plus fort. Bienvenue dans le monde d&rsquo;ANVERAN.<\/p>\n&#13;\n<p style=\"display: none;\">\u00a0<\/p>&#13;\n<p><\/p><\/p>\n","protected":false},"excerpt":{"rendered":"<p>&#13; Propri\u00e9t\u00e9s exclusives en Espagne &#13; ANVERAN vous invite \u00e0 vous immerger dans le monde vibrant et ensoleill\u00e9 de l&rsquo;Espagne gr\u00e2ce \u00e0 notre s\u00e9lection de propri\u00e9t\u00e9s exclusives. En tant que guide de confiance, nous nous engageons \u00e0 vous fournir non seulement une maison, mais aussi une passerelle pour d\u00e9couvrir la riche culture, les paysages \u00e0 [&hellip;]<\/p>\n","protected":false},"author":1,"featured_media":0,"parent":0,"menu_order":0,"comment_status":"closed","ping_status":"closed","template":"page-catalog.php","meta":{"_acf_changed":false,"inline_featured_image":false,"footnotes":"","_wp_rev_ctl_limit":""},"acf":[],"yoast_head":"<!-- This site is optimized with the Yoast SEO plugin v22.7 - https:\/\/yoast.com\/wordpress\/plugins\/seo\/ -->\n<title>Annonces exclusives en Espagne, acheter des biens immobiliers exclusifs avec ANVERAN<\/title>\n<meta name=\"description\" content=\"D\u00e9couvrez l&#039;Espagne en choisissant les propri\u00e9t\u00e9s exclusives d&#039;ANVERAN. Plongez dans le style de vie espagnol.\" \/>\n<meta name=\"robots\" content=\"index, follow, max-snippet:-1, max-image-preview:large, max-video-preview:-1\" \/>\n<link rel=\"canonical\" href=\"https:\/\/anveran.com\/fr\/exclusive\/\" \/>\n<meta property=\"og:locale\" content=\"fr_FR\" \/>\n<meta property=\"og:type\" content=\"article\" \/>\n<meta property=\"og:title\" content=\"Annonces exclusives en Espagne, acheter des biens immobiliers exclusifs avec ANVERAN\" \/>\n<meta property=\"og:description\" content=\"D\u00e9couvrez l&#039;Espagne en choisissant les propri\u00e9t\u00e9s exclusives d&#039;ANVERAN. Plongez dans le style de vie espagnol.\" \/>\n<meta property=\"og:url\" content=\"https:\/\/anveran.com\/fr\/exclusive\/\" \/>\n<meta property=\"og:site_name\" content=\"ANVERAN Real Estate\" \/>\n<meta property=\"article:modified_time\" content=\"2024-07-09T21:30:14+00:00\" \/>\n<meta name=\"twitter:card\" content=\"summary_large_image\" \/>\n<meta name=\"twitter:label1\" content=\"Dur\u00e9e de lecture estim\u00e9e\" \/>\n\t<meta name=\"twitter:data1\" content=\"2 minutes\" \/>\n<script type=\"application\/ld+json\" class=\"yoast-schema-graph\">{\"@context\":\"https:\/\/schema.org\",\"@graph\":[{\"@type\":\"WebPage\",\"@id\":\"https:\/\/anveran.com\/fr\/exclusive\/\",\"url\":\"https:\/\/anveran.com\/fr\/exclusive\/\",\"name\":\"Annonces exclusives en Espagne, acheter des biens immobiliers exclusifs avec ANVERAN\",\"isPartOf\":{\"@id\":\"https:\/\/anveran.com\/#website\"},\"datePublished\":\"2023-12-11T15:24:00+00:00\",\"dateModified\":\"2024-07-09T21:30:14+00:00\",\"description\":\"D\u00e9couvrez l'Espagne en choisissant les propri\u00e9t\u00e9s exclusives d'ANVERAN. Plongez dans le style de vie espagnol.\",\"breadcrumb\":{\"@id\":\"https:\/\/anveran.com\/fr\/exclusive\/#breadcrumb\"},\"inLanguage\":\"fr-FR\",\"potentialAction\":[{\"@type\":\"ReadAction\",\"target\":[\"https:\/\/anveran.com\/fr\/exclusive\/\"]}]},{\"@type\":\"BreadcrumbList\",\"@id\":\"https:\/\/anveran.com\/fr\/exclusive\/#breadcrumb\",\"itemListElement\":[{\"@type\":\"ListItem\",\"position\":1,\"name\":\"Home\",\"item\":\"https:\/\/anveran.com\/fr\/\"},{\"@type\":\"ListItem\",\"position\":2,\"name\":\"Archives exclusives &#8211; FR\"}]},{\"@type\":\"WebSite\",\"@id\":\"https:\/\/anveran.com\/#website\",\"url\":\"https:\/\/anveran.com\/\",\"name\":\"ANVERAN Real Estate\",\"description\":\"\",\"potentialAction\":[{\"@type\":\"SearchAction\",\"target\":{\"@type\":\"EntryPoint\",\"urlTemplate\":\"https:\/\/anveran.com\/?s={search_term_string}\"},\"query-input\":\"required name=search_term_string\"}],\"inLanguage\":\"fr-FR\"}]}<\/script>\n<!-- \/ Yoast SEO plugin. -->","yoast_head_json":{"title":"Annonces exclusives en Espagne, acheter des biens immobiliers exclusifs avec ANVERAN","description":"D\u00e9couvrez l'Espagne en choisissant les propri\u00e9t\u00e9s exclusives d'ANVERAN. Plongez dans le style de vie espagnol.","robots":{"index":"index","follow":"follow","max-snippet":"max-snippet:-1","max-image-preview":"max-image-preview:large","max-video-preview":"max-video-preview:-1"},"canonical":"https:\/\/anveran.com\/fr\/exclusive\/","og_locale":"fr_FR","og_type":"article","og_title":"Annonces exclusives en Espagne, acheter des biens immobiliers exclusifs avec ANVERAN","og_description":"D\u00e9couvrez l'Espagne en choisissant les propri\u00e9t\u00e9s exclusives d'ANVERAN. Plongez dans le style de vie espagnol.","og_url":"https:\/\/anveran.com\/fr\/exclusive\/","og_site_name":"ANVERAN Real Estate","article_modified_time":"2024-07-09T21:30:14+00:00","twitter_card":"summary_large_image","twitter_misc":{"Dur\u00e9e de lecture estim\u00e9e":"2 minutes"},"schema":{"@context":"https:\/\/schema.org","@graph":[{"@type":"WebPage","@id":"https:\/\/anveran.com\/fr\/exclusive\/","url":"https:\/\/anveran.com\/fr\/exclusive\/","name":"Annonces exclusives en Espagne, acheter des biens immobiliers exclusifs avec ANVERAN","isPartOf":{"@id":"https:\/\/anveran.com\/#website"},"datePublished":"2023-12-11T15:24:00+00:00","dateModified":"2024-07-09T21:30:14+00:00","description":"D\u00e9couvrez l'Espagne en choisissant les propri\u00e9t\u00e9s exclusives d'ANVERAN. Plongez dans le style de vie espagnol.","breadcrumb":{"@id":"https:\/\/anveran.com\/fr\/exclusive\/#breadcrumb"},"inLanguage":"fr-FR","potentialAction":[{"@type":"ReadAction","target":["https:\/\/anveran.com\/fr\/exclusive\/"]}]},{"@type":"BreadcrumbList","@id":"https:\/\/anveran.com\/fr\/exclusive\/#breadcrumb","itemListElement":[{"@type":"ListItem","position":1,"name":"Home","item":"https:\/\/anveran.com\/fr\/"},{"@type":"ListItem","position":2,"name":"Archives exclusives &#8211; FR"}]},{"@type":"WebSite","@id":"https:\/\/anveran.com\/#website","url":"https:\/\/anveran.com\/","name":"ANVERAN Real Estate","description":"","potentialAction":[{"@type":"SearchAction","target":{"@type":"EntryPoint","urlTemplate":"https:\/\/anveran.com\/?s={search_term_string}"},"query-input":"required name=search_term_string"}],"inLanguage":"fr-FR"}]}},"_links":{"self":[{"href":"https:\/\/anveran.com\/fr\/wp-json\/wp\/v2\/pages\/531"}],"collection":[{"href":"https:\/\/anveran.com\/fr\/wp-json\/wp\/v2\/pages"}],"about":[{"href":"https:\/\/anveran.com\/fr\/wp-json\/wp\/v2\/types\/page"}],"author":[{"embeddable":true,"href":"https:\/\/anveran.com\/fr\/wp-json\/wp\/v2\/users\/1"}],"replies":[{"embeddable":true,"href":"https:\/\/anveran.com\/fr\/wp-json\/wp\/v2\/comments?post=531"}],"version-history":[{"count":2,"href":"https:\/\/anveran.com\/fr\/wp-json\/wp\/v2\/pages\/531\/revisions"}],"predecessor-version":[{"id":533,"href":"https:\/\/anveran.com\/fr\/wp-json\/wp\/v2\/pages\/531\/revisions\/533"}],"wp:attachment":[{"href":"https:\/\/anveran.com\/fr\/wp-json\/wp\/v2\/media?parent=531"}],"curies":[{"name":"wp","href":"https:\/\/api.w.org\/{rel}","templated":true}]}}