{"id":538,"date":"2024-01-22T22:59:36","date_gmt":"2024-01-22T22:59:36","guid":{"rendered":"https:\/\/anveran-com.local\/new-build\/"},"modified":"2024-05-11T19:21:37","modified_gmt":"2024-05-11T19:21:37","slug":"new-build","status":"publish","type":"page","link":"https:\/\/anveran.com\/fr\/new-build\/","title":{"rendered":"Nouvelle construction"},"content":{"rendered":"<h2>Propri\u00e9t\u00e9s neuves \u00e0 vendre en Espagne<\/h2>\n<p>ANVERAN a m\u00e9ticuleusement compil\u00e9 une collection exceptionnelle de recommandations de nouvelles constructions con\u00e7ues pour ceux qui recherchent les meilleurs espaces de vie. Notre mission est de simplifier votre parcours pour trouver la maison parfaite qui non seulement r\u00e9pond \u00e0 vos crit\u00e8res les plus \u00e9lev\u00e9s, mais les d\u00e9passe.<\/p>\n<p>Dans un march\u00e9 aussi diversifi\u00e9 et dynamique que celui de la construction neuve, il peut \u00eatre difficile de s&rsquo;y retrouver. C&rsquo;est l\u00e0 qu&rsquo;ANVERAN intervient. Notre expertise et notre profonde compr\u00e9hension des nuances du march\u00e9 nous permettent de s\u00e9lectionner des propri\u00e9t\u00e9s qui se distinguent par leur qualit\u00e9, leur emplacement et leurs caract\u00e9ristiques uniques. Nous pensons que la recherche de la maison id\u00e9ale devrait \u00eatre plus qu&rsquo;une transaction ; il s&rsquo;agit de cr\u00e9er un avenir qui r\u00e9sonne avec vos aspirations et votre style de vie.<\/p>\n<p>Tirez parti de notre assistance pour surmonter la complexit\u00e9 et le bruit du march\u00e9 de l&rsquo;immobilier. Que vous recherchiez un appartement urbain moderne avec toutes les commodit\u00e9s de la vie urbaine ou une retraite tranquille nich\u00e9e dans la nature, les recommandations d&rsquo;ANVERAN sont con\u00e7ues pour vous guider vers les meilleurs choix. Notre \u00e9quipe d\u00e9vou\u00e9e est l\u00e0 pour vous fournir un soutien personnalis\u00e9, de la compr\u00e9hension de vos pr\u00e9f\u00e9rences \u00e0 l&rsquo;aper\u00e7u des derniers d\u00e9veloppements et tendances.<\/p>\n<p>Le choix d&rsquo;une nouvelle maison est une \u00e9tape importante, et avec ANVERAN, vous ne faites pas seulement un choix, vous vous embarquez pour un voyage vers un avenir plein de promesses et de potentiel. Laissez-nous vous aider \u00e0 d\u00e9couvrir les meilleures constructions neuves qui sont plus qu&rsquo;un lieu de vie &#8211; elles sont un lieu d&rsquo;\u00e9panouissement.<\/p>\n","protected":false},"excerpt":{"rendered":"<p>Propri\u00e9t\u00e9s neuves \u00e0 vendre en Espagne ANVERAN a m\u00e9ticuleusement compil\u00e9 une collection exceptionnelle de recommandations de nouvelles constructions con\u00e7ues pour ceux qui recherchent les meilleurs espaces de vie. Notre mission est de simplifier votre parcours pour trouver la maison parfaite qui non seulement r\u00e9pond \u00e0 vos crit\u00e8res les plus \u00e9lev\u00e9s, mais les d\u00e9passe. Dans un [&hellip;]<\/p>\n","protected":false},"author":1,"featured_media":0,"parent":0,"menu_order":0,"comment_status":"closed","ping_status":"closed","template":"page-catalog.php","meta":{"_acf_changed":false,"inline_featured_image":false,"footnotes":"","_wp_rev_ctl_limit":""},"acf":[],"yoast_head":"<!-- This site is optimized with the Yoast SEO plugin v22.7 - https:\/\/yoast.com\/wordpress\/plugins\/seo\/ -->\n<title>Immobilier neuf en Espagne, acheter un bien immobilier avec ANVERAN<\/title>\n<meta name=\"description\" content=\"Trouvez votre nouvelle maison avec ANVERAN. Explorez nos recommandations pour en savoir plus sur la propri\u00e9t\u00e9 de vos r\u00eaves.\" \/>\n<meta name=\"robots\" content=\"index, follow, max-snippet:-1, max-image-preview:large, max-video-preview:-1\" \/>\n<link rel=\"canonical\" href=\"https:\/\/anveran.com\/fr\/new-build\/\" \/>\n<meta property=\"og:locale\" content=\"fr_FR\" \/>\n<meta property=\"og:type\" content=\"article\" \/>\n<meta property=\"og:title\" content=\"Immobilier neuf en Espagne, acheter un bien immobilier avec ANVERAN\" \/>\n<meta property=\"og:description\" content=\"Trouvez votre nouvelle maison avec ANVERAN. Explorez nos recommandations pour en savoir plus sur la propri\u00e9t\u00e9 de vos r\u00eaves.\" \/>\n<meta property=\"og:url\" content=\"https:\/\/anveran.com\/fr\/new-build\/\" \/>\n<meta property=\"og:site_name\" content=\"ANVERAN Real Estate\" \/>\n<meta property=\"article:modified_time\" content=\"2024-05-11T19:21:37+00:00\" \/>\n<meta name=\"twitter:card\" content=\"summary_large_image\" \/>\n<meta name=\"twitter:label1\" content=\"Dur\u00e9e de lecture estim\u00e9e\" \/>\n\t<meta name=\"twitter:data1\" content=\"2 minutes\" \/>\n<script type=\"application\/ld+json\" class=\"yoast-schema-graph\">{\"@context\":\"https:\/\/schema.org\",\"@graph\":[{\"@type\":\"WebPage\",\"@id\":\"https:\/\/anveran.com\/fr\/new-build\/\",\"url\":\"https:\/\/anveran.com\/fr\/new-build\/\",\"name\":\"Immobilier neuf en Espagne, acheter un bien immobilier avec ANVERAN\",\"isPartOf\":{\"@id\":\"https:\/\/anveran.com\/#website\"},\"datePublished\":\"2024-01-22T22:59:36+00:00\",\"dateModified\":\"2024-05-11T19:21:37+00:00\",\"description\":\"Trouvez votre nouvelle maison avec ANVERAN. Explorez nos recommandations pour en savoir plus sur la propri\u00e9t\u00e9 de vos r\u00eaves.\",\"breadcrumb\":{\"@id\":\"https:\/\/anveran.com\/fr\/new-build\/#breadcrumb\"},\"inLanguage\":\"fr-FR\",\"potentialAction\":[{\"@type\":\"ReadAction\",\"target\":[\"https:\/\/anveran.com\/fr\/new-build\/\"]}]},{\"@type\":\"BreadcrumbList\",\"@id\":\"https:\/\/anveran.com\/fr\/new-build\/#breadcrumb\",\"itemListElement\":[{\"@type\":\"ListItem\",\"position\":1,\"name\":\"Home\",\"item\":\"https:\/\/anveran.com\/fr\/\"},{\"@type\":\"ListItem\",\"position\":2,\"name\":\"Nouvelle construction\"}]},{\"@type\":\"WebSite\",\"@id\":\"https:\/\/anveran.com\/#website\",\"url\":\"https:\/\/anveran.com\/\",\"name\":\"ANVERAN Real Estate\",\"description\":\"\",\"potentialAction\":[{\"@type\":\"SearchAction\",\"target\":{\"@type\":\"EntryPoint\",\"urlTemplate\":\"https:\/\/anveran.com\/?s={search_term_string}\"},\"query-input\":\"required name=search_term_string\"}],\"inLanguage\":\"fr-FR\"}]}<\/script>\n<!-- \/ Yoast SEO plugin. -->","yoast_head_json":{"title":"Immobilier neuf en Espagne, acheter un bien immobilier avec ANVERAN","description":"Trouvez votre nouvelle maison avec ANVERAN. Explorez nos recommandations pour en savoir plus sur la propri\u00e9t\u00e9 de vos r\u00eaves.","robots":{"index":"index","follow":"follow","max-snippet":"max-snippet:-1","max-image-preview":"max-image-preview:large","max-video-preview":"max-video-preview:-1"},"canonical":"https:\/\/anveran.com\/fr\/new-build\/","og_locale":"fr_FR","og_type":"article","og_title":"Immobilier neuf en Espagne, acheter un bien immobilier avec ANVERAN","og_description":"Trouvez votre nouvelle maison avec ANVERAN. Explorez nos recommandations pour en savoir plus sur la propri\u00e9t\u00e9 de vos r\u00eaves.","og_url":"https:\/\/anveran.com\/fr\/new-build\/","og_site_name":"ANVERAN Real Estate","article_modified_time":"2024-05-11T19:21:37+00:00","twitter_card":"summary_large_image","twitter_misc":{"Dur\u00e9e de lecture estim\u00e9e":"2 minutes"},"schema":{"@context":"https:\/\/schema.org","@graph":[{"@type":"WebPage","@id":"https:\/\/anveran.com\/fr\/new-build\/","url":"https:\/\/anveran.com\/fr\/new-build\/","name":"Immobilier neuf en Espagne, acheter un bien immobilier avec ANVERAN","isPartOf":{"@id":"https:\/\/anveran.com\/#website"},"datePublished":"2024-01-22T22:59:36+00:00","dateModified":"2024-05-11T19:21:37+00:00","description":"Trouvez votre nouvelle maison avec ANVERAN. Explorez nos recommandations pour en savoir plus sur la propri\u00e9t\u00e9 de vos r\u00eaves.","breadcrumb":{"@id":"https:\/\/anveran.com\/fr\/new-build\/#breadcrumb"},"inLanguage":"fr-FR","potentialAction":[{"@type":"ReadAction","target":["https:\/\/anveran.com\/fr\/new-build\/"]}]},{"@type":"BreadcrumbList","@id":"https:\/\/anveran.com\/fr\/new-build\/#breadcrumb","itemListElement":[{"@type":"ListItem","position":1,"name":"Home","item":"https:\/\/anveran.com\/fr\/"},{"@type":"ListItem","position":2,"name":"Nouvelle construction"}]},{"@type":"WebSite","@id":"https:\/\/anveran.com\/#website","url":"https:\/\/anveran.com\/","name":"ANVERAN Real Estate","description":"","potentialAction":[{"@type":"SearchAction","target":{"@type":"EntryPoint","urlTemplate":"https:\/\/anveran.com\/?s={search_term_string}"},"query-input":"required name=search_term_string"}],"inLanguage":"fr-FR"}]}},"_links":{"self":[{"href":"https:\/\/anveran.com\/fr\/wp-json\/wp\/v2\/pages\/538"}],"collection":[{"href":"https:\/\/anveran.com\/fr\/wp-json\/wp\/v2\/pages"}],"about":[{"href":"https:\/\/anveran.com\/fr\/wp-json\/wp\/v2\/types\/page"}],"author":[{"embeddable":true,"href":"https:\/\/anveran.com\/fr\/wp-json\/wp\/v2\/users\/1"}],"replies":[{"embeddable":true,"href":"https:\/\/anveran.com\/fr\/wp-json\/wp\/v2\/comments?post=538"}],"version-history":[{"count":2,"href":"https:\/\/anveran.com\/fr\/wp-json\/wp\/v2\/pages\/538\/revisions"}],"predecessor-version":[{"id":605,"href":"https:\/\/anveran.com\/fr\/wp-json\/wp\/v2\/pages\/538\/revisions\/605"}],"wp:attachment":[{"href":"https:\/\/anveran.com\/fr\/wp-json\/wp\/v2\/media?parent=538"}],"curies":[{"name":"wp","href":"https:\/\/api.w.org\/{rel}","templated":true}]}}