{"id":544,"date":"2023-12-06T20:58:21","date_gmt":"2023-12-06T20:58:21","guid":{"rendered":"https:\/\/anveran-com.local\/contacts\/"},"modified":"2024-05-11T15:04:10","modified_gmt":"2024-05-11T15:04:10","slug":"contacts","status":"publish","type":"page","link":"https:\/\/anveran.com\/fr\/contacts\/","title":{"rendered":"Contacts &#8211; FR"},"content":{"rendered":"","protected":false},"excerpt":{"rendered":"","protected":false},"author":1,"featured_media":0,"parent":0,"menu_order":0,"comment_status":"closed","ping_status":"closed","template":"template-parts\/page-contacts.php","meta":{"_acf_changed":false,"inline_featured_image":false,"footnotes":"","_wp_rev_ctl_limit":""},"acf":[],"yoast_head":"<!-- This site is optimized with the Yoast SEO plugin v22.7 - https:\/\/yoast.com\/wordpress\/plugins\/seo\/ -->\n<title>Contacts - ANVERAN Real Estate<\/title>\n<meta name=\"description\" content=\"Contactez ANVERAN Real Estate \u00e0 Benidorm ou Torrevieja pour des conseils d&#039;experts sur les propri\u00e9t\u00e9s de luxe \ud83d\udcf1+(34) 672 634 604 \ud83d\udce5info@anveran.com\" \/>\n<meta name=\"robots\" content=\"index, follow, max-snippet:-1, max-image-preview:large, max-video-preview:-1\" \/>\n<link rel=\"canonical\" href=\"https:\/\/anveran.com\/fr\/contacts\/\" \/>\n<meta property=\"og:locale\" content=\"fr_FR\" \/>\n<meta property=\"og:type\" content=\"article\" \/>\n<meta property=\"og:title\" content=\"Contacts - ANVERAN Real Estate\" \/>\n<meta property=\"og:description\" content=\"Contactez ANVERAN Real Estate \u00e0 Benidorm ou Torrevieja pour des conseils d&#039;experts sur les propri\u00e9t\u00e9s de luxe \ud83d\udcf1+(34) 672 634 604 \ud83d\udce5info@anveran.com\" \/>\n<meta property=\"og:url\" content=\"https:\/\/anveran.com\/fr\/contacts\/\" \/>\n<meta property=\"og:site_name\" content=\"ANVERAN Real Estate\" \/>\n<meta property=\"article:modified_time\" content=\"2024-05-11T15:04:10+00:00\" \/>\n<meta name=\"twitter:card\" content=\"summary_large_image\" \/>\n<script type=\"application\/ld+json\" class=\"yoast-schema-graph\">{\"@context\":\"https:\/\/schema.org\",\"@graph\":[{\"@type\":\"WebPage\",\"@id\":\"https:\/\/anveran.com\/fr\/contacts\/\",\"url\":\"https:\/\/anveran.com\/fr\/contacts\/\",\"name\":\"Contacts - ANVERAN Real Estate\",\"isPartOf\":{\"@id\":\"https:\/\/anveran.com\/#website\"},\"datePublished\":\"2023-12-06T20:58:21+00:00\",\"dateModified\":\"2024-05-11T15:04:10+00:00\",\"description\":\"Contactez ANVERAN Real Estate \u00e0 Benidorm ou Torrevieja pour des conseils d'experts sur les propri\u00e9t\u00e9s de luxe \ud83d\udcf1+(34) 672 634 604 \ud83d\udce5info@anveran.com\",\"breadcrumb\":{\"@id\":\"https:\/\/anveran.com\/fr\/contacts\/#breadcrumb\"},\"inLanguage\":\"fr-FR\",\"potentialAction\":[{\"@type\":\"ReadAction\",\"target\":[\"https:\/\/anveran.com\/fr\/contacts\/\"]}]},{\"@type\":\"BreadcrumbList\",\"@id\":\"https:\/\/anveran.com\/fr\/contacts\/#breadcrumb\",\"itemListElement\":[{\"@type\":\"ListItem\",\"position\":1,\"name\":\"Home\",\"item\":\"https:\/\/anveran.com\/fr\/\"},{\"@type\":\"ListItem\",\"position\":2,\"name\":\"Contacts &#8211; FR\"}]},{\"@type\":\"WebSite\",\"@id\":\"https:\/\/anveran.com\/#website\",\"url\":\"https:\/\/anveran.com\/\",\"name\":\"ANVERAN Real Estate\",\"description\":\"\",\"potentialAction\":[{\"@type\":\"SearchAction\",\"target\":{\"@type\":\"EntryPoint\",\"urlTemplate\":\"https:\/\/anveran.com\/?s={search_term_string}\"},\"query-input\":\"required name=search_term_string\"}],\"inLanguage\":\"fr-FR\"}]}<\/script>\n<!-- \/ Yoast SEO plugin. -->","yoast_head_json":{"title":"Contacts - ANVERAN Real Estate","description":"Contactez ANVERAN Real Estate \u00e0 Benidorm ou Torrevieja pour des conseils d'experts sur les propri\u00e9t\u00e9s de luxe \ud83d\udcf1+(34) 672 634 604 \ud83d\udce5info@anveran.com","robots":{"index":"index","follow":"follow","max-snippet":"max-snippet:-1","max-image-preview":"max-image-preview:large","max-video-preview":"max-video-preview:-1"},"canonical":"https:\/\/anveran.com\/fr\/contacts\/","og_locale":"fr_FR","og_type":"article","og_title":"Contacts - ANVERAN Real Estate","og_description":"Contactez ANVERAN Real Estate \u00e0 Benidorm ou Torrevieja pour des conseils d'experts sur les propri\u00e9t\u00e9s de luxe \ud83d\udcf1+(34) 672 634 604 \ud83d\udce5info@anveran.com","og_url":"https:\/\/anveran.com\/fr\/contacts\/","og_site_name":"ANVERAN Real Estate","article_modified_time":"2024-05-11T15:04:10+00:00","twitter_card":"summary_large_image","schema":{"@context":"https:\/\/schema.org","@graph":[{"@type":"WebPage","@id":"https:\/\/anveran.com\/fr\/contacts\/","url":"https:\/\/anveran.com\/fr\/contacts\/","name":"Contacts - ANVERAN Real Estate","isPartOf":{"@id":"https:\/\/anveran.com\/#website"},"datePublished":"2023-12-06T20:58:21+00:00","dateModified":"2024-05-11T15:04:10+00:00","description":"Contactez ANVERAN Real Estate \u00e0 Benidorm ou Torrevieja pour des conseils d'experts sur les propri\u00e9t\u00e9s de luxe \ud83d\udcf1+(34) 672 634 604 \ud83d\udce5info@anveran.com","breadcrumb":{"@id":"https:\/\/anveran.com\/fr\/contacts\/#breadcrumb"},"inLanguage":"fr-FR","potentialAction":[{"@type":"ReadAction","target":["https:\/\/anveran.com\/fr\/contacts\/"]}]},{"@type":"BreadcrumbList","@id":"https:\/\/anveran.com\/fr\/contacts\/#breadcrumb","itemListElement":[{"@type":"ListItem","position":1,"name":"Home","item":"https:\/\/anveran.com\/fr\/"},{"@type":"ListItem","position":2,"name":"Contacts &#8211; FR"}]},{"@type":"WebSite","@id":"https:\/\/anveran.com\/#website","url":"https:\/\/anveran.com\/","name":"ANVERAN Real Estate","description":"","potentialAction":[{"@type":"SearchAction","target":{"@type":"EntryPoint","urlTemplate":"https:\/\/anveran.com\/?s={search_term_string}"},"query-input":"required name=search_term_string"}],"inLanguage":"fr-FR"}]}},"_links":{"self":[{"href":"https:\/\/anveran.com\/fr\/wp-json\/wp\/v2\/pages\/544"}],"collection":[{"href":"https:\/\/anveran.com\/fr\/wp-json\/wp\/v2\/pages"}],"about":[{"href":"https:\/\/anveran.com\/fr\/wp-json\/wp\/v2\/types\/page"}],"author":[{"embeddable":true,"href":"https:\/\/anveran.com\/fr\/wp-json\/wp\/v2\/users\/1"}],"replies":[{"embeddable":true,"href":"https:\/\/anveran.com\/fr\/wp-json\/wp\/v2\/comments?post=544"}],"version-history":[{"count":1,"href":"https:\/\/anveran.com\/fr\/wp-json\/wp\/v2\/pages\/544\/revisions"}],"predecessor-version":[{"id":545,"href":"https:\/\/anveran.com\/fr\/wp-json\/wp\/v2\/pages\/544\/revisions\/545"}],"wp:attachment":[{"href":"https:\/\/anveran.com\/fr\/wp-json\/wp\/v2\/media?parent=544"}],"curies":[{"name":"wp","href":"https:\/\/api.w.org\/{rel}","templated":true}]}}