{"id":792,"date":"2024-06-07T16:37:18","date_gmt":"2024-06-07T16:37:18","guid":{"rendered":"https:\/\/anveran-com.local\/?page_id=792"},"modified":"2024-06-07T16:38:53","modified_gmt":"2024-06-07T16:38:53","slug":"propriete-avec-vue-sur-la-mer","status":"publish","type":"page","link":"https:\/\/anveran.com\/fr\/propriete-avec-vue-sur-la-mer\/","title":{"rendered":"Propri\u00e9t\u00e9 avec vue sur la mer"},"content":{"rendered":"","protected":false},"excerpt":{"rendered":"","protected":false},"author":1,"featured_media":729,"parent":0,"menu_order":0,"comment_status":"closed","ping_status":"closed","template":"page-catalog.php","meta":{"_acf_changed":false,"inline_featured_image":false,"footnotes":"","_wp_rev_ctl_limit":""},"acf":[],"yoast_head":"<!-- This site is optimized with the Yoast SEO plugin v22.7 - https:\/\/yoast.com\/wordpress\/plugins\/seo\/ -->\n<title>Acheter une propri\u00e9t\u00e9 avec vue sur la mer en Espagne - ANVERAN Real Estate<\/title>\n<meta name=\"description\" content=\"Trouvez une propri\u00e9t\u00e9 avec vue sur la mer en Espagne avec Anveran : Faites l&#039;exp\u00e9rience d&#039;une vie luxueuse en bord de mer avec une vue imprenable.\" \/>\n<meta name=\"robots\" content=\"index, follow, max-snippet:-1, max-image-preview:large, max-video-preview:-1\" \/>\n<link rel=\"canonical\" href=\"https:\/\/anveran.com\/fr\/propriete-avec-vue-sur-la-mer\/\" \/>\n<meta property=\"og:locale\" content=\"fr_FR\" \/>\n<meta property=\"og:type\" content=\"article\" \/>\n<meta property=\"og:title\" content=\"Acheter une propri\u00e9t\u00e9 avec vue sur la mer en Espagne - ANVERAN Real Estate\" \/>\n<meta property=\"og:description\" content=\"Trouvez une propri\u00e9t\u00e9 avec vue sur la mer en Espagne avec Anveran : Faites l&#039;exp\u00e9rience d&#039;une vie luxueuse en bord de mer avec une vue imprenable.\" \/>\n<meta property=\"og:url\" content=\"https:\/\/anveran.com\/fr\/propriete-avec-vue-sur-la-mer\/\" \/>\n<meta property=\"og:site_name\" content=\"ANVERAN Real Estate\" \/>\n<meta property=\"article:modified_time\" content=\"2024-06-07T16:38:53+00:00\" \/>\n<meta property=\"og:image\" content=\"https:\/\/anveran.com\/wp-content\/uploads\/2024\/06\/4.jpg\" \/>\n\t<meta property=\"og:image:width\" content=\"337\" \/>\n\t<meta property=\"og:image:height\" content=\"479\" \/>\n\t<meta property=\"og:image:type\" content=\"image\/jpeg\" \/>\n<meta name=\"twitter:card\" content=\"summary_large_image\" \/>\n<meta name=\"twitter:label1\" content=\"Dur\u00e9e de lecture estim\u00e9e\" \/>\n\t<meta name=\"twitter:data1\" content=\"1 minute\" \/>\n<script type=\"application\/ld+json\" class=\"yoast-schema-graph\">{\"@context\":\"https:\/\/schema.org\",\"@graph\":[{\"@type\":\"WebPage\",\"@id\":\"https:\/\/anveran.com\/fr\/propriete-avec-vue-sur-la-mer\/\",\"url\":\"https:\/\/anveran.com\/fr\/propriete-avec-vue-sur-la-mer\/\",\"name\":\"Acheter une propri\u00e9t\u00e9 avec vue sur la mer en Espagne - ANVERAN Real Estate\",\"isPartOf\":{\"@id\":\"https:\/\/anveran.com\/#website\"},\"primaryImageOfPage\":{\"@id\":\"https:\/\/anveran.com\/fr\/propriete-avec-vue-sur-la-mer\/#primaryimage\"},\"image\":{\"@id\":\"https:\/\/anveran.com\/fr\/propriete-avec-vue-sur-la-mer\/#primaryimage\"},\"thumbnailUrl\":\"https:\/\/anveran.com\/wp-content\/uploads\/2024\/06\/4.jpg\",\"datePublished\":\"2024-06-07T16:37:18+00:00\",\"dateModified\":\"2024-06-07T16:38:53+00:00\",\"description\":\"Trouvez une propri\u00e9t\u00e9 avec vue sur la mer en Espagne avec Anveran : Faites l'exp\u00e9rience d'une vie luxueuse en bord de mer avec une vue imprenable.\",\"breadcrumb\":{\"@id\":\"https:\/\/anveran.com\/fr\/propriete-avec-vue-sur-la-mer\/#breadcrumb\"},\"inLanguage\":\"fr-FR\",\"potentialAction\":[{\"@type\":\"ReadAction\",\"target\":[\"https:\/\/anveran.com\/fr\/propriete-avec-vue-sur-la-mer\/\"]}]},{\"@type\":\"ImageObject\",\"inLanguage\":\"fr-FR\",\"@id\":\"https:\/\/anveran.com\/fr\/propriete-avec-vue-sur-la-mer\/#primaryimage\",\"url\":\"https:\/\/anveran.com\/wp-content\/uploads\/2024\/06\/4.jpg\",\"contentUrl\":\"https:\/\/anveran.com\/wp-content\/uploads\/2024\/06\/4.jpg\",\"width\":337,\"height\":479},{\"@type\":\"BreadcrumbList\",\"@id\":\"https:\/\/anveran.com\/fr\/propriete-avec-vue-sur-la-mer\/#breadcrumb\",\"itemListElement\":[{\"@type\":\"ListItem\",\"position\":1,\"name\":\"Home\",\"item\":\"https:\/\/anveran.com\/fr\/\"},{\"@type\":\"ListItem\",\"position\":2,\"name\":\"Propri\u00e9t\u00e9 avec vue sur la mer\"}]},{\"@type\":\"WebSite\",\"@id\":\"https:\/\/anveran.com\/#website\",\"url\":\"https:\/\/anveran.com\/\",\"name\":\"ANVERAN Real Estate\",\"description\":\"\",\"potentialAction\":[{\"@type\":\"SearchAction\",\"target\":{\"@type\":\"EntryPoint\",\"urlTemplate\":\"https:\/\/anveran.com\/?s={search_term_string}\"},\"query-input\":\"required name=search_term_string\"}],\"inLanguage\":\"fr-FR\"}]}<\/script>\n<!-- \/ Yoast SEO plugin. -->","yoast_head_json":{"title":"Acheter une propri\u00e9t\u00e9 avec vue sur la mer en Espagne - ANVERAN Real Estate","description":"Trouvez une propri\u00e9t\u00e9 avec vue sur la mer en Espagne avec Anveran : Faites l'exp\u00e9rience d'une vie luxueuse en bord de mer avec une vue imprenable.","robots":{"index":"index","follow":"follow","max-snippet":"max-snippet:-1","max-image-preview":"max-image-preview:large","max-video-preview":"max-video-preview:-1"},"canonical":"https:\/\/anveran.com\/fr\/propriete-avec-vue-sur-la-mer\/","og_locale":"fr_FR","og_type":"article","og_title":"Acheter une propri\u00e9t\u00e9 avec vue sur la mer en Espagne - ANVERAN Real Estate","og_description":"Trouvez une propri\u00e9t\u00e9 avec vue sur la mer en Espagne avec Anveran : Faites l'exp\u00e9rience d'une vie luxueuse en bord de mer avec une vue imprenable.","og_url":"https:\/\/anveran.com\/fr\/propriete-avec-vue-sur-la-mer\/","og_site_name":"ANVERAN Real Estate","article_modified_time":"2024-06-07T16:38:53+00:00","og_image":[{"width":337,"height":479,"url":"https:\/\/anveran.com\/wp-content\/uploads\/2024\/06\/4.jpg","type":"image\/jpeg"}],"twitter_card":"summary_large_image","twitter_misc":{"Dur\u00e9e de lecture estim\u00e9e":"1 minute"},"schema":{"@context":"https:\/\/schema.org","@graph":[{"@type":"WebPage","@id":"https:\/\/anveran.com\/fr\/propriete-avec-vue-sur-la-mer\/","url":"https:\/\/anveran.com\/fr\/propriete-avec-vue-sur-la-mer\/","name":"Acheter une propri\u00e9t\u00e9 avec vue sur la mer en Espagne - ANVERAN Real Estate","isPartOf":{"@id":"https:\/\/anveran.com\/#website"},"primaryImageOfPage":{"@id":"https:\/\/anveran.com\/fr\/propriete-avec-vue-sur-la-mer\/#primaryimage"},"image":{"@id":"https:\/\/anveran.com\/fr\/propriete-avec-vue-sur-la-mer\/#primaryimage"},"thumbnailUrl":"https:\/\/anveran.com\/wp-content\/uploads\/2024\/06\/4.jpg","datePublished":"2024-06-07T16:37:18+00:00","dateModified":"2024-06-07T16:38:53+00:00","description":"Trouvez une propri\u00e9t\u00e9 avec vue sur la mer en Espagne avec Anveran : Faites l'exp\u00e9rience d'une vie luxueuse en bord de mer avec une vue imprenable.","breadcrumb":{"@id":"https:\/\/anveran.com\/fr\/propriete-avec-vue-sur-la-mer\/#breadcrumb"},"inLanguage":"fr-FR","potentialAction":[{"@type":"ReadAction","target":["https:\/\/anveran.com\/fr\/propriete-avec-vue-sur-la-mer\/"]}]},{"@type":"ImageObject","inLanguage":"fr-FR","@id":"https:\/\/anveran.com\/fr\/propriete-avec-vue-sur-la-mer\/#primaryimage","url":"https:\/\/anveran.com\/wp-content\/uploads\/2024\/06\/4.jpg","contentUrl":"https:\/\/anveran.com\/wp-content\/uploads\/2024\/06\/4.jpg","width":337,"height":479},{"@type":"BreadcrumbList","@id":"https:\/\/anveran.com\/fr\/propriete-avec-vue-sur-la-mer\/#breadcrumb","itemListElement":[{"@type":"ListItem","position":1,"name":"Home","item":"https:\/\/anveran.com\/fr\/"},{"@type":"ListItem","position":2,"name":"Propri\u00e9t\u00e9 avec vue sur la mer"}]},{"@type":"WebSite","@id":"https:\/\/anveran.com\/#website","url":"https:\/\/anveran.com\/","name":"ANVERAN Real Estate","description":"","potentialAction":[{"@type":"SearchAction","target":{"@type":"EntryPoint","urlTemplate":"https:\/\/anveran.com\/?s={search_term_string}"},"query-input":"required name=search_term_string"}],"inLanguage":"fr-FR"}]}},"_links":{"self":[{"href":"https:\/\/anveran.com\/fr\/wp-json\/wp\/v2\/pages\/792"}],"collection":[{"href":"https:\/\/anveran.com\/fr\/wp-json\/wp\/v2\/pages"}],"about":[{"href":"https:\/\/anveran.com\/fr\/wp-json\/wp\/v2\/types\/page"}],"author":[{"embeddable":true,"href":"https:\/\/anveran.com\/fr\/wp-json\/wp\/v2\/users\/1"}],"replies":[{"embeddable":true,"href":"https:\/\/anveran.com\/fr\/wp-json\/wp\/v2\/comments?post=792"}],"version-history":[{"count":2,"href":"https:\/\/anveran.com\/fr\/wp-json\/wp\/v2\/pages\/792\/revisions"}],"predecessor-version":[{"id":801,"href":"https:\/\/anveran.com\/fr\/wp-json\/wp\/v2\/pages\/792\/revisions\/801"}],"wp:featuredmedia":[{"embeddable":true,"href":"https:\/\/anveran.com\/fr\/wp-json\/wp\/v2\/media\/729"}],"wp:attachment":[{"href":"https:\/\/anveran.com\/fr\/wp-json\/wp\/v2\/media?parent=792"}],"curies":[{"name":"wp","href":"https:\/\/api.w.org\/{rel}","templated":true}]}}