{"id":1015,"date":"2024-01-22T23:01:27","date_gmt":"2024-01-22T23:01:27","guid":{"rendered":"https:\/\/anveran-com.local\/?page_id=1015"},"modified":"2024-07-10T10:05:30","modified_gmt":"2024-07-10T10:05:30","slug":"privatuma-politika","status":"publish","type":"page","link":"https:\/\/anveran.com\/lv\/privatuma-politika\/","title":{"rendered":"Priv\u0101tuma politika"},"content":{"rendered":"<p>Juridiskais pazi\u0146ojums un lieto\u0161anas noteikumi<\/p>\n<p>Saska\u0146\u0101 ar 11. j\u016blija likuma 34\/2002 par Inform\u0101cijas sabiedr\u012bbas pakalpojumiem un elektronisko komerciju (LSSICE) 10. pantu P\u0101vels Tihonovs (turpm\u0101k \u201cAnveran Real Estate\u201d), kas ir atbild\u012bgs par \u0161o vietni, dara \u0161o inform\u0101ciju pieejamu Lietot\u0101jiem, lai defin\u0113tu t\u0101 lieto\u0161anas nosac\u012bjumus.<\/p>\n<p>Papildus \u0161eit nor\u0101d\u012btajam saturam \u012bpa\u0161ie aspekti, kas saist\u012bti ar personas datu aizsardz\u012bbu un \u0161\u012bs vietnes lietot\u0101ju priv\u0101tumu, ir izstr\u0101d\u0101ti Priv\u0101tuma politikas un S\u012bkdat\u0146u politikas lap\u0101s.<\/p>\n<p>Atbild par datu kontroli:<\/p>\n<ul>\n<li>Uz\u0146\u0113muma nosaukums: Shato Stin SL<\/li>\n<li>Tirdzniec\u012bbas nosaukums: Anveran Real Estate<\/li>\n<li>CIF\/NIF\/NIE: B54840517<\/li>\n<li>Re\u0123istr\u0113ts Alikantes pre\u010du re\u0123istr\u0101: 3844. da\u013ca, 106. lpp., 1.\u00a0raksts, lapa\u00a0A-144164<\/li>\n<li>Re\u0123istr\u0113t\u0101 adrese: Calle San Francisco 32, 1-1, 03140, Guardamar del Segura (Alikante)<\/li>\n<li>Darb\u012bba: nekustamais \u012bpa\u0161ums<\/li>\n<li>T\u0101lrunis: 672634604<\/li>\n<li>E-pasts: info@anveran.com<\/li>\n<li>Sazi\u0146as veidlapa: https:\/\/anveran-com.local\/contacts\/<\/li>\n<li>Dom\u0113na nosaukums: anveran.com<\/li>\n<\/ul>\n<p>* \u0100rst\u0113\u0161anas re\u0123istr\u0113\u0161ana saska\u0146\u0101 ar RGPD: klienti\/pieg\u0101d\u0101t\u0101ji, adres\u0101tu saraksti, darbinieki, videonov\u0113ro\u0161ana un t\u012bmek\u013ca lietot\u0101ji.<\/p>\n<h3>T\u012bmek\u013ca vietnes m\u0113r\u0137is<\/h3>\n<p>Anveran Real Estate t\u012bmek\u013ca vietnes m\u0113r\u0137is ir inform\u0113t klientus un potenci\u0101los klientus par t\u0101s produktiem un\/vai pakalpojumiem, kontaktinform\u0101ciju, atra\u0161an\u0101s vietu utt. Turkl\u0101t, ja nepiecie\u0161ams, t\u0101s m\u0113r\u0137is b\u016bs ar\u012b atkl\u0101t inform\u0101ciju, kas saist\u012bta ar darb\u012bbas nozari. atbild\u012bg\u0101 persona.<\/p>\n<h3>Regulat\u012bvais regul\u0113jums<\/h3>\n<p>\u0160\u012bs vietnes darb\u012bba ir pak\u013cauta Sp\u0101nijas un Eiropas tiesiskajam regul\u0113jumam, jo \u200b\u200b\u012bpa\u0161i \u0161\u0101diem noteikumiem:<\/p>\n<p>\u2022 Visp\u0101r\u012bg\u0101 datu aizsardz\u012bbas regula (GDPR) (ES) 2016\/679, kas regul\u0113 personas datu apstr\u0101di Eiropas Savien\u012bbas valst\u012bs.<\/p>\n<p>*\u00a05.\u00a0decembra Pamatlikums\u00a03\/2018 par datu aizsardz\u012bbu un digit\u0101laj\u0101m ties\u012bb\u0101m (LOPD un GDD), re\u0123ion\u0101lajiem noteikumiem (attiecin\u0101ms uz Sp\u0101niju) un kas nosaka un papla\u0161ina daudzus RGPD j\u0113dzienus un ties\u012bbas.<\/p>\n<p>* 11. j\u016blija Likums 34\/2002 par Inform\u0101cijas sabiedr\u012bbas un elektronisk\u0101s komercijas pakalpojumiem (LSSICE), norma, kas skar t\u0101s t\u012bmek\u013ca vietnes, kuras kaut k\u0101d\u0101 veid\u0101 veic saimniecisko darb\u012bbu, izmantojot elektroniskos l\u012bdzek\u013cus, k\u0101 tas ir \u0161\u012bs t\u012bmek\u013ca vietnes gad\u012bjum\u0101. .<\/p>\n<h3>Lieto\u0161anas noteikumi un pien\u0101kumi<\/h3>\n<p>Jebkura persona, kas piek\u013c\u016bst \u0161ai vietnei, uz\u0146emas Lietot\u0101ja lomu, ap\u0146emoties iev\u0113rot un stingri iev\u0113rot \u0161eit izkl\u0101st\u012btos nosac\u012bjumus, k\u0101 ar\u012b visus citus piem\u0113rojamos ties\u012bbu aktus. \u201cAnveran Real Estate\u201d nav atbild\u012bgs par zaud\u0113jumiem, kas radu\u0161ies Lietot\u0101jam, izmantojot \u0161o vietni, pa\u0161am vai tre\u0161aj\u0101m person\u0101m.<\/p>\n<p>&#8220;Anveran Real Estate&#8221; nodro\u0161ina piek\u013cuvi rakstiem, inform\u0101cijai, pakalpojumiem un datiem, kas pieder tam vai tre\u0161aj\u0101m person\u0101m, kas sagatavoti t\u012bri informat\u012bviem vai informat\u012bviem nol\u016bkiem, kas var neatspogu\u013cot pa\u0161reiz\u0113jo likumdo\u0161anas vai jurisprudences st\u0101vokli un attiecas uz visp\u0101r\u012bg\u0101m situ\u0101cij\u0101m, t\u0101p\u0113c to saturs Lietot\u0101jam nav oblig\u0101ti j\u0101piem\u0113ro konkr\u0113tiem gad\u012bjumiem. T\u0101d\u0113\u013c \u0161\u012bs vietnes saturu nek\u0101d\u0101 gad\u012bjum\u0101 nevar uzskat\u012bt par juridisko konsult\u0101ciju aizst\u0101j\u0113ju.<\/p>\n<p>\u201cAnveran Real Estate\u201d patur ties\u012bbas main\u012bt jebk\u0101da veida inform\u0101ciju, kas var par\u0101d\u012bties t\u012bmekl\u012b, jebkur\u0101 laik\u0101 un bez iepriek\u0161\u0113ja br\u012bdin\u0101juma, bez pien\u0101kuma iepriek\u0161 br\u012bdin\u0101t vai inform\u0113t Lietot\u0101jus par \u0161\u0101d\u0101m saist\u012bb\u0101m, kas tiek saprasta k\u0101 pietiekama publik\u0101cija \u0161\u012b vietne.<\/p>\n<p>\u0160\u012b vietne ir p\u0101rskat\u012bta un p\u0101rbaud\u012bta, vai t\u0101 darbojas pareizi. Tom\u0113r \u201cAnveran Real Estate\u201d neizsl\u0113dz iesp\u0113ju, ka var b\u016bt noteiktas programm\u0113\u0161anas k\u013c\u016bdas, savlaic\u012bgas pieejam\u012bbas tr\u016bkums (piem\u0113ram, servera av\u0101rijas vai t\u0101 apkope) vai nep\u0101rvaramas varas, dabas katastrofu, streiku vai taml\u012bdz\u012bgu iemeslu d\u0113\u013c. apst\u0101k\u013ci, kas padara neiesp\u0113jamu pagaidu piek\u013cuvi vietnei. T\u0101pat &#8220;Anveran Real Estate&#8221; nevar garant\u0113t \u0161\u012bs vietnes nep\u0101rtrauktu vai piln\u012bgi bez k\u013c\u016bd\u0101m darb\u012bbu, k\u0101 ar\u012b nav atbild\u012bgs par v\u012brusiem, kas c\u0113lu\u0161ies no tre\u0161o pu\u0161u infiltr\u0113tas telem\u0101tikas p\u0101rraides, kas \u0123ener\u0113tas, lai datorsist\u0113mai ieg\u016btu negat\u012bvus rezult\u0101tus.<\/p>\n<p>Lietot\u0101js ap\u0146emas neizmantot \u0161o vietni vai, ja piem\u0113rojams, taj\u0101 pied\u0101v\u0101tos pakalpojumus vai produktus, lai veiktu darb\u012bbas, kas ir pretrun\u0101 ar likumu, sabiedrisko k\u0101rt\u012bbu vai \u0161iem lieto\u0161anas nosac\u012bjumiem. T\u0101d\u0113\u013c \u201cAnveran Real Estate\u201d nav atbild\u012bgs par inform\u0101ciju un saturu, kas tiek glab\u0101ts, piem\u0113ram, bet ne tikai, forumos, t\u0113rz\u0113tav\u0101s, emu\u0101ru \u0123eneratoros, koment\u0101ros, soci\u0101lajos t\u012bklos vai citos veidos, kas \u013cauj tre\u0161aj\u0101m person\u0101m public\u0113t saturu. Tom\u0113r, iev\u0113rojot 1. panta noteikumus. LSSI-CE 11. un 16. pants \u201cAnveran Real Estate\u201d ir pieejams visiem Lietot\u0101jiem, iest\u0101d\u0113m un dro\u0161\u012bbas sp\u0113kiem un akt\u012bvi sadarbojas visa t\u0101 satura atsauk\u0161an\u0101 vai, ja nepiecie\u0161ams, blo\u0137\u0113\u0161an\u0101, kas var\u0113tu ietekm\u0113t vai b\u016bt pretrun\u0101 valsts vai starptautiskajam ties\u012bbu akti, tre\u0161o personu ties\u012bbas vai mor\u0101le un sabiedrisk\u0101 k\u0101rt\u012bba. Gad\u012bjum\u0101, ja Lietot\u0101js uzskata, ka t\u012bmekl\u012b ir k\u0101ds saturs, kas var\u0113tu b\u016bt pak\u013cauts \u0161ai klasifik\u0101cijai, l\u016bdzu, nekav\u0113joties inform\u0113jiet m\u016bsu darbiniekus.<\/p>\n<p>\u201cAnveran Real Estate\u201d patur ties\u012bbas bez iepriek\u0161\u0113ja br\u012bdin\u0101juma p\u0113c savas vai tre\u0161\u0101s puses piepras\u012bjuma liegt vai atsaukt piek\u013cuvi vietnei tiem Lietot\u0101jiem, kuri p\u0101rk\u0101pj m\u016bsu lieto\u0161anas noteikumus.<\/p>\n<h3>Intelektu\u0101lais \u012bpa\u0161ums<\/h3>\n<p>Vietne, tostarp, bet ne tikai, t\u0101s programm\u0113\u0161ana, redi\u0123\u0113\u0161ana, apkopo\u0161ana un citi t\u0101s darb\u012bbai nepiecie\u0161amie elementi, dizaini, logotipi, teksts un\/vai grafika ir \u201cAnveran Real Estate\u201d \u012bpa\u0161ums vai, ja nepiecie\u0161ams, tai ir licence vai izteiktu autoru at\u013cauju.<\/p>\n<p>Viss vietnes saturs ir pien\u0101c\u012bgi aizsarg\u0101ts ar intelektu\u0101l\u0101 un r\u016bpniecisk\u0101 \u012bpa\u0161uma noteikumiem (Intelektu\u0101l\u0101 \u012bpa\u0161uma likuma 8. pants un 32.1. otr\u0101 da\u013ca), k\u0101 ar\u012b re\u0123istr\u0113ts attiec\u012bgajos publiskajos re\u0123istros, k\u0101 ar\u012b reproduc\u0113\u0161ana un\/vai publik\u0101cija, Vietnes piln\u012bga vai da\u013c\u0113ja, k\u0101 ar\u012b t\u0101s datoriz\u0113ta apstr\u0101de, izplat\u012b\u0161ana, izplat\u012b\u0161ana, modific\u0113\u0161ana vai p\u0101rveido\u0161ana bez iepriek\u0161\u0113jas rakstiskas at\u013caujas nav at\u013cauta. \u201cAnveran Real Estate\u201d nodro\u0161in\u0101s augst\u0101kmin\u0113to nosac\u012bjumu iev\u0113ro\u0161anu, k\u0101 ar\u012b sav\u0101s t\u012bmek\u013ca vietn\u0113s att\u0113lot\u0101 satura pareizu izmanto\u0161anu, \u012bstenojot visas tam atbilsto\u0161\u0101s civil\u0101s un krimin\u0101l\u0101s pras\u012bbas gad\u012bjum\u0101, ja \u0161o ties\u012bbu p\u0101rk\u0101pums vai p\u0101rk\u0101pums ir izdar\u012bts no uz\u0146\u0113muma puses. Lietot\u0101js.<\/p>\n<p>Dizaini, logotipi, teksts un\/vai grafikas, kas nav \u201cAnveran Real Estate\u201d, un kas var par\u0101d\u012bties vietn\u0113, pieder to attiec\u012bgajiem \u012bpa\u0161niekiem, kuri pa\u0161i ir atbild\u012bgi par jebk\u0101d\u0101m iesp\u0113jam\u0101m pretrun\u0101m, kas var rasties saist\u012bb\u0101 ar tiem. Jebkur\u0101 gad\u012bjum\u0101 uz\u0146\u0113mumam \u201cAnveran Real Estate\u201d ir tie\u0161a un iepriek\u0161\u0113ja vi\u0146u at\u013cauja. \u201cAnveran Real Estate\u201d atz\u012bst par labu saviem \u012bpa\u0161niekiem atbilsto\u0161\u0101s r\u016bpniecisk\u0101 un intelektu\u0101l\u0101 \u012bpa\u0161uma ties\u012bbas, to piemin\u0113\u0161ana vai par\u0101d\u012b\u0161an\u0101s m\u0101jaslap\u0101 nenoz\u012bm\u0113 par t\u0101m Atbild\u012bg\u0101s personas ties\u012bbu vai atbild\u012bbas esam\u012bbu, k\u0101 ar\u012b apstiprin\u0101jumu, sponsor\u0113\u0161anu. vai t\u0101 pa\u0161a ieteikums.<\/p>\n<h3>Tre\u0161o pu\u0161u saites<\/h3>\n<p>\u201cAnveran Real Estate\u201d var padar\u012bt Lietot\u0101jam pieejamas saites vai citus elementus, kas \u013cauj piek\u013c\u016bt cit\u0101m tre\u0161aj\u0101m person\u0101m piedero\u0161\u0101m vietn\u0113m. M\u0113s nekomercializ\u0113jam \u0161o saist\u012bto lapu produktus un\/vai pakalpojumus, k\u0101 ar\u012b neuz\u0146emamies nek\u0101du atbild\u012bbu par tiem, ne par tajos ietverto inform\u0101ciju, ne par to patiesumu vai likum\u012bbu, ne ar\u012b par jebk\u0101d\u0101m sek\u0101m, kas var rasties.<\/p>\n<p>Jebkur\u0101 gad\u012bjum\u0101 \u201cAnveran Real Estate\u201d pazi\u0146o, ka nekav\u0113joties iz\u0146ems jebk\u0101du saturu, kas var\u0113tu b\u016bt pretrun\u0101 valsts vai starptautiskajiem ties\u012bbu aktiem, mor\u0101lei vai sabiedriskajai k\u0101rt\u012bbai, nekav\u0113joties atce\u013cot novirz\u012b\u0161anu uz min\u0113to vietni, inform\u0113jot kompetent\u0101s iest\u0101des. no attiec\u012bg\u0101 satura.<\/p>\n<p>Piem\u0113rojamie ties\u012bbu akti un jurisdikcija<\/p>\n<p>Attiec\u012bbas starp Atbild\u012bgo un Lietot\u0101ju katr\u0101 no t\u0101s gal\u0113j\u012bb\u0101m regul\u0113 Sp\u0101nijas ties\u012bbu akti, kuriem abas puses nep\u0101rprotami pak\u013caujas. \u0160\u012b juridisk\u0101 pazi\u0146ojuma rakst\u012b\u0161anas un interpret\u0101cijas valoda ir sp\u0101\u0146u valoda. Visu str\u012bdu vai jaut\u0101jumu risin\u0101\u0161anai, kas saist\u012bti ar \u0161o vietni vai taj\u0101 veiktaj\u0101m darb\u012bb\u0101m, \u201cAnveran Real Estate\u201d un Lietot\u0101js piekr\u012bt pak\u013cauties Lietot\u0101ja dz\u012bvesvietas ties\u0101m un tribun\u0101liem.<\/p>\n<h3>Konfidencialit\u0101tes politika<\/h3>\n<p>&#8220;Anveran Real Estate&#8221; ir cie\u0161i ap\u0146\u0113musies iev\u0113rot Sp\u0101nijas un Eiropas noteikumus par personas datu aizsardz\u012bbu un garant\u0113 piln\u012bgu atbilst\u012bbu noteiktajiem pien\u0101kumiem, k\u0101 ar\u012b Visp\u0101r\u012bgaj\u0101 datu aizsardz\u012bbas regul\u0101 paredz\u0113to dro\u0161\u012bbas pas\u0101kumu ievie\u0161anu. GDPR) (ES) 2016\/679 un 5. decembra Pamatlikums 3\/2018 par datu aizsardz\u012bbu un digit\u0101laj\u0101m ties\u012bb\u0101m (LOPD un GDD, turpm\u0101k LOPD).<\/p>\n<p>Saska\u0146\u0101 ar \u0161iem noteikumiem m\u0113s j\u016bs inform\u0113jam, ka, lai izmantotu m\u016bsu vietni, var b\u016bt nepiecie\u0161ams sniegt noteiktus personas datus, izmantojot sazi\u0146as veidlapas vai s\u016btot e-pasta zi\u0146ojumus, un tos apstr\u0101d\u0101s &#8220;Anveran Real Estate&#8221;, kas ir atbild\u012bgs par apstr\u0101di, kuru dati ir:<\/p>\n<p>\u201cAnveran Real Estate\u201d patur ties\u012bbas bez iepriek\u0161\u0113ja br\u012bdin\u0101juma p\u0113c savas vai tre\u0161\u0101s puses piepras\u012bjuma liegt vai atsaukt piek\u013cuvi vietnei tiem Lietot\u0101jiem, kuri p\u0101rk\u0101pj m\u016bsu lieto\u0161anas noteikumus.<\/p>\n<h3>Intelektu\u0101lais \u012bpa\u0161ums<\/h3>\n<p>Vietne, tostarp, bet ne tikai, t\u0101s programm\u0113\u0161ana, redi\u0123\u0113\u0161ana, apkopo\u0161ana un citi t\u0101s darb\u012bbai nepiecie\u0161amie elementi, dizaini, logotipi, teksts un\/vai grafika ir \u201cAnveran Real Estate\u201d \u012bpa\u0161ums vai, ja nepiecie\u0161ams, tai ir licence vai izteiktu autoru at\u013cauju.<\/p>\n<p>Viss vietnes saturs ir pien\u0101c\u012bgi aizsarg\u0101ts ar intelektu\u0101l\u0101 un r\u016bpniecisk\u0101 \u012bpa\u0161uma noteikumiem (Intelektu\u0101l\u0101 \u012bpa\u0161uma likuma 8. pants un 32.1. otr\u0101 da\u013ca), k\u0101 ar\u012b re\u0123istr\u0113ts attiec\u012bgajos publiskajos re\u0123istros, k\u0101 ar\u012b reproduc\u0113\u0161ana un\/vai publik\u0101cija, Vietnes piln\u012bga vai da\u013c\u0113ja, k\u0101 ar\u012b t\u0101s datoriz\u0113ta apstr\u0101de, izplat\u012b\u0161ana, izplat\u012b\u0161ana, modific\u0113\u0161ana vai p\u0101rveido\u0161ana bez iepriek\u0161\u0113jas rakstiskas at\u013caujas nav at\u013cauta. \u201cAnveran Real Estate\u201d nodro\u0161in\u0101s augst\u0101kmin\u0113to nosac\u012bjumu iev\u0113ro\u0161anu, k\u0101 ar\u012b sav\u0101s t\u012bmek\u013ca vietn\u0113s att\u0113lot\u0101 satura pareizu izmanto\u0161anu, \u012bstenojot visas tam atbilsto\u0161\u0101s civil\u0101s un krimin\u0101l\u0101s pras\u012bbas gad\u012bjum\u0101, ja \u0161o ties\u012bbu p\u0101rk\u0101pums vai p\u0101rk\u0101pums ir izdar\u012bts no uz\u0146\u0113muma puses. Lietot\u0101js.<\/p>\n<p>Dizaini, logotipi, teksts un\/vai grafikas, kas nav \u201cAnveran Real Estate\u201d, un kas var par\u0101d\u012bties vietn\u0113, pieder to attiec\u012bgajiem \u012bpa\u0161niekiem, kuri pa\u0161i ir atbild\u012bgi par jebk\u0101d\u0101m iesp\u0113jam\u0101m pretrun\u0101m, kas var rasties saist\u012bb\u0101 ar tiem. Jebkur\u0101 gad\u012bjum\u0101 uz\u0146\u0113mumam \u201cAnveran Real Estate\u201d ir tie\u0161a un iepriek\u0161\u0113ja vi\u0146u at\u013cauja. \u201cAnveran Real Estate\u201d atz\u012bst par labu saviem \u012bpa\u0161niekiem atbilsto\u0161\u0101s r\u016bpniecisk\u0101 un intelektu\u0101l\u0101 \u012bpa\u0161uma ties\u012bbas, to piemin\u0113\u0161ana vai par\u0101d\u012b\u0161an\u0101s m\u0101jaslap\u0101 nenoz\u012bm\u0113 par t\u0101m Atbild\u012bg\u0101s personas ties\u012bbu vai atbild\u012bbas esam\u012bbu, k\u0101 ar\u012b apstiprin\u0101jumu, sponsor\u0113\u0161anu. vai t\u0101 pa\u0161a ieteikums.<\/p>\n<h3>Tre\u0161o pu\u0161u saites<\/h3>\n<p>\u201cAnveran Real Estate\u201d var padar\u012bt Lietot\u0101jam pieejamas saites vai citus elementus, kas \u013cauj piek\u013c\u016bt cit\u0101m tre\u0161aj\u0101m person\u0101m piedero\u0161\u0101m vietn\u0113m. M\u0113s nekomercializ\u0113jam \u0161o saist\u012bto lapu produktus un\/vai pakalpojumus, k\u0101 ar\u012b neuz\u0146emamies nek\u0101du atbild\u012bbu par tiem, ne par tajos ietverto inform\u0101ciju, ne par to patiesumu vai likum\u012bbu, ne ar\u012b par jebk\u0101d\u0101m sek\u0101m, kas var rasties.<\/p>\n<p>Jebkur\u0101 gad\u012bjum\u0101 \u201cAnveran Real Estate\u201d pazi\u0146o, ka nekav\u0113joties iz\u0146ems jebk\u0101du saturu, kas var\u0113tu b\u016bt pretrun\u0101 valsts vai starptautiskajiem ties\u012bbu aktiem, mor\u0101lei vai sabiedriskajai k\u0101rt\u012bbai, nekav\u0113joties atce\u013cot novirz\u012b\u0161anu uz min\u0113to vietni, inform\u0113jot kompetent\u0101s iest\u0101des. no attiec\u012bg\u0101 satura.<\/p>\n<p>Piem\u0113rojamie ties\u012bbu akti un jurisdikcija<\/p>\n<p>Attiec\u012bbas starp Atbild\u012bgo un Lietot\u0101ju katr\u0101 no t\u0101s gal\u0113j\u012bb\u0101m regul\u0113 Sp\u0101nijas ties\u012bbu akti, kuriem abas puses nep\u0101rprotami pak\u013caujas. \u0160\u012b juridisk\u0101 pazi\u0146ojuma rakst\u012b\u0161anas un interpret\u0101cijas valoda ir sp\u0101\u0146u valoda. Visu str\u012bdu vai jaut\u0101jumu risin\u0101\u0161anai, kas saist\u012bti ar \u0161o vietni vai taj\u0101 veiktaj\u0101m darb\u012bb\u0101m, \u201cAnveran Real Estate\u201d un Lietot\u0101js piekr\u012bt pak\u013cauties Lietot\u0101ja dz\u012bvesvietas ties\u0101m un tribun\u0101liem.<\/p>\n<h3>Konfidencialit\u0101tes politika<\/h3>\n<p>&#8220;Anveran Real Estate&#8221; ir cie\u0161i ap\u0146\u0113musies iev\u0113rot Sp\u0101nijas un Eiropas noteikumus par personas datu aizsardz\u012bbu un garant\u0113 piln\u012bgu atbilst\u012bbu noteiktajiem pien\u0101kumiem, k\u0101 ar\u012b Visp\u0101r\u012bgaj\u0101 datu aizsardz\u012bbas regul\u0101 paredz\u0113to dro\u0161\u012bbas pas\u0101kumu ievie\u0161anu. GDPR) (ES) 2016\/679 un 5. decembra Pamatlikums 3\/2018 par datu aizsardz\u012bbu un digit\u0101laj\u0101m ties\u012bb\u0101m (LOPD un GDD, turpm\u0101k LOPD).<\/p>\n<p>Saska\u0146\u0101 ar \u0161iem noteikumiem m\u0113s j\u016bs inform\u0113jam, ka, lai izmantotu m\u016bsu vietni, var b\u016bt nepiecie\u0161ams sniegt noteiktus personas datus, izmantojot sazi\u0146as veidlapas vai s\u016btot e-pasta zi\u0146ojumus, un tos apstr\u0101d\u0101s &#8220;Anveran Real Estate&#8221;, kas ir atbild\u012bgs par apstr\u0101di, kuru dati ir:<\/p>\n","protected":false},"excerpt":{"rendered":"<p>Juridiskais pazi\u0146ojums un lieto\u0161anas noteikumi Saska\u0146\u0101 ar 11. j\u016blija likuma 34\/2002 par Inform\u0101cijas sabiedr\u012bbas pakalpojumiem un elektronisko komerciju (LSSICE) 10. pantu P\u0101vels Tihonovs (turpm\u0101k \u201cAnveran Real Estate\u201d), kas ir atbild\u012bgs par \u0161o vietni, dara \u0161o inform\u0101ciju pieejamu Lietot\u0101jiem, lai defin\u0113tu t\u0101 lieto\u0161anas nosac\u012bjumus. Papildus \u0161eit nor\u0101d\u012btajam saturam \u012bpa\u0161ie aspekti, kas saist\u012bti ar personas datu aizsardz\u012bbu [&hellip;]<\/p>\n","protected":false},"author":2,"featured_media":0,"parent":0,"menu_order":0,"comment_status":"closed","ping_status":"closed","template":"","meta":{"_acf_changed":false,"inline_featured_image":false,"footnotes":"","_wp_rev_ctl_limit":""},"acf":[],"yoast_head":"<!-- This site is optimized with the Yoast SEO plugin v22.7 - https:\/\/yoast.com\/wordpress\/plugins\/seo\/ -->\n<title>Priv\u0101tuma politika - ANVERAN Real Estate<\/title>\n<meta name=\"robots\" content=\"index, follow, max-snippet:-1, max-image-preview:large, max-video-preview:-1\" \/>\n<link rel=\"canonical\" href=\"https:\/\/anveran.com\/lv\/privatuma-politika\/\" \/>\n<meta property=\"og:locale\" content=\"lv_LV\" \/>\n<meta property=\"og:type\" content=\"article\" \/>\n<meta property=\"og:title\" content=\"Priv\u0101tuma politika - ANVERAN Real Estate\" \/>\n<meta property=\"og:description\" content=\"Juridiskais pazi\u0146ojums un lieto\u0161anas noteikumi Saska\u0146\u0101 ar 11. j\u016blija likuma 34\/2002 par Inform\u0101cijas sabiedr\u012bbas pakalpojumiem un elektronisko komerciju (LSSICE) 10. pantu P\u0101vels Tihonovs (turpm\u0101k \u201cAnveran Real Estate\u201d), kas ir atbild\u012bgs par \u0161o vietni, dara \u0161o inform\u0101ciju pieejamu Lietot\u0101jiem, lai defin\u0113tu t\u0101 lieto\u0161anas nosac\u012bjumus. Papildus \u0161eit nor\u0101d\u012btajam saturam \u012bpa\u0161ie aspekti, kas saist\u012bti ar personas datu aizsardz\u012bbu [&hellip;]\" \/>\n<meta property=\"og:url\" content=\"https:\/\/anveran.com\/lv\/privatuma-politika\/\" \/>\n<meta property=\"og:site_name\" content=\"ANVERAN Real Estate\" \/>\n<meta property=\"article:modified_time\" content=\"2024-07-10T10:05:30+00:00\" \/>\n<meta name=\"twitter:card\" content=\"summary_large_image\" \/>\n<script type=\"application\/ld+json\" class=\"yoast-schema-graph\">{\"@context\":\"https:\/\/schema.org\",\"@graph\":[{\"@type\":\"WebPage\",\"@id\":\"https:\/\/anveran.com\/lv\/privatuma-politika\/\",\"url\":\"https:\/\/anveran.com\/lv\/privatuma-politika\/\",\"name\":\"Priv\u0101tuma politika - ANVERAN Real Estate\",\"isPartOf\":{\"@id\":\"https:\/\/anveran.com\/#website\"},\"datePublished\":\"2024-01-22T23:01:27+00:00\",\"dateModified\":\"2024-07-10T10:05:30+00:00\",\"breadcrumb\":{\"@id\":\"https:\/\/anveran.com\/lv\/privatuma-politika\/#breadcrumb\"},\"inLanguage\":\"lv-LV\",\"potentialAction\":[{\"@type\":\"ReadAction\",\"target\":[\"https:\/\/anveran.com\/lv\/privatuma-politika\/\"]}]},{\"@type\":\"BreadcrumbList\",\"@id\":\"https:\/\/anveran.com\/lv\/privatuma-politika\/#breadcrumb\",\"itemListElement\":[{\"@type\":\"ListItem\",\"position\":1,\"name\":\"Home\",\"item\":\"https:\/\/anveran.com\/lv\/\"},{\"@type\":\"ListItem\",\"position\":2,\"name\":\"Priv\u0101tuma politika\"}]},{\"@type\":\"WebSite\",\"@id\":\"https:\/\/anveran.com\/#website\",\"url\":\"https:\/\/anveran.com\/\",\"name\":\"ANVERAN Real Estate\",\"description\":\"\",\"potentialAction\":[{\"@type\":\"SearchAction\",\"target\":{\"@type\":\"EntryPoint\",\"urlTemplate\":\"https:\/\/anveran.com\/?s={search_term_string}\"},\"query-input\":\"required name=search_term_string\"}],\"inLanguage\":\"lv-LV\"}]}<\/script>\n<!-- \/ Yoast SEO plugin. -->","yoast_head_json":{"title":"Priv\u0101tuma politika - ANVERAN Real Estate","robots":{"index":"index","follow":"follow","max-snippet":"max-snippet:-1","max-image-preview":"max-image-preview:large","max-video-preview":"max-video-preview:-1"},"canonical":"https:\/\/anveran.com\/lv\/privatuma-politika\/","og_locale":"lv_LV","og_type":"article","og_title":"Priv\u0101tuma politika - ANVERAN Real Estate","og_description":"Juridiskais pazi\u0146ojums un lieto\u0161anas noteikumi Saska\u0146\u0101 ar 11. j\u016blija likuma 34\/2002 par Inform\u0101cijas sabiedr\u012bbas pakalpojumiem un elektronisko komerciju (LSSICE) 10. pantu P\u0101vels Tihonovs (turpm\u0101k \u201cAnveran Real Estate\u201d), kas ir atbild\u012bgs par \u0161o vietni, dara \u0161o inform\u0101ciju pieejamu Lietot\u0101jiem, lai defin\u0113tu t\u0101 lieto\u0161anas nosac\u012bjumus. Papildus \u0161eit nor\u0101d\u012btajam saturam \u012bpa\u0161ie aspekti, kas saist\u012bti ar personas datu aizsardz\u012bbu [&hellip;]","og_url":"https:\/\/anveran.com\/lv\/privatuma-politika\/","og_site_name":"ANVERAN Real Estate","article_modified_time":"2024-07-10T10:05:30+00:00","twitter_card":"summary_large_image","schema":{"@context":"https:\/\/schema.org","@graph":[{"@type":"WebPage","@id":"https:\/\/anveran.com\/lv\/privatuma-politika\/","url":"https:\/\/anveran.com\/lv\/privatuma-politika\/","name":"Priv\u0101tuma politika - ANVERAN Real Estate","isPartOf":{"@id":"https:\/\/anveran.com\/#website"},"datePublished":"2024-01-22T23:01:27+00:00","dateModified":"2024-07-10T10:05:30+00:00","breadcrumb":{"@id":"https:\/\/anveran.com\/lv\/privatuma-politika\/#breadcrumb"},"inLanguage":"lv-LV","potentialAction":[{"@type":"ReadAction","target":["https:\/\/anveran.com\/lv\/privatuma-politika\/"]}]},{"@type":"BreadcrumbList","@id":"https:\/\/anveran.com\/lv\/privatuma-politika\/#breadcrumb","itemListElement":[{"@type":"ListItem","position":1,"name":"Home","item":"https:\/\/anveran.com\/lv\/"},{"@type":"ListItem","position":2,"name":"Priv\u0101tuma politika"}]},{"@type":"WebSite","@id":"https:\/\/anveran.com\/#website","url":"https:\/\/anveran.com\/","name":"ANVERAN Real Estate","description":"","potentialAction":[{"@type":"SearchAction","target":{"@type":"EntryPoint","urlTemplate":"https:\/\/anveran.com\/?s={search_term_string}"},"query-input":"required name=search_term_string"}],"inLanguage":"lv-LV"}]}},"_links":{"self":[{"href":"https:\/\/anveran.com\/lv\/wp-json\/wp\/v2\/pages\/1015"}],"collection":[{"href":"https:\/\/anveran.com\/lv\/wp-json\/wp\/v2\/pages"}],"about":[{"href":"https:\/\/anveran.com\/lv\/wp-json\/wp\/v2\/types\/page"}],"author":[{"embeddable":true,"href":"https:\/\/anveran.com\/lv\/wp-json\/wp\/v2\/users\/2"}],"replies":[{"embeddable":true,"href":"https:\/\/anveran.com\/lv\/wp-json\/wp\/v2\/comments?post=1015"}],"version-history":[{"count":1,"href":"https:\/\/anveran.com\/lv\/wp-json\/wp\/v2\/pages\/1015\/revisions"}],"predecessor-version":[{"id":1016,"href":"https:\/\/anveran.com\/lv\/wp-json\/wp\/v2\/pages\/1015\/revisions\/1016"}],"wp:attachment":[{"href":"https:\/\/anveran.com\/lv\/wp-json\/wp\/v2\/media?parent=1015"}],"curies":[{"name":"wp","href":"https:\/\/api.w.org\/{rel}","templated":true}]}}