{"id":1070,"date":"2023-12-11T15:24:00","date_gmt":"2023-12-11T15:24:00","guid":{"rendered":"https:\/\/anveran-com.local\/?page_id=1070"},"modified":"2024-08-03T12:11:40","modified_gmt":"2024-08-03T12:11:40","slug":"ekskluzywne","status":"publish","type":"page","link":"https:\/\/anveran.com\/pl\/ekskluzywne\/","title":{"rendered":"Ekskluzywne"},"content":{"rendered":"\r\n<h2 class=\"wp-block-heading\">Ekskluzywne nieruchomo\u015bci w Hiszpanii<\/h2>\r\n\r\n\r\nANVERAN zaprasza Ci\u0119 do zanurzenia si\u0119 w t\u0119tni\u0105cym \u017cyciem i sk\u0105panym w s\u0142o\u0144cu \u015bwiecie Hiszpanii dzi\u0119ki naszemu starannie wybranemu wyborowi ekskluzywnych nieruchomo\u015bci. Jako Tw\u00f3j zaufany przewodnik, jeste\u015bmy oddani zapewnianiu nie tylko domu, ale tak\u017ce bramy do do\u015bwiadczania bogatej kultury, zapieraj\u0105cych dech w piersiach krajobraz\u00f3w i luksusowego stylu \u017cycia, jaki oferuje Hiszpania.\r\n\r\nDzi\u0119ki ANVERAN odkrywanie idealnego schronienia po\u015br\u00f3d zr\u00f3\u017cnicowanych region\u00f3w Hiszpanii staje si\u0119 \u0142atw\u0105 podr\u00f3\u017c\u0105. Niezale\u017cnie od tego, czy przyci\u0105gaj\u0105 Ci\u0119 spokojne pla\u017ce Costa del Sol, surowe pi\u0119kno Balear\u00f3w, czy historyczny urok andaluzyjskiej wsi, nasze portfolio jest skrupulatnie wyselekcjonowane, aby zapewni\u0107 Ci znalezienie nieruchomo\u015bci, kt\u00f3ra odpowiada Twoim pragnieniom.\r\n\r\nNasze zaanga\u017cowanie wykracza poza wyb\u00f3r nieruchomo\u015bci. Rozumiemy, \u017ce przyj\u0119cie hiszpa\u0144skiego stylu \u017cycia polega na do\u015bwiadczaniu harmonii \u015bwiatowej s\u0142awy kuchni, ciep\u0142a mieszka\u0144c\u00f3w i \u015bwi\u0105tecznego ducha, kt\u00f3ry przenika ulice. Dlatego oferujemy kompleksowe doradztwo i wsparcie, aby pom\u00f3c Ci porusza\u0107 si\u0119 po ka\u017cdym aspekcie Twojej transformacji, od kwestii prawnych po lokalne zwyczaje, zapewniaj\u0105c bezproblemow\u0105 integracj\u0119 z Twoj\u0105 now\u0105 spo\u0142eczno\u015bci\u0105.\r\n\r\nWyb\u00f3r ANVERAN oznacza wyb\u00f3r \u017cycia wzbogaconego smakiem s\u0142o\u0144ca i oceanu, gdzie ka\u017cdy dzie\u0144 jest zaproszeniem do eksploracji, relaksu i \u015bwi\u0119towania. Pozw\u00f3l nam pom\u00f3c Ci znale\u017a\u0107 Tw\u00f3j kawa\u0142ek raju w Hiszpanii, gdzie luksus spotyka si\u0119 z tradycj\u0105, a marzenia staj\u0105 si\u0119 rzeczywisto\u015bci\u0105. Witamy w \u015bwiecie, w kt\u00f3rym s\u0142o\u0144ce zawsze \u015bwieci ja\u015bniej. Witamy w \u015bwiecie ANVERAN.\r\n\r\n\r\n\r\n","protected":false},"excerpt":{"rendered":"<p>Ekskluzywne nieruchomo\u015bci w Hiszpanii ANVERAN zaprasza Ci\u0119 do zanurzenia si\u0119 w t\u0119tni\u0105cym \u017cyciem i sk\u0105panym w s\u0142o\u0144cu \u015bwiecie Hiszpanii dzi\u0119ki naszemu starannie wybranemu wyborowi ekskluzywnych nieruchomo\u015bci. Jako Tw\u00f3j zaufany przewodnik, jeste\u015bmy oddani zapewnianiu nie tylko domu, ale tak\u017ce bramy do do\u015bwiadczania bogatej kultury, zapieraj\u0105cych dech w piersiach krajobraz\u00f3w i luksusowego stylu \u017cycia, jaki oferuje Hiszpania. [&hellip;]<\/p>\n","protected":false},"author":2,"featured_media":0,"parent":0,"menu_order":0,"comment_status":"closed","ping_status":"closed","template":"page-catalog.php","meta":{"_acf_changed":false,"inline_featured_image":false,"footnotes":"","_wp_rev_ctl_limit":""},"acf":[],"yoast_head":"<!-- This site is optimized with the Yoast SEO plugin v22.7 - https:\/\/yoast.com\/wordpress\/plugins\/seo\/ -->\n<title>Ekskluzywne oferty w Hiszpanii, kupuj ekskluzywne nieruchomo\u015bci z ANVERAN<\/title>\n<meta name=\"description\" content=\"Odkryj Hiszpani\u0119, wybieraj\u0105c ekskluzywne nieruchomo\u015bci od ANVERAN. Zanurz si\u0119 w hiszpa\u0144skim stylu \u017cycia.\" \/>\n<meta name=\"robots\" content=\"index, follow, max-snippet:-1, max-image-preview:large, max-video-preview:-1\" \/>\n<link rel=\"canonical\" href=\"https:\/\/anveran.com\/pl\/ekskluzywne\/\" \/>\n<meta property=\"og:locale\" content=\"pl_PL\" \/>\n<meta property=\"og:type\" content=\"article\" \/>\n<meta property=\"og:title\" content=\"Ekskluzywne oferty w Hiszpanii, kupuj ekskluzywne nieruchomo\u015bci z ANVERAN\" \/>\n<meta property=\"og:description\" content=\"Odkryj Hiszpani\u0119, wybieraj\u0105c ekskluzywne nieruchomo\u015bci od ANVERAN. Zanurz si\u0119 w hiszpa\u0144skim stylu \u017cycia.\" \/>\n<meta property=\"og:url\" content=\"https:\/\/anveran.com\/pl\/ekskluzywne\/\" \/>\n<meta property=\"og:site_name\" content=\"ANVERAN Real Estate\" \/>\n<meta property=\"article:modified_time\" content=\"2024-08-03T12:11:40+00:00\" \/>\n<meta name=\"twitter:card\" content=\"summary_large_image\" \/>\n<meta name=\"twitter:label1\" content=\"Szacowany czas czytania\" \/>\n\t<meta name=\"twitter:data1\" content=\"1 minuta\" \/>\n<script type=\"application\/ld+json\" class=\"yoast-schema-graph\">{\"@context\":\"https:\/\/schema.org\",\"@graph\":[{\"@type\":\"WebPage\",\"@id\":\"https:\/\/anveran.com\/pl\/ekskluzywne\/\",\"url\":\"https:\/\/anveran.com\/pl\/ekskluzywne\/\",\"name\":\"Ekskluzywne oferty w Hiszpanii, kupuj ekskluzywne nieruchomo\u015bci z ANVERAN\",\"isPartOf\":{\"@id\":\"https:\/\/anveran.com\/#website\"},\"datePublished\":\"2023-12-11T15:24:00+00:00\",\"dateModified\":\"2024-08-03T12:11:40+00:00\",\"description\":\"Odkryj Hiszpani\u0119, wybieraj\u0105c ekskluzywne nieruchomo\u015bci od ANVERAN. Zanurz si\u0119 w hiszpa\u0144skim stylu \u017cycia.\",\"breadcrumb\":{\"@id\":\"https:\/\/anveran.com\/pl\/ekskluzywne\/#breadcrumb\"},\"inLanguage\":\"pl-PL\",\"potentialAction\":[{\"@type\":\"ReadAction\",\"target\":[\"https:\/\/anveran.com\/pl\/ekskluzywne\/\"]}]},{\"@type\":\"BreadcrumbList\",\"@id\":\"https:\/\/anveran.com\/pl\/ekskluzywne\/#breadcrumb\",\"itemListElement\":[{\"@type\":\"ListItem\",\"position\":1,\"name\":\"Home\",\"item\":\"https:\/\/anveran.com\/pl\/\"},{\"@type\":\"ListItem\",\"position\":2,\"name\":\"Ekskluzywne\"}]},{\"@type\":\"WebSite\",\"@id\":\"https:\/\/anveran.com\/#website\",\"url\":\"https:\/\/anveran.com\/\",\"name\":\"ANVERAN Real Estate\",\"description\":\"\",\"potentialAction\":[{\"@type\":\"SearchAction\",\"target\":{\"@type\":\"EntryPoint\",\"urlTemplate\":\"https:\/\/anveran.com\/?s={search_term_string}\"},\"query-input\":\"required name=search_term_string\"}],\"inLanguage\":\"pl-PL\"}]}<\/script>\n<!-- \/ Yoast SEO plugin. -->","yoast_head_json":{"title":"Ekskluzywne oferty w Hiszpanii, kupuj ekskluzywne nieruchomo\u015bci z ANVERAN","description":"Odkryj Hiszpani\u0119, wybieraj\u0105c ekskluzywne nieruchomo\u015bci od ANVERAN. Zanurz si\u0119 w hiszpa\u0144skim stylu \u017cycia.","robots":{"index":"index","follow":"follow","max-snippet":"max-snippet:-1","max-image-preview":"max-image-preview:large","max-video-preview":"max-video-preview:-1"},"canonical":"https:\/\/anveran.com\/pl\/ekskluzywne\/","og_locale":"pl_PL","og_type":"article","og_title":"Ekskluzywne oferty w Hiszpanii, kupuj ekskluzywne nieruchomo\u015bci z ANVERAN","og_description":"Odkryj Hiszpani\u0119, wybieraj\u0105c ekskluzywne nieruchomo\u015bci od ANVERAN. Zanurz si\u0119 w hiszpa\u0144skim stylu \u017cycia.","og_url":"https:\/\/anveran.com\/pl\/ekskluzywne\/","og_site_name":"ANVERAN Real Estate","article_modified_time":"2024-08-03T12:11:40+00:00","twitter_card":"summary_large_image","twitter_misc":{"Szacowany czas czytania":"1 minuta"},"schema":{"@context":"https:\/\/schema.org","@graph":[{"@type":"WebPage","@id":"https:\/\/anveran.com\/pl\/ekskluzywne\/","url":"https:\/\/anveran.com\/pl\/ekskluzywne\/","name":"Ekskluzywne oferty w Hiszpanii, kupuj ekskluzywne nieruchomo\u015bci z ANVERAN","isPartOf":{"@id":"https:\/\/anveran.com\/#website"},"datePublished":"2023-12-11T15:24:00+00:00","dateModified":"2024-08-03T12:11:40+00:00","description":"Odkryj Hiszpani\u0119, wybieraj\u0105c ekskluzywne nieruchomo\u015bci od ANVERAN. Zanurz si\u0119 w hiszpa\u0144skim stylu \u017cycia.","breadcrumb":{"@id":"https:\/\/anveran.com\/pl\/ekskluzywne\/#breadcrumb"},"inLanguage":"pl-PL","potentialAction":[{"@type":"ReadAction","target":["https:\/\/anveran.com\/pl\/ekskluzywne\/"]}]},{"@type":"BreadcrumbList","@id":"https:\/\/anveran.com\/pl\/ekskluzywne\/#breadcrumb","itemListElement":[{"@type":"ListItem","position":1,"name":"Home","item":"https:\/\/anveran.com\/pl\/"},{"@type":"ListItem","position":2,"name":"Ekskluzywne"}]},{"@type":"WebSite","@id":"https:\/\/anveran.com\/#website","url":"https:\/\/anveran.com\/","name":"ANVERAN Real Estate","description":"","potentialAction":[{"@type":"SearchAction","target":{"@type":"EntryPoint","urlTemplate":"https:\/\/anveran.com\/?s={search_term_string}"},"query-input":"required name=search_term_string"}],"inLanguage":"pl-PL"}]}},"_links":{"self":[{"href":"https:\/\/anveran.com\/pl\/wp-json\/wp\/v2\/pages\/1070"}],"collection":[{"href":"https:\/\/anveran.com\/pl\/wp-json\/wp\/v2\/pages"}],"about":[{"href":"https:\/\/anveran.com\/pl\/wp-json\/wp\/v2\/types\/page"}],"author":[{"embeddable":true,"href":"https:\/\/anveran.com\/pl\/wp-json\/wp\/v2\/users\/2"}],"replies":[{"embeddable":true,"href":"https:\/\/anveran.com\/pl\/wp-json\/wp\/v2\/comments?post=1070"}],"version-history":[{"count":1,"href":"https:\/\/anveran.com\/pl\/wp-json\/wp\/v2\/pages\/1070\/revisions"}],"predecessor-version":[{"id":1075,"href":"https:\/\/anveran.com\/pl\/wp-json\/wp\/v2\/pages\/1070\/revisions\/1075"}],"wp:attachment":[{"href":"https:\/\/anveran.com\/pl\/wp-json\/wp\/v2\/media?parent=1070"}],"curies":[{"name":"wp","href":"https:\/\/api.w.org\/{rel}","templated":true}]}}