{"id":1076,"date":"2024-04-02T17:09:41","date_gmt":"2024-04-02T17:09:41","guid":{"rendered":"https:\/\/anveran-com.local\/property-near-the-golf-club\/"},"modified":"2024-08-03T12:13:03","modified_gmt":"2024-08-03T12:13:03","slug":"nieruchomosc-w-poblizu-klubu-golfowego","status":"publish","type":"page","link":"https:\/\/anveran.com\/pl\/nieruchomosc-w-poblizu-klubu-golfowego\/","title":{"rendered":"Nieruchomo\u015b\u0107 w pobli\u017cu klubu golfowego"},"content":{"rendered":"","protected":false},"excerpt":{"rendered":"","protected":false},"author":1,"featured_media":1077,"parent":0,"menu_order":0,"comment_status":"closed","ping_status":"closed","template":"page-catalog.php","meta":{"_acf_changed":false,"inline_featured_image":false,"footnotes":"","_wp_rev_ctl_limit":""},"acf":[],"yoast_head":"<!-- This site is optimized with the Yoast SEO plugin v22.7 - https:\/\/yoast.com\/wordpress\/plugins\/seo\/ -->\n<title>Kup nieruchomo\u015b\u0107 w pobli\u017cu klubu golfowego w Hiszpanii- ANVERAN Real Estate<\/title>\n<meta name=\"description\" content=\"Odkryj idealne nieruchomo\u015bci obok p\u00f3l golfowych w Hiszpanii: idealne dla entuzjast\u00f3w poszukuj\u0105cych luksusowych dom\u00f3w z malowniczymi widokami.\" \/>\n<meta name=\"robots\" content=\"index, follow, max-snippet:-1, max-image-preview:large, max-video-preview:-1\" \/>\n<link rel=\"canonical\" href=\"https:\/\/anveran.com\/pl\/nieruchomosc-w-poblizu-klubu-golfowego\/\" \/>\n<meta property=\"og:locale\" content=\"pl_PL\" \/>\n<meta property=\"og:type\" content=\"article\" \/>\n<meta property=\"og:title\" content=\"Kup nieruchomo\u015b\u0107 w pobli\u017cu klubu golfowego w Hiszpanii- ANVERAN Real Estate\" \/>\n<meta property=\"og:description\" content=\"Odkryj idealne nieruchomo\u015bci obok p\u00f3l golfowych w Hiszpanii: idealne dla entuzjast\u00f3w poszukuj\u0105cych luksusowych dom\u00f3w z malowniczymi widokami.\" \/>\n<meta property=\"og:url\" content=\"https:\/\/anveran.com\/pl\/nieruchomosc-w-poblizu-klubu-golfowego\/\" \/>\n<meta property=\"og:site_name\" content=\"ANVERAN Real Estate\" \/>\n<meta property=\"article:modified_time\" content=\"2024-08-03T12:13:03+00:00\" \/>\n<meta property=\"og:image\" content=\"https:\/\/anveran.com\/wp-content\/uploads\/2024\/06\/2.jpg\" \/>\n\t<meta property=\"og:image:width\" content=\"337\" \/>\n\t<meta property=\"og:image:height\" content=\"479\" \/>\n\t<meta property=\"og:image:type\" content=\"image\/jpeg\" \/>\n<meta name=\"twitter:card\" content=\"summary_large_image\" \/>\n<meta name=\"twitter:label1\" content=\"Szacowany czas czytania\" \/>\n\t<meta name=\"twitter:data1\" content=\"1 minuta\" \/>\n<script type=\"application\/ld+json\" class=\"yoast-schema-graph\">{\"@context\":\"https:\/\/schema.org\",\"@graph\":[{\"@type\":\"WebPage\",\"@id\":\"https:\/\/anveran.com\/pl\/nieruchomosc-w-poblizu-klubu-golfowego\/\",\"url\":\"https:\/\/anveran.com\/pl\/nieruchomosc-w-poblizu-klubu-golfowego\/\",\"name\":\"Kup nieruchomo\u015b\u0107 w pobli\u017cu klubu golfowego w Hiszpanii- ANVERAN Real Estate\",\"isPartOf\":{\"@id\":\"https:\/\/anveran.com\/#website\"},\"primaryImageOfPage\":{\"@id\":\"https:\/\/anveran.com\/pl\/nieruchomosc-w-poblizu-klubu-golfowego\/#primaryimage\"},\"image\":{\"@id\":\"https:\/\/anveran.com\/pl\/nieruchomosc-w-poblizu-klubu-golfowego\/#primaryimage\"},\"thumbnailUrl\":\"https:\/\/anveran.com\/wp-content\/uploads\/2024\/06\/2.jpg\",\"datePublished\":\"2024-04-02T17:09:41+00:00\",\"dateModified\":\"2024-08-03T12:13:03+00:00\",\"description\":\"Odkryj idealne nieruchomo\u015bci obok p\u00f3l golfowych w Hiszpanii: idealne dla entuzjast\u00f3w poszukuj\u0105cych luksusowych dom\u00f3w z malowniczymi widokami.\",\"breadcrumb\":{\"@id\":\"https:\/\/anveran.com\/pl\/nieruchomosc-w-poblizu-klubu-golfowego\/#breadcrumb\"},\"inLanguage\":\"pl-PL\",\"potentialAction\":[{\"@type\":\"ReadAction\",\"target\":[\"https:\/\/anveran.com\/pl\/nieruchomosc-w-poblizu-klubu-golfowego\/\"]}]},{\"@type\":\"ImageObject\",\"inLanguage\":\"pl-PL\",\"@id\":\"https:\/\/anveran.com\/pl\/nieruchomosc-w-poblizu-klubu-golfowego\/#primaryimage\",\"url\":\"https:\/\/anveran.com\/wp-content\/uploads\/2024\/06\/2.jpg\",\"contentUrl\":\"https:\/\/anveran.com\/wp-content\/uploads\/2024\/06\/2.jpg\",\"width\":337,\"height\":479},{\"@type\":\"BreadcrumbList\",\"@id\":\"https:\/\/anveran.com\/pl\/nieruchomosc-w-poblizu-klubu-golfowego\/#breadcrumb\",\"itemListElement\":[{\"@type\":\"ListItem\",\"position\":1,\"name\":\"Home\",\"item\":\"https:\/\/anveran.com\/pl\/\"},{\"@type\":\"ListItem\",\"position\":2,\"name\":\"Nieruchomo\u015b\u0107 w pobli\u017cu klubu golfowego\"}]},{\"@type\":\"WebSite\",\"@id\":\"https:\/\/anveran.com\/#website\",\"url\":\"https:\/\/anveran.com\/\",\"name\":\"ANVERAN Real Estate\",\"description\":\"\",\"potentialAction\":[{\"@type\":\"SearchAction\",\"target\":{\"@type\":\"EntryPoint\",\"urlTemplate\":\"https:\/\/anveran.com\/?s={search_term_string}\"},\"query-input\":\"required name=search_term_string\"}],\"inLanguage\":\"pl-PL\"}]}<\/script>\n<!-- \/ Yoast SEO plugin. -->","yoast_head_json":{"title":"Kup nieruchomo\u015b\u0107 w pobli\u017cu klubu golfowego w Hiszpanii- ANVERAN Real Estate","description":"Odkryj idealne nieruchomo\u015bci obok p\u00f3l golfowych w Hiszpanii: idealne dla entuzjast\u00f3w poszukuj\u0105cych luksusowych dom\u00f3w z malowniczymi widokami.","robots":{"index":"index","follow":"follow","max-snippet":"max-snippet:-1","max-image-preview":"max-image-preview:large","max-video-preview":"max-video-preview:-1"},"canonical":"https:\/\/anveran.com\/pl\/nieruchomosc-w-poblizu-klubu-golfowego\/","og_locale":"pl_PL","og_type":"article","og_title":"Kup nieruchomo\u015b\u0107 w pobli\u017cu klubu golfowego w Hiszpanii- ANVERAN Real Estate","og_description":"Odkryj idealne nieruchomo\u015bci obok p\u00f3l golfowych w Hiszpanii: idealne dla entuzjast\u00f3w poszukuj\u0105cych luksusowych dom\u00f3w z malowniczymi widokami.","og_url":"https:\/\/anveran.com\/pl\/nieruchomosc-w-poblizu-klubu-golfowego\/","og_site_name":"ANVERAN Real Estate","article_modified_time":"2024-08-03T12:13:03+00:00","og_image":[{"width":337,"height":479,"url":"https:\/\/anveran.com\/wp-content\/uploads\/2024\/06\/2.jpg","type":"image\/jpeg"}],"twitter_card":"summary_large_image","twitter_misc":{"Szacowany czas czytania":"1 minuta"},"schema":{"@context":"https:\/\/schema.org","@graph":[{"@type":"WebPage","@id":"https:\/\/anveran.com\/pl\/nieruchomosc-w-poblizu-klubu-golfowego\/","url":"https:\/\/anveran.com\/pl\/nieruchomosc-w-poblizu-klubu-golfowego\/","name":"Kup nieruchomo\u015b\u0107 w pobli\u017cu klubu golfowego w Hiszpanii- ANVERAN Real Estate","isPartOf":{"@id":"https:\/\/anveran.com\/#website"},"primaryImageOfPage":{"@id":"https:\/\/anveran.com\/pl\/nieruchomosc-w-poblizu-klubu-golfowego\/#primaryimage"},"image":{"@id":"https:\/\/anveran.com\/pl\/nieruchomosc-w-poblizu-klubu-golfowego\/#primaryimage"},"thumbnailUrl":"https:\/\/anveran.com\/wp-content\/uploads\/2024\/06\/2.jpg","datePublished":"2024-04-02T17:09:41+00:00","dateModified":"2024-08-03T12:13:03+00:00","description":"Odkryj idealne nieruchomo\u015bci obok p\u00f3l golfowych w Hiszpanii: idealne dla entuzjast\u00f3w poszukuj\u0105cych luksusowych dom\u00f3w z malowniczymi widokami.","breadcrumb":{"@id":"https:\/\/anveran.com\/pl\/nieruchomosc-w-poblizu-klubu-golfowego\/#breadcrumb"},"inLanguage":"pl-PL","potentialAction":[{"@type":"ReadAction","target":["https:\/\/anveran.com\/pl\/nieruchomosc-w-poblizu-klubu-golfowego\/"]}]},{"@type":"ImageObject","inLanguage":"pl-PL","@id":"https:\/\/anveran.com\/pl\/nieruchomosc-w-poblizu-klubu-golfowego\/#primaryimage","url":"https:\/\/anveran.com\/wp-content\/uploads\/2024\/06\/2.jpg","contentUrl":"https:\/\/anveran.com\/wp-content\/uploads\/2024\/06\/2.jpg","width":337,"height":479},{"@type":"BreadcrumbList","@id":"https:\/\/anveran.com\/pl\/nieruchomosc-w-poblizu-klubu-golfowego\/#breadcrumb","itemListElement":[{"@type":"ListItem","position":1,"name":"Home","item":"https:\/\/anveran.com\/pl\/"},{"@type":"ListItem","position":2,"name":"Nieruchomo\u015b\u0107 w pobli\u017cu klubu golfowego"}]},{"@type":"WebSite","@id":"https:\/\/anveran.com\/#website","url":"https:\/\/anveran.com\/","name":"ANVERAN Real Estate","description":"","potentialAction":[{"@type":"SearchAction","target":{"@type":"EntryPoint","urlTemplate":"https:\/\/anveran.com\/?s={search_term_string}"},"query-input":"required name=search_term_string"}],"inLanguage":"pl-PL"}]}},"_links":{"self":[{"href":"https:\/\/anveran.com\/pl\/wp-json\/wp\/v2\/pages\/1076"}],"collection":[{"href":"https:\/\/anveran.com\/pl\/wp-json\/wp\/v2\/pages"}],"about":[{"href":"https:\/\/anveran.com\/pl\/wp-json\/wp\/v2\/types\/page"}],"author":[{"embeddable":true,"href":"https:\/\/anveran.com\/pl\/wp-json\/wp\/v2\/users\/1"}],"replies":[{"embeddable":true,"href":"https:\/\/anveran.com\/pl\/wp-json\/wp\/v2\/comments?post=1076"}],"version-history":[{"count":1,"href":"https:\/\/anveran.com\/pl\/wp-json\/wp\/v2\/pages\/1076\/revisions"}],"predecessor-version":[{"id":1083,"href":"https:\/\/anveran.com\/pl\/wp-json\/wp\/v2\/pages\/1076\/revisions\/1083"}],"wp:featuredmedia":[{"embeddable":true,"href":"https:\/\/anveran.com\/pl\/wp-json\/wp\/v2\/media\/1077"}],"wp:attachment":[{"href":"https:\/\/anveran.com\/pl\/wp-json\/wp\/v2\/media?parent=1076"}],"curies":[{"name":"wp","href":"https:\/\/api.w.org\/{rel}","templated":true}]}}