{"id":1092,"date":"2024-01-22T22:59:36","date_gmt":"2024-01-22T22:59:36","guid":{"rendered":"https:\/\/anveran-com.local\/?page_id=1092"},"modified":"2024-08-03T12:17:56","modified_gmt":"2024-08-03T12:17:56","slug":"nowe-budownictwo","status":"publish","type":"page","link":"https:\/\/anveran.com\/pl\/nowe-budownictwo\/","title":{"rendered":"Nowe budownictwo"},"content":{"rendered":"<p>&lt;h2&gt;Nowe nieruchomo\u015bci na sprzeda\u017c w Hiszpanii&lt;\/h2&gt;<br \/>\nANVERAN skrupulatnie zebra\u0142 wyj\u0105tkow\u0105 kolekcj\u0119 rekomendacji dotycz\u0105cych nowych konstrukcji, dostosowanych do potrzeb os\u00f3b poszukuj\u0105cych najlepszych przestrzeni mieszkalnych. Nasz\u0105 misj\u0105 jest usprawnienie Twojej podr\u00f3\u017cy w kierunku znalezienia idealnego domu, kt\u00f3ry nie tylko spe\u0142ni Twoje najwy\u017csze standardy, ale je przewy\u017cszy.<\/p>\n<p>Na tak zr\u00f3\u017cnicowanym i dynamicznym rynku, jak nowe budownictwo, nawigowanie po opcjach mo\u017ce by\u0107 przyt\u0142aczaj\u0105ce. W\u0142a\u015bnie tutaj wkracza ANVERAN. Nasza wiedza specjalistyczna i g\u0142\u0119bokie zrozumienie niuans\u00f3w rynku pozwalaj\u0105 nam wybra\u0107 nieruchomo\u015bci wyr\u00f3\u017cniaj\u0105ce si\u0119 jako\u015bci\u0105, lokalizacj\u0105 i unikalnymi cechami. Wierzymy, \u017ce znalezienie idealnego domu powinno by\u0107 czym\u015b wi\u0119cej ni\u017c transakcj\u0105; chodzi o stworzenie przysz\u0142o\u015bci, kt\u00f3ra rezonuje z Twoimi aspiracjami i stylem \u017cycia.<\/p>\n<p>Skorzystaj z naszej pomocy, aby przebi\u0107 si\u0119 przez z\u0142o\u017cono\u015b\u0107 i ha\u0142as rynku nieruchomo\u015bci. Niezale\u017cnie od tego, czy szukasz nowoczesnego miejskiego apartamentu ze wszystkimi udogodnieniami \u017cycia w mie\u015bcie, czy spokojnego schronienia po\u0142o\u017conego w naturze, rekomendacje ANVERAN maj\u0105 na celu poprowadzenie Ci\u0119 do najlepszych wybor\u00f3w. Nasz oddany zesp\u00f3\u0142 jest tutaj, aby zapewni\u0107 spersonalizowane wsparcie, od zrozumienia Twoich preferencji po oferowanie wgl\u0105du w najnowsze osi\u0105gni\u0119cia i trendy.<\/p>\n<p>Wyb\u00f3r nowego domu to znacz\u0105cy krok, a z ANVERAN nie tylko dokonujesz wyboru; wyruszasz w podr\u00f3\u017c w przysz\u0142o\u015b\u0107 pe\u0142n\u0105 obietnic i potencja\u0142u. Pozw\u00f3l nam pom\u00f3c Ci odkry\u0107 najlepsze nowe konstrukcje, kt\u00f3re s\u0105 czym\u015b wi\u0119cej ni\u017c miejscem do \u017cycia \u2014 s\u0105 miejscem do rozwoju.<\/p>\n","protected":false},"excerpt":{"rendered":"<p>&lt;h2&gt;Nowe nieruchomo\u015bci na sprzeda\u017c w Hiszpanii&lt;\/h2&gt; ANVERAN skrupulatnie zebra\u0142 wyj\u0105tkow\u0105 kolekcj\u0119 rekomendacji dotycz\u0105cych nowych konstrukcji, dostosowanych do potrzeb os\u00f3b poszukuj\u0105cych najlepszych przestrzeni mieszkalnych. Nasz\u0105 misj\u0105 jest usprawnienie Twojej podr\u00f3\u017cy w kierunku znalezienia idealnego domu, kt\u00f3ry nie tylko spe\u0142ni Twoje najwy\u017csze standardy, ale je przewy\u017cszy. Na tak zr\u00f3\u017cnicowanym i dynamicznym rynku, jak nowe budownictwo, nawigowanie po [&hellip;]<\/p>\n","protected":false},"author":2,"featured_media":0,"parent":0,"menu_order":0,"comment_status":"closed","ping_status":"closed","template":"page-catalog.php","meta":{"_acf_changed":false,"inline_featured_image":false,"footnotes":"","_wp_rev_ctl_limit":""},"acf":[],"yoast_head":"<!-- This site is optimized with the Yoast SEO plugin v22.7 - https:\/\/yoast.com\/wordpress\/plugins\/seo\/ -->\n<title>Nowe nieruchomo\u015bci w Hiszpanii, kupuj nieruchomo\u015bci z ANVERAN<\/title>\n<meta name=\"description\" content=\"Znajd\u017a sw\u00f3j nowy dom z ANVERAN. Zapoznaj si\u0119 z naszymi rekomendacjami, aby dowiedzie\u0107 si\u0119 wi\u0119cej o swojej kolejnej wymarzonej nieruchomo\u015bci.\" \/>\n<meta name=\"robots\" content=\"index, follow, max-snippet:-1, max-image-preview:large, max-video-preview:-1\" \/>\n<link rel=\"canonical\" href=\"https:\/\/anveran.com\/pl\/nowe-budownictwo\/\" \/>\n<meta property=\"og:locale\" content=\"pl_PL\" \/>\n<meta property=\"og:type\" content=\"article\" \/>\n<meta property=\"og:title\" content=\"Nowe nieruchomo\u015bci w Hiszpanii, kupuj nieruchomo\u015bci z ANVERAN\" \/>\n<meta property=\"og:description\" content=\"Znajd\u017a sw\u00f3j nowy dom z ANVERAN. Zapoznaj si\u0119 z naszymi rekomendacjami, aby dowiedzie\u0107 si\u0119 wi\u0119cej o swojej kolejnej wymarzonej nieruchomo\u015bci.\" \/>\n<meta property=\"og:url\" content=\"https:\/\/anveran.com\/pl\/nowe-budownictwo\/\" \/>\n<meta property=\"og:site_name\" content=\"ANVERAN Real Estate\" \/>\n<meta property=\"article:modified_time\" content=\"2024-08-03T12:17:56+00:00\" \/>\n<meta name=\"twitter:card\" content=\"summary_large_image\" \/>\n<meta name=\"twitter:label1\" content=\"Szacowany czas czytania\" \/>\n\t<meta name=\"twitter:data1\" content=\"1 minuta\" \/>\n<script type=\"application\/ld+json\" class=\"yoast-schema-graph\">{\"@context\":\"https:\/\/schema.org\",\"@graph\":[{\"@type\":\"WebPage\",\"@id\":\"https:\/\/anveran.com\/pl\/nowe-budownictwo\/\",\"url\":\"https:\/\/anveran.com\/pl\/nowe-budownictwo\/\",\"name\":\"Nowe nieruchomo\u015bci w Hiszpanii, kupuj nieruchomo\u015bci z ANVERAN\",\"isPartOf\":{\"@id\":\"https:\/\/anveran.com\/#website\"},\"datePublished\":\"2024-01-22T22:59:36+00:00\",\"dateModified\":\"2024-08-03T12:17:56+00:00\",\"description\":\"Znajd\u017a sw\u00f3j nowy dom z ANVERAN. Zapoznaj si\u0119 z naszymi rekomendacjami, aby dowiedzie\u0107 si\u0119 wi\u0119cej o swojej kolejnej wymarzonej nieruchomo\u015bci.\",\"breadcrumb\":{\"@id\":\"https:\/\/anveran.com\/pl\/nowe-budownictwo\/#breadcrumb\"},\"inLanguage\":\"pl-PL\",\"potentialAction\":[{\"@type\":\"ReadAction\",\"target\":[\"https:\/\/anveran.com\/pl\/nowe-budownictwo\/\"]}]},{\"@type\":\"BreadcrumbList\",\"@id\":\"https:\/\/anveran.com\/pl\/nowe-budownictwo\/#breadcrumb\",\"itemListElement\":[{\"@type\":\"ListItem\",\"position\":1,\"name\":\"Home\",\"item\":\"https:\/\/anveran.com\/pl\/\"},{\"@type\":\"ListItem\",\"position\":2,\"name\":\"Nowe budownictwo\"}]},{\"@type\":\"WebSite\",\"@id\":\"https:\/\/anveran.com\/#website\",\"url\":\"https:\/\/anveran.com\/\",\"name\":\"ANVERAN Real Estate\",\"description\":\"\",\"potentialAction\":[{\"@type\":\"SearchAction\",\"target\":{\"@type\":\"EntryPoint\",\"urlTemplate\":\"https:\/\/anveran.com\/?s={search_term_string}\"},\"query-input\":\"required name=search_term_string\"}],\"inLanguage\":\"pl-PL\"}]}<\/script>\n<!-- \/ Yoast SEO plugin. -->","yoast_head_json":{"title":"Nowe nieruchomo\u015bci w Hiszpanii, kupuj nieruchomo\u015bci z ANVERAN","description":"Znajd\u017a sw\u00f3j nowy dom z ANVERAN. Zapoznaj si\u0119 z naszymi rekomendacjami, aby dowiedzie\u0107 si\u0119 wi\u0119cej o swojej kolejnej wymarzonej nieruchomo\u015bci.","robots":{"index":"index","follow":"follow","max-snippet":"max-snippet:-1","max-image-preview":"max-image-preview:large","max-video-preview":"max-video-preview:-1"},"canonical":"https:\/\/anveran.com\/pl\/nowe-budownictwo\/","og_locale":"pl_PL","og_type":"article","og_title":"Nowe nieruchomo\u015bci w Hiszpanii, kupuj nieruchomo\u015bci z ANVERAN","og_description":"Znajd\u017a sw\u00f3j nowy dom z ANVERAN. Zapoznaj si\u0119 z naszymi rekomendacjami, aby dowiedzie\u0107 si\u0119 wi\u0119cej o swojej kolejnej wymarzonej nieruchomo\u015bci.","og_url":"https:\/\/anveran.com\/pl\/nowe-budownictwo\/","og_site_name":"ANVERAN Real Estate","article_modified_time":"2024-08-03T12:17:56+00:00","twitter_card":"summary_large_image","twitter_misc":{"Szacowany czas czytania":"1 minuta"},"schema":{"@context":"https:\/\/schema.org","@graph":[{"@type":"WebPage","@id":"https:\/\/anveran.com\/pl\/nowe-budownictwo\/","url":"https:\/\/anveran.com\/pl\/nowe-budownictwo\/","name":"Nowe nieruchomo\u015bci w Hiszpanii, kupuj nieruchomo\u015bci z ANVERAN","isPartOf":{"@id":"https:\/\/anveran.com\/#website"},"datePublished":"2024-01-22T22:59:36+00:00","dateModified":"2024-08-03T12:17:56+00:00","description":"Znajd\u017a sw\u00f3j nowy dom z ANVERAN. Zapoznaj si\u0119 z naszymi rekomendacjami, aby dowiedzie\u0107 si\u0119 wi\u0119cej o swojej kolejnej wymarzonej nieruchomo\u015bci.","breadcrumb":{"@id":"https:\/\/anveran.com\/pl\/nowe-budownictwo\/#breadcrumb"},"inLanguage":"pl-PL","potentialAction":[{"@type":"ReadAction","target":["https:\/\/anveran.com\/pl\/nowe-budownictwo\/"]}]},{"@type":"BreadcrumbList","@id":"https:\/\/anveran.com\/pl\/nowe-budownictwo\/#breadcrumb","itemListElement":[{"@type":"ListItem","position":1,"name":"Home","item":"https:\/\/anveran.com\/pl\/"},{"@type":"ListItem","position":2,"name":"Nowe budownictwo"}]},{"@type":"WebSite","@id":"https:\/\/anveran.com\/#website","url":"https:\/\/anveran.com\/","name":"ANVERAN Real Estate","description":"","potentialAction":[{"@type":"SearchAction","target":{"@type":"EntryPoint","urlTemplate":"https:\/\/anveran.com\/?s={search_term_string}"},"query-input":"required name=search_term_string"}],"inLanguage":"pl-PL"}]}},"_links":{"self":[{"href":"https:\/\/anveran.com\/pl\/wp-json\/wp\/v2\/pages\/1092"}],"collection":[{"href":"https:\/\/anveran.com\/pl\/wp-json\/wp\/v2\/pages"}],"about":[{"href":"https:\/\/anveran.com\/pl\/wp-json\/wp\/v2\/types\/page"}],"author":[{"embeddable":true,"href":"https:\/\/anveran.com\/pl\/wp-json\/wp\/v2\/users\/2"}],"replies":[{"embeddable":true,"href":"https:\/\/anveran.com\/pl\/wp-json\/wp\/v2\/comments?post=1092"}],"version-history":[{"count":1,"href":"https:\/\/anveran.com\/pl\/wp-json\/wp\/v2\/pages\/1092\/revisions"}],"predecessor-version":[{"id":1095,"href":"https:\/\/anveran.com\/pl\/wp-json\/wp\/v2\/pages\/1092\/revisions\/1095"}],"wp:attachment":[{"href":"https:\/\/anveran.com\/pl\/wp-json\/wp\/v2\/media?parent=1092"}],"curies":[{"name":"wp","href":"https:\/\/api.w.org\/{rel}","templated":true}]}}