{"id":1115,"date":"2023-12-08T17:53:42","date_gmt":"2023-12-08T17:53:42","guid":{"rendered":"https:\/\/anveran-com.local\/about-us\/"},"modified":"2024-08-03T12:36:05","modified_gmt":"2024-08-03T12:36:05","slug":"o-nas","status":"publish","type":"page","link":"https:\/\/anveran.com\/pl\/o-nas\/","title":{"rendered":"O nas"},"content":{"rendered":"<p class=\"p1\">Nieustann\u0105 misj\u0105 zespo\u0142u ANVERAN jest prowadzenie naszych klient\u00f3w, zapewniaj\u0105c im poczucie komfortu i pewno\u015bci w poszukiwaniu nieruchomo\u015bci.<\/p>\n<p class=\"p1\">D\u0105\u017cymy do tego, aby sta\u0107 si\u0119 wiarygodnym i ekskluzywnym partnerem, zapewniaj\u0105c wyj\u0105tkow\u0105 obs\u0142ug\u0119 dostosowan\u0105 do indywidualnych potrzeb.<\/p>\n<p class=\"p1\">Dzia\u0142aniem naszej firmy jest utrzymywanie uwa\u017cnych i przyjaznych relacji, dzia\u0142aj\u0105c jako niezawodni asystenci i partnerzy zar\u00f3wno dla os\u00f3b fizycznych, jak i prawnych.<\/p>\n<p class=\"p1\">D\u0105\u017cymy do zapewnienia najbardziej odpowiednich rozwi\u0105za\u0144, wykraczaj\u0105cych poza nieruchomo\u015bci i obejmuj\u0105cych takie obszary jak finansowanie, logistyka, ubezpieczenia, zarz\u0105dzanie nieruchomo\u015bciami i wiele innych.<\/p>\n<p class=\"p1\">Naszym celem jest zapewnienie naszym klientom kompleksowego wsparcia i profesjonalnych wskaz\u00f3wek w ka\u017cdym aspekcie ich dzia\u0142alno\u015bci biznesowej i osobistej.<\/p>\n","protected":false},"excerpt":{"rendered":"<p>Nieustann\u0105 misj\u0105 zespo\u0142u ANVERAN jest prowadzenie naszych klient\u00f3w, zapewniaj\u0105c im poczucie komfortu i pewno\u015bci w poszukiwaniu nieruchomo\u015bci. D\u0105\u017cymy do tego, aby sta\u0107 si\u0119 wiarygodnym i ekskluzywnym partnerem, zapewniaj\u0105c wyj\u0105tkow\u0105 obs\u0142ug\u0119 dostosowan\u0105 do indywidualnych potrzeb. Dzia\u0142aniem naszej firmy jest utrzymywanie uwa\u017cnych i przyjaznych relacji, dzia\u0142aj\u0105c jako niezawodni asystenci i partnerzy zar\u00f3wno dla os\u00f3b fizycznych, jak i [&hellip;]<\/p>\n","protected":false},"author":1,"featured_media":1116,"parent":0,"menu_order":0,"comment_status":"closed","ping_status":"closed","template":"page-about.php","meta":{"_acf_changed":false,"inline_featured_image":false,"footnotes":"","_wp_rev_ctl_limit":""},"acf":[],"yoast_head":"<!-- This site is optimized with the Yoast SEO plugin v22.7 - https:\/\/yoast.com\/wordpress\/plugins\/seo\/ -->\n<title>Oficjalne informacje o ANVERAN Real Estate<\/title>\n<meta name=\"description\" content=\"Pomo\u017cemy Ci znale\u017a\u0107 idealn\u0105 nieruchomo\u015b\u0107 w Hiszpanii. \ud83d\udcf1+(34) 672 634 604 \ud83d\udce5info@anveran.com\" \/>\n<meta name=\"robots\" content=\"index, follow, max-snippet:-1, max-image-preview:large, max-video-preview:-1\" \/>\n<link rel=\"canonical\" href=\"https:\/\/anveran.com\/pl\/o-nas\/\" \/>\n<meta property=\"og:locale\" content=\"pl_PL\" \/>\n<meta property=\"og:type\" content=\"article\" \/>\n<meta property=\"og:title\" content=\"Oficjalne informacje o ANVERAN Real Estate\" \/>\n<meta property=\"og:description\" content=\"Pomo\u017cemy Ci znale\u017a\u0107 idealn\u0105 nieruchomo\u015b\u0107 w Hiszpanii. \ud83d\udcf1+(34) 672 634 604 \ud83d\udce5info@anveran.com\" \/>\n<meta property=\"og:url\" content=\"https:\/\/anveran.com\/pl\/o-nas\/\" \/>\n<meta property=\"og:site_name\" content=\"ANVERAN Real Estate\" \/>\n<meta property=\"article:modified_time\" content=\"2024-08-03T12:36:05+00:00\" \/>\n<meta property=\"og:image\" content=\"https:\/\/anveran.com\/wp-content\/uploads\/2024\/03\/141-min.jpg\" \/>\n\t<meta property=\"og:image:width\" content=\"1024\" \/>\n\t<meta property=\"og:image:height\" content=\"1429\" \/>\n\t<meta property=\"og:image:type\" content=\"image\/jpeg\" \/>\n<meta name=\"twitter:card\" content=\"summary_large_image\" \/>\n<meta name=\"twitter:label1\" content=\"Szacowany czas czytania\" \/>\n\t<meta name=\"twitter:data1\" content=\"1 minuta\" \/>\n<script type=\"application\/ld+json\" class=\"yoast-schema-graph\">{\"@context\":\"https:\/\/schema.org\",\"@graph\":[{\"@type\":\"WebPage\",\"@id\":\"https:\/\/anveran.com\/pl\/o-nas\/\",\"url\":\"https:\/\/anveran.com\/pl\/o-nas\/\",\"name\":\"Oficjalne informacje o ANVERAN Real Estate\",\"isPartOf\":{\"@id\":\"https:\/\/anveran.com\/#website\"},\"primaryImageOfPage\":{\"@id\":\"https:\/\/anveran.com\/pl\/o-nas\/#primaryimage\"},\"image\":{\"@id\":\"https:\/\/anveran.com\/pl\/o-nas\/#primaryimage\"},\"thumbnailUrl\":\"https:\/\/anveran.com\/wp-content\/uploads\/2024\/03\/141-min.jpg\",\"datePublished\":\"2023-12-08T17:53:42+00:00\",\"dateModified\":\"2024-08-03T12:36:05+00:00\",\"description\":\"Pomo\u017cemy Ci znale\u017a\u0107 idealn\u0105 nieruchomo\u015b\u0107 w Hiszpanii. \ud83d\udcf1+(34) 672 634 604 \ud83d\udce5info@anveran.com\",\"breadcrumb\":{\"@id\":\"https:\/\/anveran.com\/pl\/o-nas\/#breadcrumb\"},\"inLanguage\":\"pl-PL\",\"potentialAction\":[{\"@type\":\"ReadAction\",\"target\":[\"https:\/\/anveran.com\/pl\/o-nas\/\"]}]},{\"@type\":\"ImageObject\",\"inLanguage\":\"pl-PL\",\"@id\":\"https:\/\/anveran.com\/pl\/o-nas\/#primaryimage\",\"url\":\"https:\/\/anveran.com\/wp-content\/uploads\/2024\/03\/141-min.jpg\",\"contentUrl\":\"https:\/\/anveran.com\/wp-content\/uploads\/2024\/03\/141-min.jpg\",\"width\":1024,\"height\":1429},{\"@type\":\"BreadcrumbList\",\"@id\":\"https:\/\/anveran.com\/pl\/o-nas\/#breadcrumb\",\"itemListElement\":[{\"@type\":\"ListItem\",\"position\":1,\"name\":\"Home\",\"item\":\"https:\/\/anveran.com\/pl\/\"},{\"@type\":\"ListItem\",\"position\":2,\"name\":\"O nas\"}]},{\"@type\":\"WebSite\",\"@id\":\"https:\/\/anveran.com\/#website\",\"url\":\"https:\/\/anveran.com\/\",\"name\":\"ANVERAN Real Estate\",\"description\":\"\",\"potentialAction\":[{\"@type\":\"SearchAction\",\"target\":{\"@type\":\"EntryPoint\",\"urlTemplate\":\"https:\/\/anveran.com\/?s={search_term_string}\"},\"query-input\":\"required name=search_term_string\"}],\"inLanguage\":\"pl-PL\"}]}<\/script>\n<!-- \/ Yoast SEO plugin. -->","yoast_head_json":{"title":"Oficjalne informacje o ANVERAN Real Estate","description":"Pomo\u017cemy Ci znale\u017a\u0107 idealn\u0105 nieruchomo\u015b\u0107 w Hiszpanii. \ud83d\udcf1+(34) 672 634 604 \ud83d\udce5info@anveran.com","robots":{"index":"index","follow":"follow","max-snippet":"max-snippet:-1","max-image-preview":"max-image-preview:large","max-video-preview":"max-video-preview:-1"},"canonical":"https:\/\/anveran.com\/pl\/o-nas\/","og_locale":"pl_PL","og_type":"article","og_title":"Oficjalne informacje o ANVERAN Real Estate","og_description":"Pomo\u017cemy Ci znale\u017a\u0107 idealn\u0105 nieruchomo\u015b\u0107 w Hiszpanii. \ud83d\udcf1+(34) 672 634 604 \ud83d\udce5info@anveran.com","og_url":"https:\/\/anveran.com\/pl\/o-nas\/","og_site_name":"ANVERAN Real Estate","article_modified_time":"2024-08-03T12:36:05+00:00","og_image":[{"width":1024,"height":1429,"url":"https:\/\/anveran.com\/wp-content\/uploads\/2024\/03\/141-min.jpg","type":"image\/jpeg"}],"twitter_card":"summary_large_image","twitter_misc":{"Szacowany czas czytania":"1 minuta"},"schema":{"@context":"https:\/\/schema.org","@graph":[{"@type":"WebPage","@id":"https:\/\/anveran.com\/pl\/o-nas\/","url":"https:\/\/anveran.com\/pl\/o-nas\/","name":"Oficjalne informacje o ANVERAN Real Estate","isPartOf":{"@id":"https:\/\/anveran.com\/#website"},"primaryImageOfPage":{"@id":"https:\/\/anveran.com\/pl\/o-nas\/#primaryimage"},"image":{"@id":"https:\/\/anveran.com\/pl\/o-nas\/#primaryimage"},"thumbnailUrl":"https:\/\/anveran.com\/wp-content\/uploads\/2024\/03\/141-min.jpg","datePublished":"2023-12-08T17:53:42+00:00","dateModified":"2024-08-03T12:36:05+00:00","description":"Pomo\u017cemy Ci znale\u017a\u0107 idealn\u0105 nieruchomo\u015b\u0107 w Hiszpanii. \ud83d\udcf1+(34) 672 634 604 \ud83d\udce5info@anveran.com","breadcrumb":{"@id":"https:\/\/anveran.com\/pl\/o-nas\/#breadcrumb"},"inLanguage":"pl-PL","potentialAction":[{"@type":"ReadAction","target":["https:\/\/anveran.com\/pl\/o-nas\/"]}]},{"@type":"ImageObject","inLanguage":"pl-PL","@id":"https:\/\/anveran.com\/pl\/o-nas\/#primaryimage","url":"https:\/\/anveran.com\/wp-content\/uploads\/2024\/03\/141-min.jpg","contentUrl":"https:\/\/anveran.com\/wp-content\/uploads\/2024\/03\/141-min.jpg","width":1024,"height":1429},{"@type":"BreadcrumbList","@id":"https:\/\/anveran.com\/pl\/o-nas\/#breadcrumb","itemListElement":[{"@type":"ListItem","position":1,"name":"Home","item":"https:\/\/anveran.com\/pl\/"},{"@type":"ListItem","position":2,"name":"O nas"}]},{"@type":"WebSite","@id":"https:\/\/anveran.com\/#website","url":"https:\/\/anveran.com\/","name":"ANVERAN Real Estate","description":"","potentialAction":[{"@type":"SearchAction","target":{"@type":"EntryPoint","urlTemplate":"https:\/\/anveran.com\/?s={search_term_string}"},"query-input":"required name=search_term_string"}],"inLanguage":"pl-PL"}]}},"_links":{"self":[{"href":"https:\/\/anveran.com\/pl\/wp-json\/wp\/v2\/pages\/1115"}],"collection":[{"href":"https:\/\/anveran.com\/pl\/wp-json\/wp\/v2\/pages"}],"about":[{"href":"https:\/\/anveran.com\/pl\/wp-json\/wp\/v2\/types\/page"}],"author":[{"embeddable":true,"href":"https:\/\/anveran.com\/pl\/wp-json\/wp\/v2\/users\/1"}],"replies":[{"embeddable":true,"href":"https:\/\/anveran.com\/pl\/wp-json\/wp\/v2\/comments?post=1115"}],"version-history":[{"count":2,"href":"https:\/\/anveran.com\/pl\/wp-json\/wp\/v2\/pages\/1115\/revisions"}],"predecessor-version":[{"id":1127,"href":"https:\/\/anveran.com\/pl\/wp-json\/wp\/v2\/pages\/1115\/revisions\/1127"}],"wp:featuredmedia":[{"embeddable":true,"href":"https:\/\/anveran.com\/pl\/wp-json\/wp\/v2\/media\/1116"}],"wp:attachment":[{"href":"https:\/\/anveran.com\/pl\/wp-json\/wp\/v2\/media?parent=1115"}],"curies":[{"name":"wp","href":"https:\/\/api.w.org\/{rel}","templated":true}]}}