{"id":1123,"date":"2024-06-07T16:37:18","date_gmt":"2024-06-07T16:37:18","guid":{"rendered":"https:\/\/anveran-com.local\/property-with-sea-view\/"},"modified":"2024-08-03T12:34:39","modified_gmt":"2024-08-03T12:34:39","slug":"nieruchomosc-z-widokiem-na-morze","status":"publish","type":"page","link":"https:\/\/anveran.com\/pl\/nieruchomosc-z-widokiem-na-morze\/","title":{"rendered":"Nieruchomo\u015b\u0107 z widokiem na morze"},"content":{"rendered":"","protected":false},"excerpt":{"rendered":"","protected":false},"author":1,"featured_media":1081,"parent":0,"menu_order":0,"comment_status":"closed","ping_status":"closed","template":"page-catalog.php","meta":{"_acf_changed":false,"inline_featured_image":false,"footnotes":"","_wp_rev_ctl_limit":""},"acf":[],"yoast_head":"<!-- This site is optimized with the Yoast SEO plugin v22.7 - https:\/\/yoast.com\/wordpress\/plugins\/seo\/ -->\n<title>Kup nieruchomo\u015b\u0107 z widokiem na morze w Hiszpanii - ANVERAN Real Estate<\/title>\n<meta name=\"description\" content=\"Znajd\u017a nieruchomo\u015b\u0107 z widokiem na morze w Hiszpanii z Anveran: Do\u015bwiadcz luksusowego \u017cycia nad morzem z osza\u0142amiaj\u0105cymi widokami.\" \/>\n<meta name=\"robots\" content=\"index, follow, max-snippet:-1, max-image-preview:large, max-video-preview:-1\" \/>\n<link rel=\"canonical\" href=\"https:\/\/anveran.com\/pl\/nieruchomosc-z-widokiem-na-morze\/\" \/>\n<meta property=\"og:locale\" content=\"pl_PL\" \/>\n<meta property=\"og:type\" content=\"article\" \/>\n<meta property=\"og:title\" content=\"Kup nieruchomo\u015b\u0107 z widokiem na morze w Hiszpanii - ANVERAN Real Estate\" \/>\n<meta property=\"og:description\" content=\"Znajd\u017a nieruchomo\u015b\u0107 z widokiem na morze w Hiszpanii z Anveran: Do\u015bwiadcz luksusowego \u017cycia nad morzem z osza\u0142amiaj\u0105cymi widokami.\" \/>\n<meta property=\"og:url\" content=\"https:\/\/anveran.com\/pl\/nieruchomosc-z-widokiem-na-morze\/\" \/>\n<meta property=\"og:site_name\" content=\"ANVERAN Real Estate\" \/>\n<meta property=\"article:modified_time\" content=\"2024-08-03T12:34:39+00:00\" \/>\n<meta property=\"og:image\" content=\"https:\/\/anveran.com\/wp-content\/uploads\/2024\/06\/4.jpg\" \/>\n\t<meta property=\"og:image:width\" content=\"337\" \/>\n\t<meta property=\"og:image:height\" content=\"479\" \/>\n\t<meta property=\"og:image:type\" content=\"image\/jpeg\" \/>\n<meta name=\"twitter:card\" content=\"summary_large_image\" \/>\n<meta name=\"twitter:label1\" content=\"Szacowany czas czytania\" \/>\n\t<meta name=\"twitter:data1\" content=\"1 minuta\" \/>\n<script type=\"application\/ld+json\" class=\"yoast-schema-graph\">{\"@context\":\"https:\/\/schema.org\",\"@graph\":[{\"@type\":\"WebPage\",\"@id\":\"https:\/\/anveran.com\/pl\/nieruchomosc-z-widokiem-na-morze\/\",\"url\":\"https:\/\/anveran.com\/pl\/nieruchomosc-z-widokiem-na-morze\/\",\"name\":\"Kup nieruchomo\u015b\u0107 z widokiem na morze w Hiszpanii - ANVERAN Real Estate\",\"isPartOf\":{\"@id\":\"https:\/\/anveran.com\/#website\"},\"primaryImageOfPage\":{\"@id\":\"https:\/\/anveran.com\/pl\/nieruchomosc-z-widokiem-na-morze\/#primaryimage\"},\"image\":{\"@id\":\"https:\/\/anveran.com\/pl\/nieruchomosc-z-widokiem-na-morze\/#primaryimage\"},\"thumbnailUrl\":\"https:\/\/anveran.com\/wp-content\/uploads\/2024\/06\/4.jpg\",\"datePublished\":\"2024-06-07T16:37:18+00:00\",\"dateModified\":\"2024-08-03T12:34:39+00:00\",\"description\":\"Znajd\u017a nieruchomo\u015b\u0107 z widokiem na morze w Hiszpanii z Anveran: Do\u015bwiadcz luksusowego \u017cycia nad morzem z osza\u0142amiaj\u0105cymi widokami.\",\"breadcrumb\":{\"@id\":\"https:\/\/anveran.com\/pl\/nieruchomosc-z-widokiem-na-morze\/#breadcrumb\"},\"inLanguage\":\"pl-PL\",\"potentialAction\":[{\"@type\":\"ReadAction\",\"target\":[\"https:\/\/anveran.com\/pl\/nieruchomosc-z-widokiem-na-morze\/\"]}]},{\"@type\":\"ImageObject\",\"inLanguage\":\"pl-PL\",\"@id\":\"https:\/\/anveran.com\/pl\/nieruchomosc-z-widokiem-na-morze\/#primaryimage\",\"url\":\"https:\/\/anveran.com\/wp-content\/uploads\/2024\/06\/4.jpg\",\"contentUrl\":\"https:\/\/anveran.com\/wp-content\/uploads\/2024\/06\/4.jpg\",\"width\":337,\"height\":479},{\"@type\":\"BreadcrumbList\",\"@id\":\"https:\/\/anveran.com\/pl\/nieruchomosc-z-widokiem-na-morze\/#breadcrumb\",\"itemListElement\":[{\"@type\":\"ListItem\",\"position\":1,\"name\":\"Home\",\"item\":\"https:\/\/anveran.com\/pl\/\"},{\"@type\":\"ListItem\",\"position\":2,\"name\":\"Nieruchomo\u015b\u0107 z widokiem na morze\"}]},{\"@type\":\"WebSite\",\"@id\":\"https:\/\/anveran.com\/#website\",\"url\":\"https:\/\/anveran.com\/\",\"name\":\"ANVERAN Real Estate\",\"description\":\"\",\"potentialAction\":[{\"@type\":\"SearchAction\",\"target\":{\"@type\":\"EntryPoint\",\"urlTemplate\":\"https:\/\/anveran.com\/?s={search_term_string}\"},\"query-input\":\"required name=search_term_string\"}],\"inLanguage\":\"pl-PL\"}]}<\/script>\n<!-- \/ Yoast SEO plugin. -->","yoast_head_json":{"title":"Kup nieruchomo\u015b\u0107 z widokiem na morze w Hiszpanii - ANVERAN Real Estate","description":"Znajd\u017a nieruchomo\u015b\u0107 z widokiem na morze w Hiszpanii z Anveran: Do\u015bwiadcz luksusowego \u017cycia nad morzem z osza\u0142amiaj\u0105cymi widokami.","robots":{"index":"index","follow":"follow","max-snippet":"max-snippet:-1","max-image-preview":"max-image-preview:large","max-video-preview":"max-video-preview:-1"},"canonical":"https:\/\/anveran.com\/pl\/nieruchomosc-z-widokiem-na-morze\/","og_locale":"pl_PL","og_type":"article","og_title":"Kup nieruchomo\u015b\u0107 z widokiem na morze w Hiszpanii - ANVERAN Real Estate","og_description":"Znajd\u017a nieruchomo\u015b\u0107 z widokiem na morze w Hiszpanii z Anveran: Do\u015bwiadcz luksusowego \u017cycia nad morzem z osza\u0142amiaj\u0105cymi widokami.","og_url":"https:\/\/anveran.com\/pl\/nieruchomosc-z-widokiem-na-morze\/","og_site_name":"ANVERAN Real Estate","article_modified_time":"2024-08-03T12:34:39+00:00","og_image":[{"width":337,"height":479,"url":"https:\/\/anveran.com\/wp-content\/uploads\/2024\/06\/4.jpg","type":"image\/jpeg"}],"twitter_card":"summary_large_image","twitter_misc":{"Szacowany czas czytania":"1 minuta"},"schema":{"@context":"https:\/\/schema.org","@graph":[{"@type":"WebPage","@id":"https:\/\/anveran.com\/pl\/nieruchomosc-z-widokiem-na-morze\/","url":"https:\/\/anveran.com\/pl\/nieruchomosc-z-widokiem-na-morze\/","name":"Kup nieruchomo\u015b\u0107 z widokiem na morze w Hiszpanii - ANVERAN Real Estate","isPartOf":{"@id":"https:\/\/anveran.com\/#website"},"primaryImageOfPage":{"@id":"https:\/\/anveran.com\/pl\/nieruchomosc-z-widokiem-na-morze\/#primaryimage"},"image":{"@id":"https:\/\/anveran.com\/pl\/nieruchomosc-z-widokiem-na-morze\/#primaryimage"},"thumbnailUrl":"https:\/\/anveran.com\/wp-content\/uploads\/2024\/06\/4.jpg","datePublished":"2024-06-07T16:37:18+00:00","dateModified":"2024-08-03T12:34:39+00:00","description":"Znajd\u017a nieruchomo\u015b\u0107 z widokiem na morze w Hiszpanii z Anveran: Do\u015bwiadcz luksusowego \u017cycia nad morzem z osza\u0142amiaj\u0105cymi widokami.","breadcrumb":{"@id":"https:\/\/anveran.com\/pl\/nieruchomosc-z-widokiem-na-morze\/#breadcrumb"},"inLanguage":"pl-PL","potentialAction":[{"@type":"ReadAction","target":["https:\/\/anveran.com\/pl\/nieruchomosc-z-widokiem-na-morze\/"]}]},{"@type":"ImageObject","inLanguage":"pl-PL","@id":"https:\/\/anveran.com\/pl\/nieruchomosc-z-widokiem-na-morze\/#primaryimage","url":"https:\/\/anveran.com\/wp-content\/uploads\/2024\/06\/4.jpg","contentUrl":"https:\/\/anveran.com\/wp-content\/uploads\/2024\/06\/4.jpg","width":337,"height":479},{"@type":"BreadcrumbList","@id":"https:\/\/anveran.com\/pl\/nieruchomosc-z-widokiem-na-morze\/#breadcrumb","itemListElement":[{"@type":"ListItem","position":1,"name":"Home","item":"https:\/\/anveran.com\/pl\/"},{"@type":"ListItem","position":2,"name":"Nieruchomo\u015b\u0107 z widokiem na morze"}]},{"@type":"WebSite","@id":"https:\/\/anveran.com\/#website","url":"https:\/\/anveran.com\/","name":"ANVERAN Real Estate","description":"","potentialAction":[{"@type":"SearchAction","target":{"@type":"EntryPoint","urlTemplate":"https:\/\/anveran.com\/?s={search_term_string}"},"query-input":"required name=search_term_string"}],"inLanguage":"pl-PL"}]}},"_links":{"self":[{"href":"https:\/\/anveran.com\/pl\/wp-json\/wp\/v2\/pages\/1123"}],"collection":[{"href":"https:\/\/anveran.com\/pl\/wp-json\/wp\/v2\/pages"}],"about":[{"href":"https:\/\/anveran.com\/pl\/wp-json\/wp\/v2\/types\/page"}],"author":[{"embeddable":true,"href":"https:\/\/anveran.com\/pl\/wp-json\/wp\/v2\/users\/1"}],"replies":[{"embeddable":true,"href":"https:\/\/anveran.com\/pl\/wp-json\/wp\/v2\/comments?post=1123"}],"version-history":[{"count":1,"href":"https:\/\/anveran.com\/pl\/wp-json\/wp\/v2\/pages\/1123\/revisions"}],"predecessor-version":[{"id":1124,"href":"https:\/\/anveran.com\/pl\/wp-json\/wp\/v2\/pages\/1123\/revisions\/1124"}],"wp:featuredmedia":[{"embeddable":true,"href":"https:\/\/anveran.com\/pl\/wp-json\/wp\/v2\/media\/1081"}],"wp:attachment":[{"href":"https:\/\/anveran.com\/pl\/wp-json\/wp\/v2\/media?parent=1123"}],"curies":[{"name":"wp","href":"https:\/\/api.w.org\/{rel}","templated":true}]}}